{"id":2616,"date":"2026-03-12T11:54:46","date_gmt":"2026-03-12T04:54:46","guid":{"rendered":"https:\/\/trarongvang.fulipage.com\/?page_id=2616"},"modified":"2026-03-12T11:54:46","modified_gmt":"2026-03-12T04:54:46","slug":"van-hoa-cong-ty","status":"publish","type":"page","link":"https:\/\/trarongvang.fulipage.com\/en\/gioi-thieu\/van-hoa-cong-ty\/","title":{"rendered":"V\u0103n h\u00f3a C\u00f4ng ty"},"content":{"rendered":"","protected":false},"excerpt":{"rendered":"","protected":false},"author":1,"featured_media":0,"parent":1045,"menu_order":0,"comment_status":"closed","ping_status":"closed","template":"","meta":{"footnotes":""},"class_list":["post-2616","page","type-page","status-publish","hentry"],"blocksy_meta":[],"_links":{"self":[{"href":"https:\/\/trarongvang.fulipage.com\/en\/wp-json\/wp\/v2\/pages\/2616","targetHints":{"allow":["GET"]}}],"collection":[{"href":"https:\/\/trarongvang.fulipage.com\/en\/wp-json\/wp\/v2\/pages"}],"about":[{"href":"https:\/\/trarongvang.fulipage.com\/en\/wp-json\/wp\/v2\/types\/page"}],"author":[{"embeddable":true,"href":"https:\/\/trarongvang.fulipage.com\/en\/wp-json\/wp\/v2\/users\/1"}],"replies":[{"embeddable":true,"href":"https:\/\/trarongvang.fulipage.com\/en\/wp-json\/wp\/v2\/comments?post=2616"}],"version-history":[{"count":1,"href":"https:\/\/trarongvang.fulipage.com\/en\/wp-json\/wp\/v2\/pages\/2616\/revisions"}],"predecessor-version":[{"id":2617,"href":"https:\/\/trarongvang.fulipage.com\/en\/wp-json\/wp\/v2\/pages\/2616\/revisions\/2617"}],"up":[{"embeddable":true,"href":"https:\/\/trarongvang.fulipage.com\/en\/wp-json\/wp\/v2\/pages\/1045"}],"wp:attachment":[{"href":"https:\/\/trarongvang.fulipage.com\/en\/wp-json\/wp\/v2\/media?parent=2616"}],"curies":[{"name":"wp","href":"https:\/\/api.w.org\/{rel}","templated":true}]}}