{"id":11042,"date":"2026-04-13T15:01:59","date_gmt":"2026-04-13T08:01:59","guid":{"rendered":"https:\/\/trarongvang.fulipage.com\/san-pham\/huong-phu-ngoa-dinh\/"},"modified":"2026-04-13T15:01:59","modified_gmt":"2026-04-13T08:01:59","slug":"huong-phu-ngoa-dinh","status":"publish","type":"product","link":"https:\/\/trarongvang.fulipage.com\/en\/product\/huong-phu-ngoa-dinh\/","title":{"rendered":"H\u01af\u01a0NG PH\u00d9 NG\u00d5A \u0110\u1ec8NH"},"content":{"rendered":"<p>H\u01b0\u01a1ng Ph\u00f9 Ng\u00f5a \u0110\u1ec9nh, c\u00e1i t\u00ean \u0111\u1ed9c \u0111\u00e1o v\u1edbi \u00fd ngh\u0129a l\u00e0 h\u01b0\u01a1ng th\u01a1m bay xa, b\u1ed1c l\u00ean t\u1eeb \u0111\u1ec9nh s\u00e0nh, \u0111\u00e2y l\u00e0 m\u1ed9t trong nh\u1eefng lo\u1ea1i Tr\u00e0 xanh tinh t\u00fay c\u1ee7a \u0110\u00f4i D\u00e9p.<\/p>\n<p>V\u1edbi m\u00e0u xanh v\u00e0ng \u00f3ng \u00e1nh, n\u01b0\u1edbc Tr\u00e0 H\u01b0\u01a1ng Ph\u00f9 Ng\u00f5a \u0110\u1ec9nh g\u1ee3i nh\u1edb \u0111\u1ebfn h\u00ecnh \u1ea3nh c\u1ee7a bu\u1ed5i s\u1edbm mai trong l\u00e0nh, khi h\u01b0\u01a1ng th\u01a1m c\u1ee7a hoa lan v\u00e0 c\u1ecf c\u00e2y lan t\u1ecfa kh\u1eafp kh\u00f4ng gian. H\u00f2a quy\u1ec7n v\u1edbi m\u00f9i ng\u1ecdt s\u1eefa v\u00e0 h\u01b0\u01a1ng c\u1ee7a tr\u00e1i c\u00e2y t\u01b0\u01a1i m\u1edbi, H\u01b0\u01a1ng Ph\u00f9 Ng\u00f5a \u0110\u1ec9nh mang l\u1ea1i c\u1ea3m gi\u00e1c th\u01b0 th\u00e1i v\u00e0 d\u1ec5 ch\u1ecbu ngay t\u1eeb nh\u1eefng ng\u1ee5m \u0111\u1ea7u ti\u00ean.<\/p>\n<p>V\u1ecb tr\u00f2n \u0111\u1ea7y, ng\u1ecdt ng\u00e0o pha ch\u00fat \u0111\u1eafng ch\u00e1t nh\u1eb9, t\u1ea1o n\u00ean m\u1ed9t c\u1ea3m gi\u00e1c h\u00e0i h\u00f2a v\u00e0 \u0111\u1ed9c \u0111\u00e1o cho kh\u1ea9u v\u1ecb c\u1ee7a ng\u01b0\u1eddi th\u01b0\u1edfng Tr\u00e0. H\u01b0\u01a1ng Ph\u00f9 Ng\u00f5a \u0110\u1ec9nh kh\u00f4ng ch\u1ec9 l\u00e0 m\u1ed9t lo\u1ea1i Tr\u00e0 m\u00e0 c\u00f2n l\u00e0 m\u1ed9t h\u00e0nh tr\u00ecnh kh\u00e1m ph\u00e1 v\u1ebb \u0111\u1eb9p v\u00e0 s\u1ee9c s\u1ed1ng c\u1ee7a thi\u00ean nhi\u00ean, \u0111em \u0111\u1ebfn cho ng\u01b0\u1eddi th\u01b0\u1edfng th\u1ee9c nh\u1eefng gi\u00e2y ph\u00fat th\u01b0 gi\u00e3n v\u00e0 th\u0103ng hoa.<\/p>\n<p>TH\u00c0NH PH\u1ea6N:<\/p>\n<p>\u2013 Tr\u00e0 Oolong 100%<\/p>\n<p>H\u01af\u1edaNG D\u1eaaN S\u1eec D\u1ee4NG:<br \/>\n\u2013 Tr\u00e1ng \u1ea5m Tr\u00e0 v\u00e0 ch\u00e9n b\u1eb1ng n\u01b0\u1edbc s\u00f4i.<br \/>\n\u2013 Cho 7gr v\u00e0o \u1ea5m Tr\u00e0. Ch\u1ebf m\u1ed9t \u00edt n\u01b0\u1edbc s\u00f4i v\u00e0o, \u0111\u1ee3i v\u00e0i gi\u00e2y r\u1ed3i r\u00f3t b\u1ecf (g\u1ecdi l\u00e0 \u0111\u00e1nh th\u1ee9c Tr\u00e0).<br \/>\n\u2013 \u0110\u1ed5 200ml n\u01b0\u1edbc s\u00f4i v\u00e0o \u1ea5m Tr\u00e0. H\u00e3m Tr\u00e0 t\u1eeb 50 gi\u00e2y \u0111\u1ebfn 1 ph\u00fat 10 gi\u00e2y (nhi\u1ec7t \u0111\u1ed9 n\u01b0\u1edbc 95 \u2013 98 \u0111\u1ed9 C).<br \/>\n\u2013 Tr\u00e0 c\u00f3 th\u1ec3 pha 5 l\u1ea7n n\u01b0\u1edbc v\u1eabn gi\u1eef \u0111\u01b0\u1ee3c h\u01b0\u01a1ng v\u1ecb.<\/p>","protected":false},"excerpt":{"rendered":"<p>H\u01b0\u01a1ng Ph\u00f9 Ng\u00f5a \u0110\u1ec9nh, v\u1edbi \u00fd ngh\u0129a l\u00e0 h\u01b0\u01a1ng th\u01a1m b\u1ed1c l\u00ean t\u1eeb \u0111\u1ec9nh s\u00e0nh, l\u00e0 m\u1ed9t trong nh\u1eefng lo\u1ea1i tr\u00e0 xanh tinh t\u00fay c\u1ee7a \u0110\u00f4i D\u00e9p. Tr\u00e0 mang h\u01b0\u01a1ng th\u01a1m c\u1ee7a hoa, ng\u1ecdt s\u1eefa h\u00f2a c\u00f9ng h\u01b0\u01a1ng c\u1ee7a c\u1ecf c\u00e2y k\u1ebft h\u1ee3p v\u1edbi h\u01b0\u01a1ng c\u1ee7a tr\u00e1i c\u00e2y t\u01b0\u01a1i m\u1edbi. N\u01b0\u1edbc tr\u00e0 m\u00e0u xanh v\u00e0ng \u00f3ng \u00e1nh; v\u1ecb tr\u00f2n \u0111\u1ea7y, ng\u1ecdt ng\u00e0o pha ch\u00fat \u0111\u1eafng ch\u00e1t nh\u1eb9, \u0111em \u0111\u1ebfn cho ng\u01b0\u1eddi th\u01b0\u1edfng tr\u00e0 m\u1ed9t tr\u1ea3i nghi\u1ec7m tinh t\u1ebf v\u00e0 s\u00e2u l\u1eafng.<\/p>","protected":false},"featured_media":0,"comment_status":"open","ping_status":"closed","template":"","meta":[],"product_brand":[],"product_cat":[1679],"product_tag":[],"class_list":{"0":"post-11042","1":"product","2":"type-product","3":"status-publish","5":"product_cat-tra-cao-cap-tra-2","7":"first","8":"instock","9":"shipping-taxable","10":"purchasable","11":"product-type-simple"},"_links":{"self":[{"href":"https:\/\/trarongvang.fulipage.com\/en\/wp-json\/wp\/v2\/product\/11042","targetHints":{"allow":["GET"]}}],"collection":[{"href":"https:\/\/trarongvang.fulipage.com\/en\/wp-json\/wp\/v2\/product"}],"about":[{"href":"https:\/\/trarongvang.fulipage.com\/en\/wp-json\/wp\/v2\/types\/product"}],"replies":[{"embeddable":true,"href":"https:\/\/trarongvang.fulipage.com\/en\/wp-json\/wp\/v2\/comments?post=11042"}],"wp:attachment":[{"href":"https:\/\/trarongvang.fulipage.com\/en\/wp-json\/wp\/v2\/media?parent=11042"}],"wp:term":[{"taxonomy":"product_brand","embeddable":true,"href":"https:\/\/trarongvang.fulipage.com\/en\/wp-json\/wp\/v2\/product_brand?post=11042"},{"taxonomy":"product_cat","embeddable":true,"href":"https:\/\/trarongvang.fulipage.com\/en\/wp-json\/wp\/v2\/product_cat?post=11042"},{"taxonomy":"product_tag","embeddable":true,"href":"https:\/\/trarongvang.fulipage.com\/en\/wp-json\/wp\/v2\/product_tag?post=11042"}],"curies":[{"name":"wp","href":"https:\/\/api.w.org\/{rel}","templated":true}]}}