{"id":11043,"date":"2026-04-13T15:01:59","date_gmt":"2026-04-13T08:01:59","guid":{"rendered":"https:\/\/trarongvang.fulipage.com\/san-pham\/bich-thuy-hoan-nguyen\/"},"modified":"2026-04-13T15:01:59","modified_gmt":"2026-04-13T08:01:59","slug":"bich-thuy-hoan-nguyen","status":"publish","type":"product","link":"https:\/\/trarongvang.fulipage.com\/en\/product\/bich-thuy-hoan-nguyen\/","title":{"rendered":"B\u00cdCH TH\u1ee6Y HO\u00c0N NGUY\u00caN"},"content":{"rendered":"<p>B\u00edch Thu\u1ef7 Ho\u00e0n Nguy\u00ean l\u00e0 m\u1ed9t lo\u1ea1i Tr\u00e0 Oolong thu\u1ed9c lo\u1ea1i Tr\u00e0 xanh t\u1eeb \u0110\u00f4i D\u00e9p, v\u1edbi m\u1ed9t lo\u1ea1t c\u00e1c \u0111\u1eb7c \u0111i\u1ec3m v\u00e0 h\u01b0\u01a1ng v\u1ecb phong ph\u00fa, \u0111em l\u1ea1i tr\u1ea3i nghi\u1ec7m th\u01b0\u1edfng Tr\u00e0 tuy\u1ec7t v\u1eddi cho nh\u1eefng t\u00e2m h\u1ed3n y\u00eau Tr\u00e0.<br \/>\nT\u00ean g\u1ecdi B\u00edch Thu\u1ef7 Ho\u00e0n Nguy\u00ean v\u1edbi \u00fd ngh\u0129a l\u00e0 m\u00e0u n\u01b0\u1edbc xanh nh\u01b0 ng\u1ecdc b\u00edch, m\u00e0u l\u00e1 Tr\u00e0 sau khi pha s\u1ebd tr\u1edf l\u1ea1i m\u00e0u xanh ban \u0111\u1ea7u c\u1ee7a l\u00e1 Tr\u00e0.<\/p>\n<p>V\u1edbi h\u01b0\u01a1ng th\u01a1m m\u1ea1nh m\u1ebd c\u1ee7a hoa k\u1ebft h\u1ee3p v\u1edbi m\u00f9i h\u01b0\u01a1ng c\u1ee7a c\u1ecf c\u00e2y h\u00f2a c\u00f9ng h\u01b0\u01a1ng c\u1ee7a tr\u00e1i c\u00e2y t\u01b0\u01a1i, t\u1ea1o n\u00ean m\u1ed9t h\u01b0\u01a1ng v\u1ecb \u0111\u1ed9c \u0111\u00e1o, l\u00e0m cho m\u1ed7i gi\u1ecdt Tr\u00e0 B\u00edch Thu\u1ef7 Ho\u00e0n Nguy\u00ean tr\u1edf n\u00ean \u0111\u1eb7c s\u1eafc h\u01a1n bao gi\u1edd h\u1ebft.<\/p>\n<p>N\u01b0\u1edbc Tr\u00e0 c\u00f3 m\u00e0u xanh v\u00e0ng, v\u1ecb ng\u1ecdt t\u1ef1 nhi\u00ean n\u1ed5i b\u1eadt, m\u1ec1m m\u1ea1i tr\u00ean \u0111\u1ea7u l\u01b0\u1ee1i, k\u1ebft h\u1ee3p v\u1edbi h\u1eadu v\u1ecb \u0111\u1eafng ch\u00e1t nh\u1eb9 nh\u00e0ng v\u00e0 d\u01b0 v\u1ecb \u0111\u1eadm \u0111\u00e0, t\u1ea1o n\u00ean m\u1ed9t c\u1ea3m gi\u00e1c tr\u00f2n \u0111\u1ea7y, s\u00e2u l\u1eafng v\u00e0 \u0111\u1ea7y m\u00ea ho\u1eb7c.<\/p>\n<p>TH\u00c0NH PH\u1ea6N:<\/p>\n<p>\u2013 Tr\u00e0 Oolong 100%.<\/p>\n<p>H\u01af\u1edaNG D\u1eaaN S\u1eec D\u1ee4NG:<\/p>\n<p>\u2013 Tr\u00e1ng \u1ea5m Tr\u00e0 v\u00e0 ch\u00e9n b\u1eb1ng n\u01b0\u1edbc s\u00f4i.<br \/>\n\u2013 Cho 7gr v\u00e0o \u1ea5m Tr\u00e0. Ch\u1ebf m\u1ed9t \u00edt n\u01b0\u1edbc s\u00f4i v\u00e0o, \u0111\u1ee3i v\u00e0i gi\u00e2y r\u1ed3i r\u00f3t b\u1ecf (g\u1ecdi l\u00e0 \u0111\u00e1nh th\u1ee9c Tr\u00e0).<br \/>\n\u2013 \u0110\u1ed5 200ml n\u01b0\u1edbc s\u00f4i v\u00e0o \u1ea5m Tr\u00e0. H\u00e3m Tr\u00e0 t\u1eeb 1 ph\u00fat \u0111\u1ebfn 1 ph\u00fat 10 gi\u00e2y (nhi\u1ec7t \u0111\u1ed9 n\u01b0\u1edbc 95 \u2013 98 \u0111\u1ed9 C).<br \/>\n\u2013 Tr\u00e0 c\u00f3 th\u1ec3 pha 5 l\u1ea7n n\u01b0\u1edbc v\u1eabn gi\u1eef \u0111\u01b0\u1ee3c h\u01b0\u01a1ng v\u1ecb.<\/p>","protected":false},"excerpt":{"rendered":"<p>B\u00edch Th\u1ee7y Ho\u00e0n Nguy\u00ean l\u00e0 m\u1ed9t lo\u1ea1i Tr\u00e0 Oolong thu\u1ed9c lo\u1ea1i tr\u00e0 xanh t\u1eeb \u0110\u00f4i D\u00e9p. T\u00ean g\u1ecdi B\u00edch Thu\u1ef7 Ho\u00e0n Nguy\u00ean v\u1edbi \u00fd ngh\u0129a l\u00e0 m\u00e0u n\u01b0\u1edbc xanh nh\u01b0 ng\u1ecdc b\u00edch th\u1ec3 hi\u1ec7n s\u1ef1 \u0111\u1eb9p m\u1eaft c\u1ee7a tr\u00e0. H\u01b0\u01a1ng th\u01a1m c\u1ee7a B\u00edch Th\u1ee7y Ho\u00e0n Nguy\u00ean v\u00f4 c\u00f9ng phong ph\u00fa, k\u1ebft h\u1ee3p h\u00e0i h\u00f2a gi\u1eefa h\u01b0\u01a1ng hoa r\u1ea5t m\u1ea1nh v\u00e0 h\u01b0\u01a1ng c\u1ee7a c\u1ecf c\u00e2y t\u1ef1 nhi\u00ean. \u0110i\u1ec1u \u0111\u1eb7c bi\u1ec7t l\u00e0 v\u1ecb ng\u1ecdt t\u1ef1 nhi\u00ean c\u1ee7a tr\u00e0 k\u00e8m theo h\u1eadu v\u1ecb \u0111\u1eafng ch\u00e1t nh\u1eb9 v\u00e0 d\u01b0 v\u1ecb \u0111\u1eadm \u0111\u00e0, mang l\u1ea1i m\u1ed9t tr\u1ea3i nghi\u1ec7m th\u01b0\u1edfng tr\u00e0 \u0111\u1ed9c \u0111\u00e1o v\u00e0 \u0111\u1ea7y h\u1ea5p d\u1eabn.<\/p>","protected":false},"featured_media":0,"comment_status":"open","ping_status":"closed","template":"","meta":[],"product_brand":[],"product_cat":[1679],"product_tag":[],"class_list":{"0":"post-11043","1":"product","2":"type-product","3":"status-publish","5":"product_cat-tra-cao-cap-tra-2","7":"first","8":"instock","9":"shipping-taxable","10":"purchasable","11":"product-type-simple"},"_links":{"self":[{"href":"https:\/\/trarongvang.fulipage.com\/en\/wp-json\/wp\/v2\/product\/11043","targetHints":{"allow":["GET"]}}],"collection":[{"href":"https:\/\/trarongvang.fulipage.com\/en\/wp-json\/wp\/v2\/product"}],"about":[{"href":"https:\/\/trarongvang.fulipage.com\/en\/wp-json\/wp\/v2\/types\/product"}],"replies":[{"embeddable":true,"href":"https:\/\/trarongvang.fulipage.com\/en\/wp-json\/wp\/v2\/comments?post=11043"}],"wp:attachment":[{"href":"https:\/\/trarongvang.fulipage.com\/en\/wp-json\/wp\/v2\/media?parent=11043"}],"wp:term":[{"taxonomy":"product_brand","embeddable":true,"href":"https:\/\/trarongvang.fulipage.com\/en\/wp-json\/wp\/v2\/product_brand?post=11043"},{"taxonomy":"product_cat","embeddable":true,"href":"https:\/\/trarongvang.fulipage.com\/en\/wp-json\/wp\/v2\/product_cat?post=11043"},{"taxonomy":"product_tag","embeddable":true,"href":"https:\/\/trarongvang.fulipage.com\/en\/wp-json\/wp\/v2\/product_tag?post=11043"}],"curies":[{"name":"wp","href":"https:\/\/api.w.org\/{rel}","templated":true}]}}