{"id":11133,"date":"2026-04-18T15:25:06","date_gmt":"2026-04-18T08:25:06","guid":{"rendered":"https:\/\/trarongvang.fulipage.com\/san-pham\/tam-thanh-my-nhan\/"},"modified":"2026-04-18T15:25:06","modified_gmt":"2026-04-18T08:25:06","slug":"tam-thanh-my-nhan","status":"publish","type":"product","link":"https:\/\/trarongvang.fulipage.com\/en\/product\/tam-thanh-my-nhan\/","title":{"rendered":"T\u00c2M THANH M\u1ef8 NH\u00c2N"},"content":{"rendered":"<p>T\u00e2m Thanh M\u1ef9 Nh\u00e2n \u2013 m\u1ed9t trong nh\u1eefng lo\u1ea1i h\u1ed3ng Tr\u00e0 \u0111\u1eb7c bi\u1ec7t c\u1ee7a \u0110\u00f4i D\u00e9p. T\u00ean g\u1ecdi \u201cT\u00e2m Thanh M\u1ef9 Nh\u00e2n\u201d mang trong \u0111\u00f3 \u00fd ngh\u0129a c\u1ee7a m\u1ed9t c\u00f4 g\u00e1i xinh \u0111\u1eb9p v\u1edbi t\u00e2m h\u1ed3n thanh cao v\u00e0 trong s\u00e1ng, v\u00e0 lo\u1ea1i Tr\u00e0 n\u00e0y c\u0169ng ch\u00ednh l\u00e0 s\u1ef1 ph\u1ea3n \u00e1nh c\u1ee7a \u0111i\u1ec1u \u0111\u00f3.<br \/>\nKhi th\u01b0\u1edfng th\u1ee9c T\u00e2m Thanh M\u1ef9 Nh\u00e2n, ng\u01b0\u1eddi th\u01b0\u1edfng th\u1ee9c s\u1ebd \u0111\u01b0\u1ee3c ch\u00ecm \u0111\u1eafm trong m\u1ed9t kh\u00f4ng gian h\u01b0\u01a1ng th\u01a1m thanh m\u00e1t, nh\u1eb9 nh\u00e0ng, \u0111\u1eb7c tr\u01b0ng c\u1ee7a m\u00f9i tr\u00e1i c\u00e2y ch\u00edn m\u1ecdng v\u00e0 m\u00f9i kh\u00f3i thu\u1ed1c tho\u00e1ng qua.<\/p>\n<p>M\u00e0u \u0111\u1ecf v\u00e0ng r\u1ef1c r\u1ee1 c\u1ee7a n\u01b0\u1edbc Tr\u00e0 kh\u00f4ng ch\u1ec9 l\u00e0m cho t\u00e1ch Tr\u00e0 tr\u1edf n\u00ean b\u1eaft m\u1eaft m\u00e0 c\u00f2n l\u00e0m cho m\u1ed7i ng\u1ee5m Tr\u00e0 tr\u1edf n\u00ean th\u00eam ph\u1ea7n h\u1ea5p d\u1eabn v\u00e0 l\u00f4i cu\u1ed1n. V\u1ecb ng\u1ecdt n\u1ed5i b\u1eadt, d\u01b0 v\u1ecb \u0111\u1eadm \u0111\u00e0 c\u1ee7a Tr\u00e0 T\u00e2m Thanh M\u1ef9 Nh\u00e2n kh\u00f4ng ch\u1ec9 l\u00e0m say \u0111\u1eafm l\u00f2ng ng\u01b0\u1eddi th\u01b0\u1edfng Tr\u00e0 m\u00e0 c\u00f2n mang l\u1ea1i c\u1ea3m gi\u00e1c \u1ea5m \u00e1p v\u00e0 th\u01b0 th\u00e1i.<\/p>\n<p>\u0110\u00e2y kh\u00f4ng ch\u1ec9 l\u00e0 m\u1ed9t lo\u1ea1i Tr\u00e0 m\u00e0 c\u00f2n l\u00e0 m\u1ed9t tr\u1ea3i nghi\u1ec7m tinh t\u1ebf, m\u1ed9t h\u00e0nh tr\u00ecnh kh\u00e1m ph\u00e1 v\u1ec1 v\u1ebb \u0111\u1eb9p v\u00e0 s\u1ef1 thanh tao c\u1ee7a t\u00e2m h\u1ed3n. T\u00e2m Thanh M\u1ef9 Nh\u00e2n \u2013 n\u01a1i k\u1ebft n\u1ed1i con ng\u01b0\u1eddi v\u1edbi thi\u00ean nhi\u00ean, n\u00e2ng cao tinh th\u1ea7n v\u00e0 l\u00e0m \u0111\u1eb9p cho t\u00e2m h\u1ed3n.<\/p>\n<p>Tr\u00e0 \u0111\u1ea1o, Tr\u00e0 m\u1ef9, Tr\u00e0 nh\u00e2n<\/p>\n<p>Tr\u00e0 h\u00f2a H\u1ed3n Vi\u1ec7t \u01b0\u01a1m m\u1ea7m thanh t\u00e2m<\/p>\n<p>TH\u00c0NH PH\u1ea6N:<\/p>\n<p>\u2013 Tr\u00e0 Oolong 100%<\/p>\n<p>H\u01af\u1edaNG D\u1eaaN S\u1eec D\u1ee4NG:<\/p>\n<p>\u2013 Tr\u00e1ng \u1ea5m Tr\u00e0 v\u00e0 ch\u00e9n b\u1eb1ng n\u01b0\u1edbc s\u00f4i.<br \/>\n\u2013 Cho 7gr v\u00e0o \u1ea5m Tr\u00e0. Ch\u1ebf m\u1ed9t \u00edt n\u01b0\u1edbc s\u00f4i v\u00e0o, \u0111\u1ee3i v\u00e0i gi\u00e2y r\u1ed3i r\u00f3t b\u1ecf (g\u1ecdi l\u00e0 \u0111\u00e1nh th\u1ee9c Tr\u00e0).<br \/>\n\u2013 \u0110\u1ed5 200ml n\u01b0\u1edbc s\u00f4i v\u00e0o \u1ea5m Tr\u00e0. H\u00e3m Tr\u00e0 t\u1eeb 50 gi\u00e2y \u0111\u1ebfn 1 ph\u00fat (nhi\u1ec7t \u0111\u1ed9 n\u01b0\u1edbc 90 \u2013 95 \u0111\u1ed9 C).<br \/>\n\u2013 Tr\u00e0 c\u00f3 th\u1ec3 pha 5 l\u1ea7n n\u01b0\u1edbc v\u1eabn gi\u1eef \u0111\u01b0\u1ee3c h\u01b0\u01a1ng v\u1ecb.<\/p>","protected":false},"excerpt":{"rendered":"<p>T\u00e2m Thanh M\u1ef9 Nh\u00e2n c\u00e1i t\u00ean v\u1edbi \u00fd ngh\u0129a l\u00e0 m\u1ed9t c\u00f4 g\u00e1i \u0111\u1eb9p c\u00f3 t\u00e2m h\u1ed3n trong s\u00e1ng, thu\u1ed9c lo\u1ea1i h\u1ed3ng Tr\u00e0 \u0111\u1eb7c bi\u1ec7t t\u1eeb \u0110\u00f4i D\u00e9p. V\u1edbi m\u00e0u \u0111\u1ecf v\u00e0ng r\u1ef1c r\u1ee1, n\u01b0\u1edbc Tr\u00e0 T\u00e2m Thanh M\u1ef9 Nh\u00e2n kh\u00f4ng ch\u1ec9 thu h\u00fat v\u1ec1 m\u00e0u s\u1eafc m\u00e0 c\u00f2n g\u1ee3i l\u00ean h\u00ecnh \u1ea3nh c\u1ee7a s\u1ef1 t\u01b0\u01a1i m\u1edbi v\u00e0 s\u1ee9c s\u1ed1ng. H\u01b0\u01a1ng th\u01a1m thanh m\u00e1t, nh\u1eb9 nh\u00e0ng t\u1eeb m\u00f9i tr\u00e1i c\u00e2y ch\u00edn m\u1ecdng v\u00e0 m\u00f9i kh\u00f3i thu\u1ed1c l\u00e1 tho\u00e1ng qua, khi\u1ebfn m\u1ed7i gi\u1ecdt Tr\u00e0 tr\u1edf n\u00ean \u0111\u1eb7c bi\u1ec7t v\u00e0 l\u00f4i cu\u1ed1n.<\/p>","protected":false},"featured_media":11060,"comment_status":"open","ping_status":"closed","template":"","meta":[],"product_brand":[],"product_cat":[1679],"product_tag":[],"class_list":{"0":"post-11133","1":"product","2":"type-product","3":"status-publish","4":"has-post-thumbnail","6":"product_cat-tra-cao-cap-tra-2","8":"first","9":"instock","10":"shipping-taxable","11":"purchasable","12":"product-type-simple"},"_links":{"self":[{"href":"https:\/\/trarongvang.fulipage.com\/en\/wp-json\/wp\/v2\/product\/11133","targetHints":{"allow":["GET"]}}],"collection":[{"href":"https:\/\/trarongvang.fulipage.com\/en\/wp-json\/wp\/v2\/product"}],"about":[{"href":"https:\/\/trarongvang.fulipage.com\/en\/wp-json\/wp\/v2\/types\/product"}],"replies":[{"embeddable":true,"href":"https:\/\/trarongvang.fulipage.com\/en\/wp-json\/wp\/v2\/comments?post=11133"}],"wp:featuredmedia":[{"embeddable":true,"href":"https:\/\/trarongvang.fulipage.com\/en\/wp-json\/wp\/v2\/media\/11060"}],"wp:attachment":[{"href":"https:\/\/trarongvang.fulipage.com\/en\/wp-json\/wp\/v2\/media?parent=11133"}],"wp:term":[{"taxonomy":"product_brand","embeddable":true,"href":"https:\/\/trarongvang.fulipage.com\/en\/wp-json\/wp\/v2\/product_brand?post=11133"},{"taxonomy":"product_cat","embeddable":true,"href":"https:\/\/trarongvang.fulipage.com\/en\/wp-json\/wp\/v2\/product_cat?post=11133"},{"taxonomy":"product_tag","embeddable":true,"href":"https:\/\/trarongvang.fulipage.com\/en\/wp-json\/wp\/v2\/product_tag?post=11133"}],"curies":[{"name":"wp","href":"https:\/\/api.w.org\/{rel}","templated":true}]}}