{"id":11134,"date":"2026-04-18T15:25:06","date_gmt":"2026-04-18T08:25:06","guid":{"rendered":"https:\/\/trarongvang.fulipage.com\/san-pham\/ngoc-trac-tra\/"},"modified":"2026-04-18T15:25:06","modified_gmt":"2026-04-18T08:25:06","slug":"ngoc-trac-tra","status":"publish","type":"product","link":"https:\/\/trarongvang.fulipage.com\/en\/product\/ngoc-trac-tra\/","title":{"rendered":"NG\u1eccC TR\u00c1C TR\u00c0"},"content":{"rendered":"<p>Ng\u1ecdc Tr\u00e1c Tr\u00e0 l\u00e0 m\u1ed9t lo\u1ea1i Tr\u00e0 Oolong thu\u1ed9c d\u00f2ng ho\u00e0ng Tr\u00e0 cao c\u1ea5p t\u1eeb \u0110\u00f4i D\u00e9p. T\u00ean g\u1ecdi Ng\u1ecdc Tr\u00e1c Tr\u00e0 c\u00f3 ngh\u0129a l\u00e0 vi\u00ean ng\u1ecdc th\u00f4 \u0111\u01b0\u1ee3c m\u00e0i gi\u0169a, bi\u1ec3u tr\u01b0ng cho s\u1ef1 qu\u00fd ph\u00e1i v\u00e0 tao nh\u00e3 trong ngh\u1ec7 thu\u1eadt th\u01b0\u1edfng Tr\u00e0 truy\u1ec1n th\u1ed1ng c\u1ee7a ng\u01b0\u1eddi \u0110\u00f4ng \u00c1.<br \/>\n\u0110\u01b0\u1ee3c ch\u1ebf bi\u1ebfn t\u1eeb nh\u1eefng l\u00e1 Tr\u00e0 Oolong nguy\u00ean ch\u1ea5t, Ng\u1ecdc Tr\u00e1c Tr\u00e0 mang \u0111\u1ebfn h\u01b0\u01a1ng v\u1ecb \u0111\u1eb7c bi\u1ec7t v\u00e0 \u0111\u1ea7y cu\u1ed1n h\u00fat. N\u01b0\u1edbc Tr\u00e0 c\u00f3 m\u00e0u v\u00e0ng \u00f3ng \u00e1nh t\u1ef1 nhi\u00ean, nh\u01b0 l\u00e0n \u00e1nh s\u00e1ng m\u1eb7t tr\u1eddi chi\u1ebfu r\u1ecdi xu\u1ed1ng vi\u00ean ng\u1ecdc qu\u00fd.<\/p>\n<p>V\u1ecb ng\u1ecdt ng\u00e0o, \u0111\u1eadm \u0111\u00e0 c\u1ee7a Tr\u00e0 k\u1ebft h\u1ee3p v\u1edbi h\u01b0\u01a1ng s\u1eefa n\u1ed5i b\u1eadt, t\u1ea1o n\u00ean m\u1ed9t h\u00f2a quy\u1ec7n tuy\u1ec7t v\u1eddi, khi\u1ebfn cho m\u1ed7i ng\u1ee5m Tr\u00e0 tr\u1edf n\u00ean l\u00f4i cu\u1ed1n. Ng\u1ecdc Tr\u00e1c Tr\u00e0 l\u00e0 l\u1ef1a ch\u1ecdn l\u00fd t\u01b0\u1edfng cho nh\u1eefng ng\u01b0\u1eddi \u0111am m\u00ea Tr\u00e0 cao c\u1ea5p.<\/p>\n<p>TH\u00c0NH PH\u1ea6N:<\/p>\n<p>\u2013 Tr\u00e0 Oolong 100%.<\/p>\n<p>H\u01af\u1edaNG D\u1eaaN S\u1eec D\u1ee4NG:<\/p>\n<p>\u2013 Tr\u00e1ng \u1ea5m Tr\u00e0 v\u00e0 ch\u00e9n b\u1eb1ng n\u01b0\u1edbc s\u00f4i.<br \/>\n\u2013 Cho 8gr v\u00e0o \u1ea5m Tr\u00e0. Ch\u1ebf m\u1ed9t \u00edt n\u01b0\u1edbc s\u00f4i v\u00e0o, \u0111\u1ee3i v\u00e0i gi\u00e2y r\u1ed3i r\u00f3t b\u1ecf (g\u1ecdi l\u00e0 \u0111\u00e1nh th\u1ee9c Tr\u00e0).<br \/>\n\u2013 \u0110\u1ed5 200ml n\u01b0\u1edbc s\u00f4i v\u00e0o \u1ea5m Tr\u00e0. H\u00e3m Tr\u00e0 t\u1eeb 1 ph\u00fat 30 gi\u00e2y \u0111\u1ebfn 2 ph\u00fat nhi\u1ec7t \u0111\u1ed9 n\u01b0\u1edbc 98 \u2013 100 \u0111\u1ed9 C).<br \/>\n\u2013 Tr\u00e0 c\u00f3 th\u1ec3 pha 5 l\u1ea7n n\u01b0\u1edbc v\u1eabn gi\u1eef \u0111\u01b0\u1ee3c h\u01b0\u01a1ng v\u1ecb.<\/p>","protected":false},"excerpt":{"rendered":"<p>Ng\u1ecdc Tr\u00e1c Tr\u00e0 l\u00e0 m\u1ed9t lo\u1ea1i Tr\u00e0 Oolong thu\u1ed9c d\u00f2ng ho\u00e0ng Tr\u00e0 cao c\u1ea5p t\u1eeb \u0110\u00f4i D\u00e9p. T\u00ean g\u1ecdi Ng\u1ecdc Tr\u00e1c Tr\u00e0 c\u00f3 ngh\u0129a l\u00e0 vi\u00ean ng\u1ecdc th\u00f4 \u0111\u01b0\u1ee3c m\u00e0i gi\u0169a, bi\u1ec3u tr\u01b0ng cho s\u1ef1 qu\u00fd ph\u00e1i v\u00e0 tao nh\u00e3 trong ngh\u1ec7 thu\u1eadt th\u01b0\u1edfng Tr\u00e0. N\u01b0\u1edbc Tr\u00e0 c\u00f3 m\u00e0u v\u00e0ng \u00f3ng \u00e1nh, v\u1ecb ng\u1ecdt ng\u00e0o, \u0111\u1eadm \u0111\u00e0 c\u1ee7a Tr\u00e0 k\u1ebft h\u1ee3p v\u1edbi h\u01b0\u01a1ng s\u1eefa n\u1ed5i b\u1eadt, khi\u1ebfn cho m\u1ed7i ng\u1ee5m Tr\u00e0 tr\u1edf n\u00ean \u0111\u1eb7c bi\u1ec7t v\u00e0 l\u00f4i cu\u1ed1n.<\/p>","protected":false},"featured_media":11055,"comment_status":"open","ping_status":"closed","template":"","meta":[],"product_brand":[],"product_cat":[1679],"product_tag":[],"class_list":{"0":"post-11134","1":"product","2":"type-product","3":"status-publish","4":"has-post-thumbnail","6":"product_cat-tra-cao-cap-tra-2","8":"first","9":"instock","10":"shipping-taxable","11":"purchasable","12":"product-type-simple"},"_links":{"self":[{"href":"https:\/\/trarongvang.fulipage.com\/en\/wp-json\/wp\/v2\/product\/11134","targetHints":{"allow":["GET"]}}],"collection":[{"href":"https:\/\/trarongvang.fulipage.com\/en\/wp-json\/wp\/v2\/product"}],"about":[{"href":"https:\/\/trarongvang.fulipage.com\/en\/wp-json\/wp\/v2\/types\/product"}],"replies":[{"embeddable":true,"href":"https:\/\/trarongvang.fulipage.com\/en\/wp-json\/wp\/v2\/comments?post=11134"}],"wp:featuredmedia":[{"embeddable":true,"href":"https:\/\/trarongvang.fulipage.com\/en\/wp-json\/wp\/v2\/media\/11055"}],"wp:attachment":[{"href":"https:\/\/trarongvang.fulipage.com\/en\/wp-json\/wp\/v2\/media?parent=11134"}],"wp:term":[{"taxonomy":"product_brand","embeddable":true,"href":"https:\/\/trarongvang.fulipage.com\/en\/wp-json\/wp\/v2\/product_brand?post=11134"},{"taxonomy":"product_cat","embeddable":true,"href":"https:\/\/trarongvang.fulipage.com\/en\/wp-json\/wp\/v2\/product_cat?post=11134"},{"taxonomy":"product_tag","embeddable":true,"href":"https:\/\/trarongvang.fulipage.com\/en\/wp-json\/wp\/v2\/product_tag?post=11134"}],"curies":[{"name":"wp","href":"https:\/\/api.w.org\/{rel}","templated":true}]}}