{"id":11135,"date":"2026-04-18T15:25:07","date_gmt":"2026-04-18T08:25:07","guid":{"rendered":"https:\/\/trarongvang.fulipage.com\/san-pham\/hoang-ty-nhat-minh\/"},"modified":"2026-04-18T15:25:07","modified_gmt":"2026-04-18T08:25:07","slug":"hoang-ty-nhat-minh","status":"publish","type":"product","link":"https:\/\/trarongvang.fulipage.com\/en\/product\/hoang-ty-nhat-minh\/","title":{"rendered":"HO\u00c0NG T\u1ef2 NH\u1eacT MINH"},"content":{"rendered":"<p>Ho\u00e0ng T\u1ef3 Nh\u1eadt Minh c\u00f3 ngh\u0129a l\u00e0 Tr\u00e0 t\u1ed1t cho bao t\u1eed, gi\u00fap minh m\u1eabn, t\u1ec9nh t\u00e1o, thu\u1ed9c lo\u1ea1i h\u1eafc Tr\u00e0; mang m\u00f9i h\u01b0\u01a1ng c\u1ee7a g\u1ed7 qu\u1ebf, kh\u00f3i thu\u1ed1c, x\u00ec g\u00e0.<br \/>\nN\u01b0\u1edbc Tr\u00e0 c\u00f3 m\u00e0u n\u00e2u \u0111\u1ecf c\u00e1nh gi\u00e1n; v\u1ecb tr\u00f2n \u0111\u1ea7y, h\u01a1i chua, d\u01b0 v\u1ecb \u0111\u1eadm \u0111\u00e0, su\u00f4ng mi\u1ec7ng.<br \/>\nTr\u00e0 gi\u00fap th\u1ea3i \u0111\u1ed9c t\u1ed1 c\u01a1 th\u1ec3, gi\u1ea3m t\u00e1c h\u1ea1i r\u01b0\u1ee3u bia, \u0111\u1eb7c bi\u1ec7t c\u00f3 ch\u1ee9a h\u00e0m l\u01b0\u1ee3ng l\u1edbn GABA gi\u00fap gi\u1ea3m stress, ng\u1ee7 ngon.<br \/>\nHo\u00e0ng T\u1ef3 Nh\u1eadt Minh \u0111\u1eb7c bi\u1ec7t n\u00ean d\u00f9ng th\u01b0\u1eddng xuy\u00ean cho ng\u01b0\u1eddi l\u1edbn tu\u1ed5i hay m\u1ea5t ng\u1ee7, ng\u01b0\u1eddi c\u01b0\u1eddng \u0111\u1ed9 l\u00e0m vi\u1ec7c tr\u00ed \u00f3c cao, ng\u01b0\u1eddi hay u\u1ed1ng r\u01b0\u1ee3u bia \u2026<\/p>\n<p>TH\u00c0NH PH\u1ea6N:<br \/>\n\u2013 Tr\u00e0 Oolong 100%.<\/p>\n<p>H\u01af\u1edaNG D\u1eaaN S\u1eec D\u1ee4NG:<br \/>\n\u2013 Tr\u00e1ng \u1ea5m Tr\u00e0 v\u00e0 ch\u00e9n b\u1eb1ng n\u01b0\u1edbc s\u00f4i.<br \/>\n\u2013 Cho 8gr v\u00e0o \u1ea5m Tr\u00e0. Ch\u1ebf m\u1ed9t \u00edt n\u01b0\u1edbc s\u00f4i v\u00e0o, \u0111\u1ee3i v\u00e0i gi\u00e2y r\u1ed3i r\u00f3t b\u1ecf (g\u1ecdi l\u00e0 \u0111\u00e1nh th\u1ee9c Tr\u00e0).<br \/>\n\u2013 \u0110\u1ed5 200ml n\u01b0\u1edbc s\u00f4i v\u00e0o \u1ea5m Tr\u00e0. H\u00e3m Tr\u00e0 t\u1eeb 1 ph\u00fat \u0111\u1ebfn 1 ph\u00fat 15 gi\u00e2y (nhi\u1ec7t \u0111\u1ed9 n\u01b0\u1edbc 98 \u2013 100 \u0111\u1ed9 C).<br \/>\n\u2013 Tr\u00e0 c\u00f3 th\u1ec3 pha 5 l\u1ea7n n\u01b0\u1edbc v\u1eabn gi\u1eef \u0111\u01b0\u1ee3c h\u01b0\u01a1ng v\u1ecb.<\/p>","protected":false},"excerpt":{"rendered":"<p>Ho\u00e0ng T\u1ef3 Nh\u1eadt Minh l\u00e0 m\u1ed9t lo\u1ea1i Tr\u00e0 Oolong thu\u1ed9c lo\u1ea1i h\u1eafc Tr\u00e0 t\u1eeb \u0110\u00f4i D\u00e9p, n\u1ed5i b\u1eadt v\u1edbi h\u01b0\u01a1ng v\u1ecb \u0111\u1eb7c tr\u01b0ng c\u1ee7a g\u1ed7 qu\u1ebf, kh\u00f3i thu\u1ed1c v\u00e0 x\u00ec g\u00e0. V\u1edbi m\u00e0u n\u00e2u \u0111\u1ecf c\u00e1nh gi\u00e1n r\u1ea5t \u0111\u1eb9p m\u1eaft, n\u01b0\u1edbc Tr\u00e0 Ho\u00e0ng T\u1ef3 Nh\u1eadt Minh mang l\u1ea1i c\u1ea3m gi\u00e1c h\u1ea5p d\u1eabn v\u00e0 \u0111\u1ea7y \u1ea5n t\u01b0\u1ee3ng t\u1eeb l\u1ea7n \u0111\u1ea7u th\u01b0\u1edfng Tr\u00e0. Tr\u00e0 gi\u00fap th\u1ea3i \u0111\u1ed9c t\u1ed1 c\u01a1 th\u1ec3, gi\u1ea3m t\u00e1c h\u1ea1i r\u01b0\u1ee3u bia, \u0111\u1eb7c bi\u1ec7t c\u00f3 ch\u1ee9a h\u00e0m l\u01b0\u1ee3ng l\u1edbn GABA gi\u00fap gi\u1ea3m stress, ng\u1ee7 ngon.<\/p>","protected":false},"featured_media":11062,"comment_status":"open","ping_status":"closed","template":"","meta":[],"product_brand":[],"product_cat":[1679],"product_tag":[],"class_list":{"0":"post-11135","1":"product","2":"type-product","3":"status-publish","4":"has-post-thumbnail","6":"product_cat-tra-cao-cap-tra-2","8":"first","9":"instock","10":"shipping-taxable","11":"purchasable","12":"product-type-simple"},"_links":{"self":[{"href":"https:\/\/trarongvang.fulipage.com\/en\/wp-json\/wp\/v2\/product\/11135","targetHints":{"allow":["GET"]}}],"collection":[{"href":"https:\/\/trarongvang.fulipage.com\/en\/wp-json\/wp\/v2\/product"}],"about":[{"href":"https:\/\/trarongvang.fulipage.com\/en\/wp-json\/wp\/v2\/types\/product"}],"replies":[{"embeddable":true,"href":"https:\/\/trarongvang.fulipage.com\/en\/wp-json\/wp\/v2\/comments?post=11135"}],"wp:featuredmedia":[{"embeddable":true,"href":"https:\/\/trarongvang.fulipage.com\/en\/wp-json\/wp\/v2\/media\/11062"}],"wp:attachment":[{"href":"https:\/\/trarongvang.fulipage.com\/en\/wp-json\/wp\/v2\/media?parent=11135"}],"wp:term":[{"taxonomy":"product_brand","embeddable":true,"href":"https:\/\/trarongvang.fulipage.com\/en\/wp-json\/wp\/v2\/product_brand?post=11135"},{"taxonomy":"product_cat","embeddable":true,"href":"https:\/\/trarongvang.fulipage.com\/en\/wp-json\/wp\/v2\/product_cat?post=11135"},{"taxonomy":"product_tag","embeddable":true,"href":"https:\/\/trarongvang.fulipage.com\/en\/wp-json\/wp\/v2\/product_tag?post=11135"}],"curies":[{"name":"wp","href":"https:\/\/api.w.org\/{rel}","templated":true}]}}