{"id":11136,"date":"2026-04-18T15:25:07","date_gmt":"2026-04-18T08:25:07","guid":{"rendered":"https:\/\/trarongvang.fulipage.com\/san-pham\/phong-mat-tra\/"},"modified":"2026-04-18T15:25:07","modified_gmt":"2026-04-18T08:25:07","slug":"phong-mat-tra","status":"publish","type":"product","link":"https:\/\/trarongvang.fulipage.com\/en\/product\/phong-mat-tra\/","title":{"rendered":"PHONG M\u1eacT TR\u00c0"},"content":{"rendered":"<p>Phong M\u1eadt Tr\u00e0 l\u00e0 m\u1ed9t lo\u1ea1i Tr\u00e0 Oolong thu\u1ed9c lo\u1ea1i h\u1ed3ng Tr\u00e0 \u0111\u1eb7c bi\u1ec7t c\u1ee7a \u0110\u00f4i D\u00e9p, mang trong \u0111\u00f3 h\u01b0\u01a1ng th\u01a1m d\u1ecbu d\u00e0ng c\u1ee7a m\u1eadt ong, m\u1eadt m\u00eda v\u00e0 x\u00ec g\u00e0.<br \/>\nV\u1edbi m\u00e0u \u0111\u1ecf v\u00e0ng \u0111\u1eb9p m\u1eaft, n\u01b0\u1edbc Tr\u00e0 Phong M\u1eadt mang l\u1ea1i c\u1ea3m gi\u00e1c \u1ea5m \u00e1p v\u00e0 th\u01b0 gi\u00e3n ngay t\u1eeb c\u00e1i nh\u00ecn \u0111\u1ea7u ti\u00ean. H\u01b0\u01a1ng v\u1ecb ng\u1ecdt ng\u00e0o, tr\u00f2n v\u1ecb v\u00e0 d\u01b0 v\u1ecb \u0111\u1eadm \u0111\u00e0 c\u1ee7a Phong M\u1eadt Tr\u00e0 \u0111\u01b0\u1ee3c ho\u00e0 quy\u1ec7n ho\u00e0n h\u1ea3o, t\u1ea1o n\u00ean m\u1ed9t tr\u1ea3i nghi\u1ec7m th\u01b0\u1edfng Tr\u00e0 \u0111\u1ea7y l\u00f4i cu\u1ed1n v\u00e0 th\u00fa v\u1ecb.<\/p>\n<p>Phong M\u1eadt Tr\u00e0 l\u00e0 l\u1ef1a ch\u1ecdn tuy\u1ec7t v\u1eddi cho m\u1ecdi d\u1ecbp, t\u1eeb nh\u1eefng bu\u1ed5i s\u00e1ng t\u0129nh l\u1eb7ng \u0111\u1ebfn nh\u1eefng cu\u1ed9c g\u1eb7p g\u1ee1 b\u1ea1n b\u00e8 hay nh\u1eefng bu\u1ed5i chi\u1ec1u th\u01b0 gi\u00e3n sau m\u1ed9t ng\u00e0y l\u00e0m vi\u1ec7c.<\/p>\n<p>TH\u00c0NH PH\u1ea6N:<br \/>\n\u2013 Tr\u00e0 Oolong 100%.<\/p>\n<p>H\u01af\u1edaNG D\u1eaaN S\u1eec D\u1ee4NG:<br \/>\n\u2013 Tr\u00e1ng \u1ea5m Tr\u00e0 v\u00e0 ch\u00e9n b\u1eb1ng n\u01b0\u1edbc s\u00f4i.<br \/>\n\u2013 Cho 8gr v\u00e0o \u1ea5m Tr\u00e0. Ch\u1ebf m\u1ed9t \u00edt n\u01b0\u1edbc s\u00f4i v\u00e0o, \u0111\u1ee3i v\u00e0i gi\u00e2y r\u1ed3i r\u00f3t b\u1ecf (g\u1ecdi l\u00e0 \u0111\u00e1nh th\u1ee9c Tr\u00e0).<br \/>\n\u2013 \u0110\u1ed5 200ml n\u01b0\u1edbc s\u00f4i v\u00e0o \u1ea5m Tr\u00e0. H\u00e3m Tr\u00e0 t\u1eeb 1 ph\u00fat 30 gi\u00e2y \u0111\u1ebfn 2 ph\u00fat (nhi\u1ec7t \u0111\u1ed9 n\u01b0\u1edbc 95 \u2013 100 \u0111\u1ed9 C).<br \/>\n\u2013 Tr\u00e0 c\u00f3 th\u1ec3 pha 5 l\u1ea7n n\u01b0\u1edbc v\u1eabn gi\u1eef \u0111\u01b0\u1ee3c h\u01b0\u01a1ng v\u1ecb.<\/p>","protected":false},"excerpt":{"rendered":"<p>Phong M\u1eadt Tr\u00e0 l\u00e0 m\u1ed9t lo\u1ea1i Tr\u00e0 Oolong thu\u1ed9c lo\u1ea1i h\u1ed3ng Tr\u00e0 \u0111\u1eb7c bi\u1ec7t c\u1ee7a \u0110\u00f4i D\u00e9p, mang trong \u0111\u00f3 h\u01b0\u01a1ng th\u01a1m d\u1ecbu d\u00e0ng c\u1ee7a m\u1eadt ong, m\u1eadt m\u00eda v\u00e0 x\u00ec g\u00e0. N\u01b0\u1edbc Tr\u00e0 m\u00e0u \u0111\u1ecf v\u00e0ng; v\u1ecb ng\u1ecdt ng\u00e0o tr\u00f2n v\u1ecb, d\u01b0 v\u1ecb \u0111\u1eadm \u0111\u00e0 mang l\u1ea1i c\u1ea3m gi\u00e1c \u1ea5m \u00e1p v\u00e0 th\u01b0 gi\u00e3n ngay t\u1eeb c\u00e1i nh\u00ecn \u0111\u1ea7u ti\u00ean. Phong M\u1eadt Tr\u00e0 l\u00e0 l\u1ef1a ch\u1ecdn tuy\u1ec7t v\u1eddi cho m\u1ecdi d\u1ecbp, t\u1eeb nh\u1eefng bu\u1ed5i s\u00e1ng t\u0129nh l\u1eb7ng \u0111\u1ebfn nh\u1eefng cu\u1ed9c g\u1eb7p g\u1ee1 b\u1ea1n b\u00e8 hay nh\u1eefng bu\u1ed5i chi\u1ec1u th\u01b0 gi\u00e3n sau m\u1ed9t ng\u00e0y l\u00e0m vi\u1ec7c.<\/p>","protected":false},"featured_media":11059,"comment_status":"open","ping_status":"closed","template":"","meta":[],"product_brand":[],"product_cat":[1679],"product_tag":[],"class_list":{"0":"post-11136","1":"product","2":"type-product","3":"status-publish","4":"has-post-thumbnail","6":"product_cat-tra-cao-cap-tra-2","8":"first","9":"instock","10":"shipping-taxable","11":"purchasable","12":"product-type-simple"},"_links":{"self":[{"href":"https:\/\/trarongvang.fulipage.com\/en\/wp-json\/wp\/v2\/product\/11136","targetHints":{"allow":["GET"]}}],"collection":[{"href":"https:\/\/trarongvang.fulipage.com\/en\/wp-json\/wp\/v2\/product"}],"about":[{"href":"https:\/\/trarongvang.fulipage.com\/en\/wp-json\/wp\/v2\/types\/product"}],"replies":[{"embeddable":true,"href":"https:\/\/trarongvang.fulipage.com\/en\/wp-json\/wp\/v2\/comments?post=11136"}],"wp:featuredmedia":[{"embeddable":true,"href":"https:\/\/trarongvang.fulipage.com\/en\/wp-json\/wp\/v2\/media\/11059"}],"wp:attachment":[{"href":"https:\/\/trarongvang.fulipage.com\/en\/wp-json\/wp\/v2\/media?parent=11136"}],"wp:term":[{"taxonomy":"product_brand","embeddable":true,"href":"https:\/\/trarongvang.fulipage.com\/en\/wp-json\/wp\/v2\/product_brand?post=11136"},{"taxonomy":"product_cat","embeddable":true,"href":"https:\/\/trarongvang.fulipage.com\/en\/wp-json\/wp\/v2\/product_cat?post=11136"},{"taxonomy":"product_tag","embeddable":true,"href":"https:\/\/trarongvang.fulipage.com\/en\/wp-json\/wp\/v2\/product_tag?post=11136"}],"curies":[{"name":"wp","href":"https:\/\/api.w.org\/{rel}","templated":true}]}}