{"id":11137,"date":"2026-04-18T15:25:07","date_gmt":"2026-04-18T08:25:07","guid":{"rendered":"https:\/\/trarongvang.fulipage.com\/san-pham\/xuan-nhat-tra\/"},"modified":"2026-04-18T15:25:07","modified_gmt":"2026-04-18T08:25:07","slug":"xuan-nhat-tra","status":"publish","type":"product","link":"https:\/\/trarongvang.fulipage.com\/en\/product\/xuan-nhat-tra\/","title":{"rendered":"XU\u00c2N NH\u1eacT TR\u00c0"},"content":{"rendered":"<p>Xu\u00e2n Nh\u1eadt Tr\u00e0 l\u00e0 lo\u1ea1i Tr\u00e0 Oolong mang h\u01b0\u01a1ng v\u1ecb c\u1ee7a c\u1ea3 b\u1ea7u tr\u1eddi m\u00f9a xu\u00e2n, thu\u1ed9c lo\u1ea1i ho\u00e0ng Tr\u00e0, mang h\u01b0\u01a1ng th\u01a1m tinh d\u1ea7u c\u1ee7a l\u00e1 Tr\u00e0 gi\u1ed1ng \u0111\u1eb7c bi\u1ec7t t\u1eeb \u0110\u00f4i D\u00e9p.<br \/>\nN\u01b0\u1edbc Tr\u00e0 c\u00f3 m\u00e0u v\u00e0ng chanh t\u1ef1 nhi\u00ean, m\u1ed7i t\u00e1ch Xu\u00e2n Nh\u1eadt Tr\u00e0 l\u00e0 m\u1ed9t tr\u1ea3i nghi\u1ec7m \u0111\u1eb7c bi\u1ec7t, \u0111em l\u1ea1i s\u1ef1 b\u00ecnh y\u00ean v\u00e0 th\u01b0 th\u00e1i cho t\u00e2m h\u1ed3n.<\/p>\n<p>V\u1edbi v\u1ecb tr\u00f2n \u0111\u1ea7y, d\u01b0 v\u1ecb \u0111\u1eadm \u0111\u00e0 su\u00f4ng mi\u1ec7ng, Xu\u00e2n Nh\u1eadt Tr\u00e0 l\u00e0 l\u1ef1a ch\u1ecdn ho\u00e0n h\u1ea3o cho nh\u1eefng kho\u1ea3ng kh\u1eafc th\u01b0 gi\u00e3n v\u00e0o bu\u1ed5i s\u00e1ng.<\/p>\n<p>&#8220;S\u00e1ng xu\u00e2n, pha m\u1ed9t \u1ea5m Tr\u00e0,<br \/>\nM\u1ed9t ch\u1ed3ng, m\u1ed9t v\u1ee3, nh\u1ea9n nha, th\u01b0\u1edfng c\u00f9ng.<br \/>\nXu\u00e2n Nh\u1eadt Tr\u00e0 h\u01b0\u01a1ng th\u01a1m tr\u00f2n \u0111\u1ea7y,<br \/>\nTh\u01a1m nh\u01b0 sen n\u1edf trong l\u00f2ng ch\u00e9n xu\u00e2n!&#8221;<\/p>\n<p>(V\u0169 \u0110\u00ecnh Ph\u1eadn)<\/p>\n<p>TH\u00c0NH PH\u1ea6N:<br \/>\n\u2013 Tr\u00e0 Oolong 100%.<\/p>\n<p>H\u01af\u1edaNG D\u1eaaN S\u1eec D\u1ee4NG:<br \/>\n\u2013 Tr\u00e1ng \u1ea5m Tr\u00e0 v\u00e0 ch\u00e9n b\u1eb1ng n\u01b0\u1edbc s\u00f4i.<br \/>\n\u2013 Cho 8gr v\u00e0o \u1ea5m Tr\u00e0. Ch\u1ebf m\u1ed9t \u00edt n\u01b0\u1edbc s\u00f4i v\u00e0o, \u0111\u1ee3i v\u00e0i gi\u00e2y r\u1ed3i r\u00f3t b\u1ecf (g\u1ecdi l\u00e0 \u0111\u00e1nh th\u1ee9c Tr\u00e0).<br \/>\n\u2013 \u0110\u1ed5 200ml n\u01b0\u1edbc s\u00f4i v\u00e0o \u1ea5m Tr\u00e0. H\u00e3m Tr\u00e0 t\u1eeb 1 ph\u00fat 30 gi\u00e2y \u0111\u1ebfn 2 ph\u00fat (nhi\u1ec7t \u0111\u1ed9 n\u01b0\u1edbc 95 \u2013 100 \u0111\u1ed9 C).<br \/>\n\u2013 Tr\u00e0 c\u00f3 th\u1ec3 pha 5 l\u1ea7n n\u01b0\u1edbc v\u1eabn gi\u1eef \u0111\u01b0\u1ee3c h\u01b0\u01a1ng v\u1ecb.<\/p>","protected":false},"excerpt":{"rendered":"<p>Xu\u00e2n Nh\u1eadt Tr\u00e0 l\u00e0 lo\u1ea1i Tr\u00e0 Oolong mang h\u01b0\u01a1ng v\u1ecb c\u1ee7a c\u1ea3 b\u1ea7u tr\u1eddi m\u00f9a xu\u00e2n, h\u01b0\u01a1ng th\u01a1m tinh d\u1ea7u c\u1ee7a l\u00e1 Tr\u00e0 gi\u1ed1ng \u0111\u1eb7c bi\u1ec7t t\u1eeb \u0110\u00f4i D\u00e9p. N\u01b0\u1edbc Tr\u00e0 c\u00f3 m\u00e0u v\u00e0ng chanh, v\u1ecb tr\u00f2n \u0111\u1ea7y, d\u01b0 v\u1ecb \u0111\u1eadm \u0111\u00e0 su\u00f4ng mi\u1ec7ng, Xu\u00e2n Nh\u1eadt Tr\u00e0 l\u1ef1a ch\u1ecdn ho\u00e0n h\u1ea3o cho nh\u1eefng nh\u1eefng kho\u1ea3ng kh\u1eafc th\u01b0 gi\u00e3n v\u00e0o bu\u1ed5i s\u00e1ng.<\/p>","protected":false},"featured_media":11046,"comment_status":"open","ping_status":"closed","template":"","meta":[],"product_brand":[],"product_cat":[1679],"product_tag":[],"class_list":{"0":"post-11137","1":"product","2":"type-product","3":"status-publish","4":"has-post-thumbnail","6":"product_cat-tra-cao-cap-tra-2","8":"first","9":"instock","10":"shipping-taxable","11":"purchasable","12":"product-type-simple"},"_links":{"self":[{"href":"https:\/\/trarongvang.fulipage.com\/en\/wp-json\/wp\/v2\/product\/11137","targetHints":{"allow":["GET"]}}],"collection":[{"href":"https:\/\/trarongvang.fulipage.com\/en\/wp-json\/wp\/v2\/product"}],"about":[{"href":"https:\/\/trarongvang.fulipage.com\/en\/wp-json\/wp\/v2\/types\/product"}],"replies":[{"embeddable":true,"href":"https:\/\/trarongvang.fulipage.com\/en\/wp-json\/wp\/v2\/comments?post=11137"}],"wp:featuredmedia":[{"embeddable":true,"href":"https:\/\/trarongvang.fulipage.com\/en\/wp-json\/wp\/v2\/media\/11046"}],"wp:attachment":[{"href":"https:\/\/trarongvang.fulipage.com\/en\/wp-json\/wp\/v2\/media?parent=11137"}],"wp:term":[{"taxonomy":"product_brand","embeddable":true,"href":"https:\/\/trarongvang.fulipage.com\/en\/wp-json\/wp\/v2\/product_brand?post=11137"},{"taxonomy":"product_cat","embeddable":true,"href":"https:\/\/trarongvang.fulipage.com\/en\/wp-json\/wp\/v2\/product_cat?post=11137"},{"taxonomy":"product_tag","embeddable":true,"href":"https:\/\/trarongvang.fulipage.com\/en\/wp-json\/wp\/v2\/product_tag?post=11137"}],"curies":[{"name":"wp","href":"https:\/\/api.w.org\/{rel}","templated":true}]}}