{"id":11138,"date":"2026-04-18T15:25:07","date_gmt":"2026-04-18T08:25:07","guid":{"rendered":"https:\/\/trarongvang.fulipage.com\/san-pham\/tra-oolong-thuan\/"},"modified":"2026-04-18T15:25:07","modified_gmt":"2026-04-18T08:25:07","slug":"tra-oolong-thuan","status":"publish","type":"product","link":"https:\/\/trarongvang.fulipage.com\/en\/product\/tra-oolong-thuan\/","title":{"rendered":"TR\u00c0 OOLONG THU\u1ea6N"},"content":{"rendered":"<p>Tr\u00e0 oolong Thu\u1ea7n V\u1ecb \u0110\u00f4i D\u00e9p \u0111\u01b0\u1ee3c l\u00e0m 100% t\u1eeb nh\u1eefng b\u00fap ch\u00e8 1 t\u00f4m 3 l\u00e1 gi\u1ed1ng Kim Tuy\u00ean. Tr\u00e0 oolong Thu\u1ea7n V\u1ecb \u0111\u01b0\u1ee3c l\u00e0m 100% t\u1eeb nh\u1eefng b\u00fap ch\u00e8 1 t\u00f4m 3 l\u00e1 gi\u1ed1ng Kim Tuy\u00ean. V\u1ecb Tr\u00e0 phong ph\u00fa, nh\u1ea5p ng\u1ee5m Tr\u00e0 \u0111\u1ea7u ti\u00ean d\u1ec5 d\u00e0ng c\u1ea3m th\u1ea5y v\u1ecb m\u1ec1m, ng\u1ecdt thanh; h\u1eadu v\u1ecb m\u1ecbn m\u00e0ng, ch\u00e1t nh\u1eb9 n\u01a1i v\u00f2m h\u1ecdng v\u00e0 ch\u00fat \u0111\u1eafng \u0111\u1ecdng n\u01a1i cu\u1ed1i l\u01b0\u1ee1i. Oolong Thu\u1ea7n V\u1ecb s\u1edf h\u1eefu nh\u1eefng ph\u1ea9m ch\u1ea5t thu\u1ea7n t\u00fay v\u1edbi l\u1edbp h\u01b0\u01a1ng \u0111a t\u1ea7ng, v\u1ecb phong ph\u00fa, c\u00f3 th\u1ec3 pha \u0111\u1ebfn 3 l\u1ea7n n\u01b0\u1edbc m\u00e0 v\u1eabn gi\u1eef \u0111\u01b0\u1ee3c h\u01b0\u01a1ng v\u00e0 v\u1ecb. Tr\u00e0 Oolong Thu\u1ea7n V\u1ecb d\u1ea1ng h\u1ed9p \u0111\u01b0\u1ee3c \u0111\u00fac k\u1ebft t\u1eeb quy tr\u00ecnh s\u1ea3n xu\u1ea5t tinh t\u1ebf nh\u1ea5t c\u00f9ng v\u1edbi thi\u1ebft k\u1ebf nh\u00e3 nh\u1eb7n, sang tr\u1ecdng r\u1ea5t ph\u00f9 h\u1ee3p \u0111\u1ec3 l\u00e0m qu\u00e0 t\u1eb7ng d\u00e0nh cho kh\u00e1ch h\u00e0ng, \u0111\u1ed1i t\u00e1c, doanh nghi\u1ec7p hay d\u00e0nh t\u1eb7ng cho nh\u1eefng ng\u01b0\u1eddi th\u00e2n y\u00eau \u0111\u1ec3 c\u00f9ng nhau th\u01b0\u1edfng th\u1ee9c ch\u00e9n Tr\u00e0 ngon sau nh\u1eefng ng\u00e0y th\u00e1ng b\u1ed9n b\u1ec1.<\/p>\n<p>TH\u00c0NH PH\u1ea6N:<br \/>\n\u2013 Tr\u00e0 Oolong 100%.<\/p>\n<p>H\u01af\u1edaNG D\u1eaaN S\u1eec D\u1ee4NG:<br \/>\n\u2013 Tr\u00e1ng \u1ea5m Tr\u00e0 v\u00e0 ch\u00e9n b\u1eb1ng n\u01b0\u1edbc s\u00f4i.<br \/>\n\u2013 Cho 8gr v\u00e0o \u1ea5m Tr\u00e0. Ch\u1ebf m\u1ed9t \u00edt n\u01b0\u1edbc s\u00f4i v\u00e0o, \u0111\u1ee3i v\u00e0i gi\u00e2y r\u1ed3i r\u00f3t b\u1ecf (g\u1ecdi l\u00e0 \u0111\u00e1nh th\u1ee9c Tr\u00e0).<br \/>\n\u2013 \u0110\u1ed5 200ml n\u01b0\u1edbc s\u00f4i v\u00e0o \u1ea5m Tr\u00e0. H\u00e3m Tr\u00e0 t\u1eeb 1 ph\u00fat \u0111\u1ebfn 1 ph\u00fat 30 gi\u00e2y (nhi\u1ec7t \u0111\u1ed9 n\u01b0\u1edbc 95 \u2013 100 \u0111\u1ed9 C).<br \/>\n\u2013 Tr\u00e0 c\u00f3 th\u1ec3 pha 5 l\u1ea7n n\u01b0\u1edbc v\u1eabn gi\u1eef \u0111\u01b0\u1ee3c h\u01b0\u01a1ng v\u1ecb.<\/p>","protected":false},"excerpt":{"rendered":"<p>Tr\u00e0 Oolong Thu\u1ea7n V\u1ecb s\u1edf h\u1eefu nh\u1eefng ph\u1ea9m ch\u1ea5t thu\u1ea7n t\u00fay, \u0111\u01b0\u1ee3c l\u00e0m t\u1eeb nh\u1eefng b\u00fap Tr\u00e0 Kim Tuy\u00ean, mang h\u01b0\u01a1ng v\u1ecb nguy\u00ean b\u1ea3n, m\u1ed9c m\u1ea1c, h\u01b0\u01a1ng thanh nh\u01b0 l\u00faa non, m\u00e0u n\u01b0\u1edbc v\u00e0ng xanh trong tr\u1ebbo.<\/p>","protected":false},"featured_media":11054,"comment_status":"open","ping_status":"closed","template":"","meta":[],"product_brand":[],"product_cat":[1679],"product_tag":[],"class_list":{"0":"post-11138","1":"product","2":"type-product","3":"status-publish","4":"has-post-thumbnail","6":"product_cat-tra-cao-cap-tra-2","8":"first","9":"instock","10":"shipping-taxable","11":"purchasable","12":"product-type-simple"},"_links":{"self":[{"href":"https:\/\/trarongvang.fulipage.com\/en\/wp-json\/wp\/v2\/product\/11138","targetHints":{"allow":["GET"]}}],"collection":[{"href":"https:\/\/trarongvang.fulipage.com\/en\/wp-json\/wp\/v2\/product"}],"about":[{"href":"https:\/\/trarongvang.fulipage.com\/en\/wp-json\/wp\/v2\/types\/product"}],"replies":[{"embeddable":true,"href":"https:\/\/trarongvang.fulipage.com\/en\/wp-json\/wp\/v2\/comments?post=11138"}],"wp:featuredmedia":[{"embeddable":true,"href":"https:\/\/trarongvang.fulipage.com\/en\/wp-json\/wp\/v2\/media\/11054"}],"wp:attachment":[{"href":"https:\/\/trarongvang.fulipage.com\/en\/wp-json\/wp\/v2\/media?parent=11138"}],"wp:term":[{"taxonomy":"product_brand","embeddable":true,"href":"https:\/\/trarongvang.fulipage.com\/en\/wp-json\/wp\/v2\/product_brand?post=11138"},{"taxonomy":"product_cat","embeddable":true,"href":"https:\/\/trarongvang.fulipage.com\/en\/wp-json\/wp\/v2\/product_cat?post=11138"},{"taxonomy":"product_tag","embeddable":true,"href":"https:\/\/trarongvang.fulipage.com\/en\/wp-json\/wp\/v2\/product_tag?post=11138"}],"curies":[{"name":"wp","href":"https:\/\/api.w.org\/{rel}","templated":true}]}}