{"id":11139,"date":"2026-04-18T15:25:07","date_gmt":"2026-04-18T08:25:07","guid":{"rendered":"https:\/\/trarongvang.fulipage.com\/san-pham\/ngoc-thien-chi-tra\/"},"modified":"2026-04-18T15:25:07","modified_gmt":"2026-04-18T08:25:07","slug":"ngoc-thien-chi-tra","status":"publish","type":"product","link":"https:\/\/trarongvang.fulipage.com\/en\/product\/ngoc-thien-chi-tra\/","title":{"rendered":"NG\u1eccC THI\u00caN CHI TR\u00c0"},"content":{"rendered":"<p>Ng\u1ecdc Thi\u00ean Chi Tr\u00e0 c\u1ee7a \u0110\u00f4i D\u00e9p \u0111\u01b0\u1ee3c ch\u1ee9a \u0111\u1ef1ng trong h\u1ed9p qu\u00e0 thi\u1ebft k\u1ebf tinh t\u1ebf, sang tr\u1ecdng, th\u00edch h\u1ee3p l\u00e0m qu\u00e0 t\u1eb7ng cho kh\u00e1ch h\u00e0ng, \u0111\u1ed1i t\u00e1c ho\u1eb7c doanh nghi\u1ec7p trong d\u1ecbp quan tr\u1ecdng, l\u1ec5, t\u1ebft hay d\u00e0nh t\u1eb7ng cho nh\u1eefng ng\u01b0\u1eddi th\u00e2n y\u00eau c\u1ee7a m\u00ecnh.<\/p>\n<p>Tri \u00e2m b\u1eb1ng h\u1eefu n\u1eb7ng t\u00ecnh th\u00e2n<br \/>\nM\u1ed9t ch\u00fat qu\u00e0 ri\u00eang g\u1eedi b\u1ea1n hi\u1ec1n<br \/>\nTinh hoa Tr\u00e0 Vi\u1ec7t l\u00f2ng tr\u00e2n qu\u00fd<br \/>\nNg\u1ecdc Thi\u00ean m\u1ebfn t\u1eb7ng kh\u00e1ch ph\u01b0\u01a1ng xa<\/p>\n<p>TH\u00c0NH PH\u1ea6N:<br \/>\n\u2013 Tr\u00e0 Oolong 100%<\/p>\n<p>H\u01af\u1edaNG D\u1eaaN S\u1eec D\u1ee4NG:<br \/>\n\u2013 Tr\u00e1ng \u1ea5m Tr\u00e0 v\u00e0 ch\u00e9n b\u1eb1ng n\u01b0\u1edbc s\u00f4i.<br \/>\n\u2013 Cho kho\u1ea3ng 8 \u2013 10gr v\u00e0o \u1ea5m Tr\u00e0. Ch\u1ebf m\u1ed9t \u00edt n\u01b0\u1edbc s\u00f4i v\u00e0o, \u0111\u1ee3i v\u00e0i gi\u00e2y r\u1ed3i r\u00f3t b\u1ecf (g\u1ecdi l\u00e0 \u0111\u00e1nh th\u1ee9c Tr\u00e0).<br \/>\n\u2013 \u0110\u1ed5 200ml n\u01b0\u1edbc s\u00f4i v\u00e0o \u1ea5m Tr\u00e0. H\u00e3m Tr\u00e0 t\u1eeb 1 ph\u00fat \u0111\u1ebfn 1 ph\u00fat 30 gi\u00e2y (nhi\u1ec7t \u0111\u1ed9 n\u01b0\u1edbc 95 \u2013 100 \u0111\u1ed9 C).<br \/>\n\u2013 Tr\u00e0 c\u00f3 th\u1ec3 pha 5 l\u1ea7n n\u01b0\u1edbc v\u1eabn gi\u1eef \u0111\u01b0\u1ee3c h\u01b0\u01a1ng v\u1ecb.<\/p>","protected":false},"excerpt":{"rendered":"<p>Ng\u1ecdc Thi\u00ean Chi Tr\u00e0 l\u00e0 b\u1ed9 s\u01b0u t\u1eadp g\u1ed3m nh\u1eefng danh Tr\u00e0 qu\u00fd c\u1ee7a \u0110\u00f4i D\u00e9p. Nh\u1eefng s\u1ea3n ph\u1ea9m gi\u1edbi h\u1ea1n t\u1eeb gi\u1ed1ng Tr\u00e0 qu\u00fd, \u0111\u01b0\u1ee3c tuy\u1ec3n ch\u1ecdn k\u1ef9 c\u00e0ng, \u0111\u1ea1t ti\u00eau chu\u1ea9n cao v\u1ec1 h\u01b0\u01a1ng, s\u1eafc, v\u1ecb. \u0110\u00e2y l\u00e0 nh\u1eefng s\u1ea3n ph\u1ea9m d\u00e0nh t\u1eb7ng kh\u00e1ch qu\u00fd, ho\u1eb7c \u0111\u1ec3 th\u01b0\u1edfng th\u1ee9c trong nh\u1eefng d\u1ecbp quan tr\u1ecdng.<\/p>","protected":false},"featured_media":11065,"comment_status":"open","ping_status":"closed","template":"","meta":[],"product_brand":[],"product_cat":[1679],"product_tag":[],"class_list":{"0":"post-11139","1":"product","2":"type-product","3":"status-publish","4":"has-post-thumbnail","6":"product_cat-tra-cao-cap-tra-2","8":"first","9":"instock","10":"shipping-taxable","11":"purchasable","12":"product-type-simple"},"_links":{"self":[{"href":"https:\/\/trarongvang.fulipage.com\/en\/wp-json\/wp\/v2\/product\/11139","targetHints":{"allow":["GET"]}}],"collection":[{"href":"https:\/\/trarongvang.fulipage.com\/en\/wp-json\/wp\/v2\/product"}],"about":[{"href":"https:\/\/trarongvang.fulipage.com\/en\/wp-json\/wp\/v2\/types\/product"}],"replies":[{"embeddable":true,"href":"https:\/\/trarongvang.fulipage.com\/en\/wp-json\/wp\/v2\/comments?post=11139"}],"wp:featuredmedia":[{"embeddable":true,"href":"https:\/\/trarongvang.fulipage.com\/en\/wp-json\/wp\/v2\/media\/11065"}],"wp:attachment":[{"href":"https:\/\/trarongvang.fulipage.com\/en\/wp-json\/wp\/v2\/media?parent=11139"}],"wp:term":[{"taxonomy":"product_brand","embeddable":true,"href":"https:\/\/trarongvang.fulipage.com\/en\/wp-json\/wp\/v2\/product_brand?post=11139"},{"taxonomy":"product_cat","embeddable":true,"href":"https:\/\/trarongvang.fulipage.com\/en\/wp-json\/wp\/v2\/product_cat?post=11139"},{"taxonomy":"product_tag","embeddable":true,"href":"https:\/\/trarongvang.fulipage.com\/en\/wp-json\/wp\/v2\/product_tag?post=11139"}],"curies":[{"name":"wp","href":"https:\/\/api.w.org\/{rel}","templated":true}]}}