{"id":11140,"date":"2026-04-18T15:25:07","date_gmt":"2026-04-18T08:25:07","guid":{"rendered":"https:\/\/trarongvang.fulipage.com\/san-pham\/ngu-vi-tra\/"},"modified":"2026-04-18T15:25:07","modified_gmt":"2026-04-18T08:25:07","slug":"ngu-vi-tra","status":"publish","type":"product","link":"https:\/\/trarongvang.fulipage.com\/en\/product\/ngu-vi-tra\/","title":{"rendered":"NG\u0168 V\u1eca TR\u00c0"},"content":{"rendered":"<p>Ng\u0169 V\u1ecb Tr\u00e0 l\u00e0 b\u1ed9 s\u1ea3n ph\u1ea9m Tr\u00e0 Oolong cao c\u1ea5p, \u0111\u01b0\u1ee3c k\u1ebft h\u1ee3p t\u1eeb 5 lo\u1ea1i Tr\u00e0 th\u01b0\u1ee3ng h\u1ea1ng c\u1ee7a \u0110\u00f4i D\u00e9p bao g\u1ed3m: H\u1ea3o K\u1ef3 Tr\u00e0, Xu\u00e2n Nh\u1eadt Tr\u00e0, Ng\u1ecdc Tr\u00e1c Tr\u00e0, Phong M\u1eadt Tr\u00e0 v\u00e0 Ho\u00e0ng T\u1ef3 Nh\u1eadt Minh.<br \/>\nM\u1ed7i lo\u1ea1i Tr\u00e0 trong Ng\u0169 V\u1ecb Tr\u00e0 \u0111\u1ec1u mang trong m\u00ecnh nh\u1eefng n\u00e9t h\u01b0\u01a1ng, s\u1eafc, v\u1ecb ri\u00eang bi\u1ec7t m\u00e0 \u0111\u1ed9c \u0111\u00e1o gi\u00fap ng\u01b0\u1eddi th\u01b0\u1edfng Tr\u00e0 c\u00f3 nh\u1eefng tr\u1ea3i nghi\u1ec7m \u0111a d\u1ea1ng.<\/p>\n<p>1. H\u1ea3o K\u1ef3 Tr\u00e0: \u0110\u01b0\u1ee3c l\u1ef1a ch\u1ecdn k\u1ef9 c\u00e0ng t\u1eeb nh\u1eefng l\u00e1 Tr\u00e0 Oolong ch\u1ea5t l\u01b0\u1ee3ng cao, H\u1ea3o K\u1ef3 Tr\u00e0 l\u00e0 s\u1ef1 k\u1ebft h\u1ee3p tuy\u1ec7t h\u1ea3o gi\u1eefa h\u01b0\u01a1ng hoa n\u1ed5i b\u1eadt, m\u00f9i \u0111\u1eadu rang v\u00e0 v\u1ecb tr\u00f2n \u0111\u1ea7y, su\u00f4ng mi\u1ec7ng.<\/p>\n<p>2. Xu\u00e2n Nh\u1eadt Tr\u00e0: V\u1edbi h\u01b0\u01a1ng th\u01a1m d\u1ecbu nh\u1eb9 c\u1ee7a m\u00f9a Xu\u00e2n, Xu\u00e2n Nh\u1eadt Tr\u00e0 l\u00e0 l\u1ef1a ch\u1ecdn ho\u00e0n h\u1ea3o cho nh\u1eefng bu\u1ed5i th\u01b0 gi\u00e3n v\u00e0o cu\u1ed1i ng\u00e0y.<\/p>\n<p>3. Nguy\u00ean V\u1ecb Tr\u00e0: \u0110\u01b0\u1ee3c ch\u1ebf bi\u1ebfn t\u1eeb nh\u1eefng l\u00e1 Tr\u00e0 Oolong nguy\u00ean ch\u1ea5t, Nguy\u00ean V\u1ecb Tr\u00e0 v\u1edbi m\u00e0u v\u00e0ng \u00f3ng \u00e1nh mang \u0111\u1ebfn h\u01b0\u01a1ng v\u1ecb \u1ea5m \u00e1p, ng\u1ecdt ng\u00e0o.<\/p>\n<p>4. Phong M\u1eadt Tr\u00e0: V\u1edbi v\u1ecb ng\u1ecdt t\u1eeb m\u1eadt ong t\u1ef1 nhi\u00ean v\u00e0 m\u00e0u \u0111\u1ecf v\u00e0ng \u0111\u1eb9p m\u1eaft, lo\u1ea1i Tr\u00e0 n\u00e0y l\u00e0 \u0111i\u1ec3m nh\u1ea5n tinh t\u1ebf trong b\u1ed9 s\u1ea3n ph\u1ea9m Ng\u0169 V\u1ecb Tr\u00e0.<\/p>\n<p>5. Ho\u00e0ng T\u1ef3 Nh\u1eadt Minh: Tr\u00e0 Ho\u00e0ng T\u1ef3 Nh\u1eadt Minh mang \u0111\u1ebfn s\u1ef1 c\u00e2n b\u1eb1ng ho\u00e0n h\u1ea3o gi\u1eefa h\u01b0\u01a1ng v\u1ecb tr\u00f2n \u0111\u1ea7y v\u00e0 h\u01b0\u01a1ng th\u01a1m c\u1ee7a g\u1ed7 qu\u1ebf. V\u1edbi v\u1ecb \u0111\u1eb7c bi\u1ec7t n\u00ean r\u1ea5t th\u00edch h\u1ee3p cho ng\u01b0\u1eddi l\u1edbn tu\u1ed5i hay m\u1ea5t ng\u1ee7, ng\u01b0\u1eddi c\u01b0\u1eddng \u0111\u1ed9 l\u00e0m vi\u1ec7c tr\u00ed \u00f3c cao, ng\u01b0\u1eddi hay u\u1ed1ng r\u01b0\u1ee3u bia \u2026<\/p>\n<p>Ng\u0169 V\u1ecb Tr\u00e0 \u0111\u01b0\u1ee3c \u0111\u00f3ng g\u00f3i trong h\u1ed9p qu\u00e0 thi\u1ebft k\u1ebf sang tr\u1ecdng, tinh t\u1ebf, th\u00edch h\u1ee3p l\u00e0m qu\u00e0 t\u1eb7ng cho kh\u00e1ch h\u00e0ng, \u0111\u1ed1i t\u00e1c ho\u1eb7c doanh nghi\u1ec7p trong d\u1ecbp quan tr\u1ecdng hay d\u00e0nh t\u1eb7ng cho nh\u1eefng ng\u01b0\u1eddi th\u00e2n y\u00eau.<\/p>\n<p>TH\u00c0NH PH\u1ea6N:<\/p>\n<p>\u2013 Tr\u00e0 Oolong 100%.<\/p>\n<p>H\u01af\u1edaNG D\u1eaaN S\u1eec D\u1ee4NG:<\/p>\n<p>\u2013 Tr\u00e1ng \u1ea5m Tr\u00e0 v\u00e0 ch\u00e9n b\u1eb1ng n\u01b0\u1edbc s\u00f4i.<br \/>\n\u2013 Cho 8gr v\u00e0o \u1ea5m Tr\u00e0. Ch\u1ebf m\u1ed9t \u00edt n\u01b0\u1edbc s\u00f4i v\u00e0o, \u0111\u1ee3i v\u00e0i gi\u00e2y r\u1ed3i r\u00f3t b\u1ecf (g\u1ecdi l\u00e0 \u0111\u00e1nh th\u1ee9c Tr\u00e0).<br \/>\n\u2013 \u0110\u1ed5 200ml n\u01b0\u1edbc s\u00f4i v\u00e0o \u1ea5m Tr\u00e0. H\u00e3m Tr\u00e0 t\u1eeb 1 ph\u00fat \u0111\u1ebfn 1 ph\u00fat 30 gi\u00e2y (nhi\u1ec7t \u0111\u1ed9 n\u01b0\u1edbc 95 \u2013 100 \u0111\u1ed9 C).<br \/>\n\u2013 Tr\u00e0 c\u00f3 th\u1ec3 pha 5 l\u1ea7n n\u01b0\u1edbc v\u1eabn gi\u1eef \u0111\u01b0\u1ee3c h\u01b0\u01a1ng v\u1ecb.<\/p>","protected":false},"excerpt":{"rendered":"<p>Ng\u0169 V\u1ecb Tr\u00e0 l\u00e0 b\u1ed9 s\u1ea3n ph\u1ea9m tr\u00e0 cao c\u1ea5p, \u0111\u01b0\u1ee3c k\u1ebft h\u1ee3p t\u1eeb 5 lo\u1ea1i tr\u00e0 th\u01b0\u1ee3ng h\u1ea1ng c\u1ee7a \u0110\u00f4i D\u00e9p bao g\u1ed3m: H\u1ea3o K\u1ef3 Tr\u00e0, Xu\u00e2n Nh\u1eadt Tr\u00e0, Nguy\u00ean V\u1ecb Tr\u00e0, Phong M\u1eadt Tr\u00e0 v\u00e0 Ho\u00e0ng T\u1ef3 Nh\u1eadt Minh. M\u1ed7i lo\u1ea1i tr\u00e0 trong Ng\u0169 V\u1ecb Tr\u00e0 \u0111\u1ec1u mang trong m\u00ecnh nh\u1eefng n\u00e9t h\u01b0\u01a1ng, s\u1eafc, v\u1ecb ri\u00eang bi\u1ec7t m\u00e0 \u0111\u1ed9c \u0111\u00e1o \u0111em l\u1ea1i tr\u1ea3i nghi\u1ec7m th\u01b0\u1edfng tr\u00e0 \u0111a d\u1ea1ng. \u0110\u00e2y l\u00e0 b\u1ed9 s\u1ea3n ph\u1ea9m th\u00edch h\u1ee3p \u0111\u1ec3 l\u00e0m qu\u00e0 t\u1eb7ng cho kh\u00e1ch qu\u00fd, ho\u1eb7c \u0111\u1ec3 th\u01b0\u1edfng th\u1ee9c trong nh\u1eefng d\u1ecbp quan tr\u1ecdng.<\/p>","protected":false},"featured_media":11056,"comment_status":"open","ping_status":"closed","template":"","meta":[],"product_brand":[],"product_cat":[1679],"product_tag":[],"class_list":{"0":"post-11140","1":"product","2":"type-product","3":"status-publish","4":"has-post-thumbnail","6":"product_cat-tra-cao-cap-tra-2","8":"first","9":"instock","10":"shipping-taxable","11":"purchasable","12":"product-type-simple"},"_links":{"self":[{"href":"https:\/\/trarongvang.fulipage.com\/en\/wp-json\/wp\/v2\/product\/11140","targetHints":{"allow":["GET"]}}],"collection":[{"href":"https:\/\/trarongvang.fulipage.com\/en\/wp-json\/wp\/v2\/product"}],"about":[{"href":"https:\/\/trarongvang.fulipage.com\/en\/wp-json\/wp\/v2\/types\/product"}],"replies":[{"embeddable":true,"href":"https:\/\/trarongvang.fulipage.com\/en\/wp-json\/wp\/v2\/comments?post=11140"}],"wp:featuredmedia":[{"embeddable":true,"href":"https:\/\/trarongvang.fulipage.com\/en\/wp-json\/wp\/v2\/media\/11056"}],"wp:attachment":[{"href":"https:\/\/trarongvang.fulipage.com\/en\/wp-json\/wp\/v2\/media?parent=11140"}],"wp:term":[{"taxonomy":"product_brand","embeddable":true,"href":"https:\/\/trarongvang.fulipage.com\/en\/wp-json\/wp\/v2\/product_brand?post=11140"},{"taxonomy":"product_cat","embeddable":true,"href":"https:\/\/trarongvang.fulipage.com\/en\/wp-json\/wp\/v2\/product_cat?post=11140"},{"taxonomy":"product_tag","embeddable":true,"href":"https:\/\/trarongvang.fulipage.com\/en\/wp-json\/wp\/v2\/product_tag?post=11140"}],"curies":[{"name":"wp","href":"https:\/\/api.w.org\/{rel}","templated":true}]}}