{"id":11142,"date":"2026-04-18T15:25:07","date_gmt":"2026-04-18T08:25:07","guid":{"rendered":"https:\/\/trarongvang.fulipage.com\/san-pham\/set-moc-van-tra\/"},"modified":"2026-04-18T15:25:07","modified_gmt":"2026-04-18T08:25:07","slug":"set-moc-van-tra","status":"publish","type":"product","link":"https:\/\/trarongvang.fulipage.com\/en\/product\/set-moc-van-tra\/","title":{"rendered":"SET M\u1ed8C V\u00c2N TR\u00c0"},"content":{"rendered":"<p>-M\u1ed9c V\u00e2n Tr\u00e0 l\u00e0 d\u00f2ng Tr\u00e0 Oolong cao c\u1ea5p mang th\u01b0\u01a1ng hi\u1ec7u Tr\u00e0 R\u1ed3ng V\u00e0ng, \u0111\u1eadm b\u1ea3n s\u1eafc thi\u00ean nhi\u00ean Vi\u1ec7t Nam. Tr\u00e0 \u0111\u01b0\u1ee3c tr\u1ed3ng t\u1ea1i v\u00f9ng Tr\u00e0 n\u1ed5i ti\u1ebfng B\u1ea3o L\u1ed9c, L\u00e2m \u0110\u1ed3ng \u2013 n\u01a1i c\u00f3 kh\u00ed h\u1eadu \u00f4n h\u00f2a v\u00e0 th\u1ed5 nh\u01b0\u1ee1ng m\u00e0u m\u1ee1, cho ra nh\u1eefng b\u00fap Tr\u00e0 t\u01b0\u01a1i non, ch\u1ea5t l\u01b0\u1ee3ng cao.Kh\u00f4ng ch\u1ec9 mang \u0111\u1ebfn h\u01b0\u01a1ng v\u1ecb tinh t\u1ebf, M\u1ed9c V\u00e2n Tr\u00e0 c\u00f2n l\u00e0 l\u1ef1a ch\u1ecdn l\u00fd t\u01b0\u1edfng cho nh\u1eefng ai y\u00eau th\u00edch Tr\u00e0 v\u00e0 quan t\u00e2m \u0111\u1ebfn s\u1ee9c kh\u1ecfe m\u1ed7i ng\u00e0y.<\/p>\n<p> -Ngu\u1ed3n g\u1ed1c &#038; quy tr\u00ecnh s\u1ea3n xu\u1ea5t<\/p>\n<p>-Tr\u00e0 Oolong R\u1ed3ng V\u00e0ng trong set M\u1ed9c V\u00e2n Tr\u00e0 \u0111\u01b0\u1ee3c thu ho\u1ea1ch t\u1eeb c\u00e1c \u0111\u1ed3i Tr\u00e0 tr\u00ean cao nguy\u00ean B\u1ea3o L\u1ed9c. Tr\u00e0 \u0111\u01b0\u1ee3c ch\u1ebf bi\u1ebfn theo ph\u01b0\u01a1ng ph\u00e1p b\u00e1n l\u00ean men, k\u1ebft h\u1ee3p gi\u1eefa k\u1ef9 thu\u1eadt truy\u1ec1n th\u1ed1ng v\u00e0 c\u00f4ng ngh\u1ec7 hi\u1ec7n \u0111\u1ea1i, gi\u00fap gi\u1eef tr\u1ecdn tinh ch\u1ea5t t\u1ef1 nhi\u00ean.<\/p>\n<p>-Th\u00e0nh ph\u1ea9m cho n\u01b0\u1edbc Tr\u00e0 v\u00e0ng \u00f3ng, h\u01b0\u01a1ng th\u01a1m d\u1ecbu nh\u1eb9, h\u1eadu v\u1ecb ng\u1ecdt thanh v\u00e0 s\u00e2u l\u1eafng.<\/p>","protected":false},"excerpt":{"rendered":"<p>\u2013 Th\u00e0nh ph\u1ea7n:100% Tr\u00e0 Oolong<br \/>\n\u2013 Xu\u1ea5t x\u1ee9: B\u1ea3o L\u1ed9c, L\u00e2m \u0110\u1ed3ng<br \/>\n\u2013 Quy c\u00e1ch: H\u1ed9p g\u1ed3m 2 g\u00f3i Tr\u00e0 \u00d4 Long (m\u1ed7i g\u00f3i 250g)<br \/>\n\u2013 H\u1ea1n s\u1eed d\u1ee5ng: 24 th\u00e1ng (In tr\u00ean bao b\u00ec)<br \/>\n-M\u00e0u n\u01b0\u1edbc : m\u00e0u v\u00e0ng xanh, s\u00e1ng trong<br \/>\n-H\u01b0\u01a1ng v\u1ecb : \u0111\u1eadm \u0111\u00e0, ch\u00e1t nh\u1eb9, h\u1eadu v\u1ecb ng\u1ecdt tinh t\u1ebf<\/p>","protected":false},"featured_media":11081,"comment_status":"open","ping_status":"closed","template":"","meta":[],"product_brand":[],"product_cat":[1681],"product_tag":[],"class_list":{"0":"post-11142","1":"product","2":"type-product","3":"status-publish","4":"has-post-thumbnail","6":"product_cat-tra-oolong-tra-thuong-thuc-tra-2","8":"first","9":"instock","10":"shipping-taxable","11":"purchasable","12":"product-type-simple"},"_links":{"self":[{"href":"https:\/\/trarongvang.fulipage.com\/en\/wp-json\/wp\/v2\/product\/11142","targetHints":{"allow":["GET"]}}],"collection":[{"href":"https:\/\/trarongvang.fulipage.com\/en\/wp-json\/wp\/v2\/product"}],"about":[{"href":"https:\/\/trarongvang.fulipage.com\/en\/wp-json\/wp\/v2\/types\/product"}],"replies":[{"embeddable":true,"href":"https:\/\/trarongvang.fulipage.com\/en\/wp-json\/wp\/v2\/comments?post=11142"}],"wp:featuredmedia":[{"embeddable":true,"href":"https:\/\/trarongvang.fulipage.com\/en\/wp-json\/wp\/v2\/media\/11081"}],"wp:attachment":[{"href":"https:\/\/trarongvang.fulipage.com\/en\/wp-json\/wp\/v2\/media?parent=11142"}],"wp:term":[{"taxonomy":"product_brand","embeddable":true,"href":"https:\/\/trarongvang.fulipage.com\/en\/wp-json\/wp\/v2\/product_brand?post=11142"},{"taxonomy":"product_cat","embeddable":true,"href":"https:\/\/trarongvang.fulipage.com\/en\/wp-json\/wp\/v2\/product_cat?post=11142"},{"taxonomy":"product_tag","embeddable":true,"href":"https:\/\/trarongvang.fulipage.com\/en\/wp-json\/wp\/v2\/product_tag?post=11142"}],"curies":[{"name":"wp","href":"https:\/\/api.w.org\/{rel}","templated":true}]}}