{"id":11143,"date":"2026-04-18T15:25:07","date_gmt":"2026-04-18T08:25:07","guid":{"rendered":"https:\/\/trarongvang.fulipage.com\/san-pham\/tra-oolong-rong-vang\/"},"modified":"2026-04-18T15:25:07","modified_gmt":"2026-04-18T08:25:07","slug":"tra-oolong-rong-vang","status":"publish","type":"product","link":"https:\/\/trarongvang.fulipage.com\/en\/product\/tra-oolong-rong-vang\/","title":{"rendered":"TR\u00c0 OOLONG R\u1ed2NG V\u00c0NG"},"content":{"rendered":"<p>Tr\u00e0 Oolong R\u1ed3ng V\u00e0ng c\u00f3 th\u00e0nh ph\u1ea7n t\u1eeb 100% l\u00e0 nh\u1eefng b\u00fap ch\u00e8 Oolong t\u1eeb nh\u1eefng gi\u1ed1ng ch\u00e8 \u0111\u01b0\u1ee3c c\u00e1c chuy\u00ean gia ng\u01b0\u1eddi \u0110\u00e0i Loan tuy\u1ec3n ch\u1ecdn th\u1eed nghi\u1ec7m canh t\u00e1c t\u1ea1i Vi\u1ec7t Nam t\u1eeb nh\u1eefng n\u0103m 90. \u0110\u1ec3 l\u00e0m n\u00ean nh\u1eefng t\u00e1ch Tr\u00e0 oolong tr\u00f2n v\u1ecb thanh thu\u1ea7n, Tr\u00e0 R\u1ed3ng V\u00e0ng lu\u00f4n tu\u00e2n th\u1ee7 nghi\u00eam ng\u1eb7t quy tr\u00ecnh ch\u0103m b\u00f3n nh\u1eb1m \u0111\u1ea3m b\u1ea3o m\u1ed7i b\u00fap Tr\u00e0 \u0111\u1ec1u l\u01a1n l\u00ean an to\u00e0n kh\u00f4ng d\u01b0 l\u01b0\u1ee3ng thu\u1ed1c b\u1ea3o v\u1ec7 th\u1ef1c v\u1eadt.<\/p>\n<p>Tr\u00e0 Oolong R\u1ed3ng V\u00e0ng c\u00f3 ch\u1ee9a r\u1ea5t nhi\u1ec1u ch\u1ea5t dinh d\u01b0\u1ee1ng, bao g\u1ed3m c\u1ea3 viamin v\u00e0 kho\u00e1ng ch\u1ea5t, v\u00ec v\u1eady m\u1ed9t t\u00e1ch Tr\u00e0 m\u1ed7i ng\u00e0y c\u00f3 th\u1ec3 gi\u00fap tinh th\u1ea7n lu\u00f4n t\u1ec9nh t\u00e1o, gi\u1ea3m c\u00e2n hi\u1ec7u qu\u1ea3 v\u00e0 nhi\u1ec1u l\u1ee3i \u00edch kh\u00e1c t\u1ed1t cho s\u1ee9c kh\u1ecfe c\u1ee7a b\u1ea1n.<\/p>","protected":false},"excerpt":{"rendered":"<p>\u2013 Th\u00e0nh ph\u1ea7n: 100% Tr\u00e0 Oolong<br \/>\n\u2013 Xu\u1ea5t x\u1ee9: B\u1ea3o L\u1ed9c, L\u00e2m \u0110\u1ed3ng<br \/>\n\u2013 Quy c\u00e1ch: 250GR\/ T\u00fai<br \/>\n\u2013 H\u1ea1n s\u1eed d\u1ee5ng: 24 th\u00e1ng (In tr\u00ean bao b\u00ec)<br \/>\n-M\u00e0u n\u01b0\u1edbc : m\u00e0u v\u00e0ng xanh, s\u00e1ng trong<br \/>\n-H\u01b0\u01a1ng v\u1ecb : \u0111\u1eadm \u0111\u00e0, ch\u00e1t nh\u1eb9, h\u1eadu v\u1ecb ng\u1ecdt tinh t\u1ebf<\/p>","protected":false},"featured_media":11082,"comment_status":"open","ping_status":"closed","template":"","meta":[],"product_brand":[],"product_cat":[1681],"product_tag":[],"class_list":{"0":"post-11143","1":"product","2":"type-product","3":"status-publish","4":"has-post-thumbnail","6":"product_cat-tra-oolong-tra-thuong-thuc-tra-2","8":"first","9":"instock","10":"shipping-taxable","11":"purchasable","12":"product-type-simple"},"_links":{"self":[{"href":"https:\/\/trarongvang.fulipage.com\/en\/wp-json\/wp\/v2\/product\/11143","targetHints":{"allow":["GET"]}}],"collection":[{"href":"https:\/\/trarongvang.fulipage.com\/en\/wp-json\/wp\/v2\/product"}],"about":[{"href":"https:\/\/trarongvang.fulipage.com\/en\/wp-json\/wp\/v2\/types\/product"}],"replies":[{"embeddable":true,"href":"https:\/\/trarongvang.fulipage.com\/en\/wp-json\/wp\/v2\/comments?post=11143"}],"wp:featuredmedia":[{"embeddable":true,"href":"https:\/\/trarongvang.fulipage.com\/en\/wp-json\/wp\/v2\/media\/11082"}],"wp:attachment":[{"href":"https:\/\/trarongvang.fulipage.com\/en\/wp-json\/wp\/v2\/media?parent=11143"}],"wp:term":[{"taxonomy":"product_brand","embeddable":true,"href":"https:\/\/trarongvang.fulipage.com\/en\/wp-json\/wp\/v2\/product_brand?post=11143"},{"taxonomy":"product_cat","embeddable":true,"href":"https:\/\/trarongvang.fulipage.com\/en\/wp-json\/wp\/v2\/product_cat?post=11143"},{"taxonomy":"product_tag","embeddable":true,"href":"https:\/\/trarongvang.fulipage.com\/en\/wp-json\/wp\/v2\/product_tag?post=11143"}],"curies":[{"name":"wp","href":"https:\/\/api.w.org\/{rel}","templated":true}]}}