{"id":11147,"date":"2026-04-18T15:25:08","date_gmt":"2026-04-18T08:25:08","guid":{"rendered":"https:\/\/trarongvang.fulipage.com\/san-pham\/tra-xanh-moc-75gr\/"},"modified":"2026-04-18T15:25:08","modified_gmt":"2026-04-18T08:25:08","slug":"tra-xanh-moc-75gr","status":"publish","type":"product","link":"https:\/\/trarongvang.fulipage.com\/en\/product\/tra-xanh-moc-75gr\/","title":{"rendered":"TR\u00c0 XANH M\u1ed8C 75GR"},"content":{"rendered":"<p>V\u1edbi nguy\u00ean li\u1ec7u 100% t\u1eeb nh\u1eefng b\u00fap ch\u00e8 xanh ngon nh\u1ea5t, \u0111\u01b0\u1ee3c ch\u0103m b\u00f3n c\u1ea9n th\u1eadn v\u00e0 thu ho\u1ea1ch k\u1ef9, \u0111em \u0111\u1ebfn cho ng\u01b0\u1eddi th\u01b0\u1edfng th\u1ee9c t\u00e1ch Tr\u00e0 xanh R\u1ed3ng V\u00e0ng thanh thu\u1ea7n, tr\u00f2n v\u1eb9n v\u1ecb \u2013 h\u01b0\u01a1ng. N\u01b0\u1edbc m\u00e0u xanh v\u00e0ng trong v\u1eaft, h\u01b0\u01a1ng th\u01a1m nh\u1eb9 nh\u00e0ng. Tr\u00e0 xanh c\u00f3 h\u01b0\u01a1ng v\u1ecb t\u1ef1a nh\u01b0 n\u1eafng s\u1edbm \u0111\u1ea7u ng\u00e0y, v\u1edbi h\u01b0\u01a1ng hoa c\u1ecf d\u1ecbu d\u00e0ng, xen l\u1eabn v\u1ecb ch\u00e1t nh\u1eb9 tinh t\u1ebf. Khi th\u01b0\u1edfng th\u1ee9c, \u0111\u1ea7u ti\u00ean l\u00e0 v\u1ecb ch\u00e1t d\u1ecbu tr\u00ean \u0111\u1ea7u l\u01b0\u1ee1i, v\u1ec1 sau l\u00e0 v\u1ecb ng\u1ecdt lan t\u1ecfa n\u01a1i cu\u1ed1ng h\u1ecdng.<\/p>\n<p>Tr\u00e0 xanh R\u1ed3ng V\u00e0ng c\u00f3 th\u1ec3 u\u1ed1ng m\u1ed9c, ho\u1eb7c d\u1ec7t c\u00f9ng c\u00e1c lo\u1ea1i hoa, c\u00e1c lo\u1ea1i th\u1ea3o m\u1ed9c cho h\u01b0\u01a1ng v\u1ecb th\u00eam bay b\u1ed5ng. \u0110\u1ec3 gi\u1eef \u0111\u01b0\u1ee3c h\u01b0\u01a1ng v\u1ecb thu\u1ea7n t\u00fay nh\u1ea5t c\u1ee7a tr\u00e0 xanh, ngay t\u1eeb khi v\u1eeba h\u00e1i xu\u1ed1ng, c\u00e1c b\u00fap ch\u00e8 \u0111\u01b0\u1ee3c l\u00e0m h\u00e9o v\u00e0 x\u00e0o ho\u1eb7c h\u1ea5p \u0111\u1ec3 ng\u0103n ch\u1eb7n qu\u00e1 tr\u00ecnh oxy h\u00f3a, c\u0169ng v\u00ec v\u1eady m\u00e0 tr\u00e0 xanh c\u00f3 th\u1ec3 gi\u1eef \u0111c h\u01b0\u01a1ng v\u1ecb v\u1ed1n c\u00f3, n\u01b0\u1edbc pha ra c\u00f3 m\u00e0u xanh m\u01b0\u1edbt m\u00e1t, m\u00f9i l\u00faa non ( tr\u00e0 h\u1ea5p) ho\u1eb7c m\u00f9i kh\u00e9t (tr\u00e0 x\u00e0o) c\u00f9ng v\u1ecb \u0111\u1eafng ch\u00e1t \u0111\u1eb7c tr\u01b0ng.<\/p>","protected":false},"excerpt":{"rendered":"<p>&#8211; Th\u00e0nh ph\u1ea7n: 100%  b\u00fap ch\u00e8 xanh<br \/>\n-Xu\u1ea5t x\u1ee9: B\u1ea3o L\u1ed9c, L\u00e2m \u0110\u1ed3ng, Vi\u1ec7t Nam.<br \/>\n-Quy c\u00e1ch: 75gr\/ T\u00fai<br \/>\n-M\u00e0u n\u01b0\u1edbc : tho\u00e1ng \u00edt v\u1ecb ch\u00e1t, m\u00e0u n\u01b0\u1edbc xanh thanh khi\u1ebft<br \/>\n-H\u01b0\u01a1ng v\u1ecb: th\u01a1m h\u01b0\u01a1ng c\u1ed1m non.<\/p>","protected":false},"featured_media":11078,"comment_status":"open","ping_status":"closed","template":"","meta":[],"product_brand":[],"product_cat":[1681],"product_tag":[],"class_list":{"0":"post-11147","1":"product","2":"type-product","3":"status-publish","4":"has-post-thumbnail","6":"product_cat-tra-oolong-tra-thuong-thuc-tra-2","8":"first","9":"instock","10":"shipping-taxable","11":"purchasable","12":"product-type-simple"},"_links":{"self":[{"href":"https:\/\/trarongvang.fulipage.com\/en\/wp-json\/wp\/v2\/product\/11147","targetHints":{"allow":["GET"]}}],"collection":[{"href":"https:\/\/trarongvang.fulipage.com\/en\/wp-json\/wp\/v2\/product"}],"about":[{"href":"https:\/\/trarongvang.fulipage.com\/en\/wp-json\/wp\/v2\/types\/product"}],"replies":[{"embeddable":true,"href":"https:\/\/trarongvang.fulipage.com\/en\/wp-json\/wp\/v2\/comments?post=11147"}],"wp:featuredmedia":[{"embeddable":true,"href":"https:\/\/trarongvang.fulipage.com\/en\/wp-json\/wp\/v2\/media\/11078"}],"wp:attachment":[{"href":"https:\/\/trarongvang.fulipage.com\/en\/wp-json\/wp\/v2\/media?parent=11147"}],"wp:term":[{"taxonomy":"product_brand","embeddable":true,"href":"https:\/\/trarongvang.fulipage.com\/en\/wp-json\/wp\/v2\/product_brand?post=11147"},{"taxonomy":"product_cat","embeddable":true,"href":"https:\/\/trarongvang.fulipage.com\/en\/wp-json\/wp\/v2\/product_cat?post=11147"},{"taxonomy":"product_tag","embeddable":true,"href":"https:\/\/trarongvang.fulipage.com\/en\/wp-json\/wp\/v2\/product_tag?post=11147"}],"curies":[{"name":"wp","href":"https:\/\/api.w.org\/{rel}","templated":true}]}}