{"id":11149,"date":"2026-04-18T15:25:08","date_gmt":"2026-04-18T08:25:08","guid":{"rendered":"https:\/\/trarongvang.fulipage.com\/san-pham\/tra-xanh-huong-lai-75gr\/"},"modified":"2026-04-18T15:25:08","modified_gmt":"2026-04-18T08:25:08","slug":"tra-xanh-huong-lai-75gr","status":"publish","type":"product","link":"https:\/\/trarongvang.fulipage.com\/en\/product\/tra-xanh-huong-lai-75gr\/","title":{"rendered":"TR\u00c0 XANH H\u01af\u01a0NG L\u00c0I 75GR"},"content":{"rendered":"<p>V\u1ecb ch\u00e1t c\u1ee7a tr\u00e0 xanh, h\u00f2a quy\u1ec7n c\u00f9ng h\u01b0\u01a1ng hoa l\u00e0i t\u1ef1 nhi\u00ean, c\u00e0ng th\u00eam th\u0103ng hoa, bay b\u1ed5ng.<\/p>\n<p>V\u1edbi nguy\u00ean li\u1ec7u 100% t\u1eeb nh\u1eefng b\u00fap ch\u00e8 xanh ngon nh\u1ea5t, \u0111\u01b0\u1ee3c ch\u0103m b\u00f3n c\u1ea9n th\u1eadn v\u00e0 thu ho\u1ea1ch k\u1ef9, sao ch\u1ebf c\u1ea7u k\u00ec, \u0111em \u0111\u1ebfn cho ng\u01b0\u1eddi th\u01b0\u1edfng th\u1ee9c t\u00e1ch tr\u00e0 xanh thanh thu\u1ea7n, tr\u00f2n v\u1eb9n v\u1ecb \u2013 h\u01b0\u01a1ng.<\/p>\n<p>Tr\u00e0 l\u00e0i R\u1ed3ng V\u00e0ng d\u1ea1ng g\u00f3i \u0111em \u0111\u1ebfn cho ng\u01b0\u1eddi th\u01b0\u1edfng th\u1ee9c t\u00e1ch tr\u00e0 l\u00e0i thanh thu\u1ea7n, tr\u00f2n v\u1eb9n v\u1ecb \u2013 h\u01b0\u01a1ng. M\u00e0u n\u01b0\u1edbc v\u00e0ng s\u00e1ng \u00f3ng \u00e1nh, h\u01b0\u01a1ng tr\u00e0 th\u01a1m ng\u1ecdt ng\u00e0o v\u00e0 tinh t\u1ebf. V\u1ecb tr\u00e0 ch\u00e1t nh\u1eb9, mang theo h\u01b0\u01a1ng hoa nh\u00e0i quy\u1ebfn r\u0169, \u0111\u1ec3 l\u1ea1i v\u1ecb ng\u1ecdt h\u1eadu n\u01a1i c\u1ed5 h\u1ecdng sau khi th\u01b0\u1edfng th\u1ee9c.<\/p>","protected":false},"excerpt":{"rendered":"<p>&#8211; Th\u00e0nh ph\u1ea7n: 100%  b\u00fap ch\u00e8 xanh<br \/>\n-Xu\u1ea5t x\u1ee9: B\u1ea3o L\u1ed9c, L\u00e2m \u0110\u1ed3ng, Vi\u1ec7t Nam.<br \/>\n-Quy c\u00e1ch: 75gr\/ T\u00fai<br \/>\n-M\u00e0u n\u01b0\u1edbc : tho\u00e1ng \u00edt v\u1ecb ch\u00e1t, m\u00e0u n\u01b0\u1edbc xanh thanh khi\u1ebft<\/p>\n<p>-H\u01b0\u01a1ng v\u1ecb: m\u1ecbn m\u00e0ng, m\u1ec1m m\u1ea1i, m\u00f9i v\u1ecb tinh t\u1ebf v\u1edbi h\u01b0\u01a1ng th\u01a1m c\u1ee7a hoa nh\u00e0i c\u00f9ng h\u01b0\u01a1ng th\u01a1m \u0111\u1eb7c tr\u01b0ng c\u1ee7a Tr\u00e0 Xanh.<\/p>","protected":false},"featured_media":11084,"comment_status":"open","ping_status":"closed","template":"","meta":[],"product_brand":[],"product_cat":[1681],"product_tag":[],"class_list":{"0":"post-11149","1":"product","2":"type-product","3":"status-publish","4":"has-post-thumbnail","6":"product_cat-tra-oolong-tra-thuong-thuc-tra-2","8":"first","9":"instock","10":"shipping-taxable","11":"purchasable","12":"product-type-simple"},"_links":{"self":[{"href":"https:\/\/trarongvang.fulipage.com\/en\/wp-json\/wp\/v2\/product\/11149","targetHints":{"allow":["GET"]}}],"collection":[{"href":"https:\/\/trarongvang.fulipage.com\/en\/wp-json\/wp\/v2\/product"}],"about":[{"href":"https:\/\/trarongvang.fulipage.com\/en\/wp-json\/wp\/v2\/types\/product"}],"replies":[{"embeddable":true,"href":"https:\/\/trarongvang.fulipage.com\/en\/wp-json\/wp\/v2\/comments?post=11149"}],"wp:featuredmedia":[{"embeddable":true,"href":"https:\/\/trarongvang.fulipage.com\/en\/wp-json\/wp\/v2\/media\/11084"}],"wp:attachment":[{"href":"https:\/\/trarongvang.fulipage.com\/en\/wp-json\/wp\/v2\/media?parent=11149"}],"wp:term":[{"taxonomy":"product_brand","embeddable":true,"href":"https:\/\/trarongvang.fulipage.com\/en\/wp-json\/wp\/v2\/product_brand?post=11149"},{"taxonomy":"product_cat","embeddable":true,"href":"https:\/\/trarongvang.fulipage.com\/en\/wp-json\/wp\/v2\/product_cat?post=11149"},{"taxonomy":"product_tag","embeddable":true,"href":"https:\/\/trarongvang.fulipage.com\/en\/wp-json\/wp\/v2\/product_tag?post=11149"}],"curies":[{"name":"wp","href":"https:\/\/api.w.org\/{rel}","templated":true}]}}