{"id":11151,"date":"2026-04-18T15:25:08","date_gmt":"2026-04-18T08:25:08","guid":{"rendered":"https:\/\/trarongvang.fulipage.com\/san-pham\/matcha-oolong-tea\/"},"modified":"2026-04-18T15:25:08","modified_gmt":"2026-04-18T08:25:08","slug":"matcha-oolong-tea","status":"publish","type":"product","link":"https:\/\/trarongvang.fulipage.com\/en\/product\/matcha-oolong-tea\/","title":{"rendered":"MATCHA OOLONG TEA"},"content":{"rendered":"<p>\u0110\u01b0\u1ee3c tuy\u1ec3n ch\u1ecdn k\u1ef9 l\u01b0\u1ee1ng t\u1eeb nh\u1eefng b\u00fap Tr\u00e0 Olong t\u01b0\u01a1i, k\u1ebft h\u1ee3p c\u00f9ng ph\u01b0\u01a1ng ph\u00e1p x\u00e0o \u0111\u1eb7c tr\u01b0ng c\u1ee7a \u0110\u00e0i Loan, Matcha Olong Tea mang \u0111\u1ebfn h\u01b0\u01a1ng v\u1ecb \u0111\u1eadm \u0111\u00e0, b\u00e9o nh\u1eb9, tho\u00e1ng ch\u00fat \u0111\u1eafng ch\u00e1t tinh t\u1ebf, \u0111\u1ec3 l\u1ea1i h\u1eadu v\u1ecb s\u00e2u v\u00e0 d\u1ec5 ch\u1ecbu kh\u00f3 qu\u00ean.<\/p>\n<p>M\u00e0u xanh olive tr\u1ea7m \u1ea5m, c\u00f9ng h\u01b0\u01a1ng th\u1ea3o m\u1ed9c, c\u1ecf non v\u00e0 \u0111\u1eadu t\u01b0\u01a1i h\u00f2a quy\u1ec7n, g\u1ee3i c\u1ea3m gi\u00e1c th\u01b0 gi\u00e3n, thanh khi\u1ebft v\u00e0 t\u1ef1 nhi\u00ean.<\/p>\n<p>B\u1ed9t Tr\u00e0 m\u1ecbn, d\u1ec5 h\u00f2a tan, t\u1ea1o l\u1edbp b\u1ecdt m\u01b0\u1ee3t m\u00e0, th\u1ec3 hi\u1ec7n r\u00f5 ch\u1ea5t l\u01b0\u1ee3ng tinh khi\u1ebft v\u00e0 s\u1ef1 ch\u0103m ch\u00fat trong t\u1eebng c\u00f4ng \u0111o\u1ea1n ch\u1ebf bi\u1ebfn. Kh\u00f4ng ch\u1ec9 d\u00e0nh cho nh\u1eefng ai y\u00eau th\u01b0\u1edfng Tr\u00e0, Matcha Olong Tea c\u00f2n l\u00e0 nguy\u00ean li\u1ec7u l\u00fd t\u01b0\u1edfng \u0111\u1ec3 l\u00e0m b\u00e1nh, k\u1eb9o, ho\u1eb7c c\u00e1c m\u00f3n \u0111\u1ed3 u\u1ed1ng s\u00e1ng t\u1ea1o, gi\u00fap b\u1ea1n tho\u1ea3 s\u1ee9c bi\u1ebfn t\u1ea5u theo phong c\u00e1ch ri\u00eang.<\/p>\n<p>L\u1ef1a ch\u1ecdn ho\u00e0n h\u1ea3o cho ng\u01b0\u1eddi y\u00eau h\u01b0\u01a1ng v\u1ecb Tr\u00e0 nguy\u00ean ch\u1ea5t \u2013 v\u1eeba mang h\u01a1i th\u1edf truy\u1ec1n th\u1ed1ng, v\u1eeba tinh t\u1ebf, hi\u1ec7n \u0111\u1ea1i.<\/p>","protected":false},"excerpt":{"rendered":"<p>&#8211; Th\u00e0nh ph\u1ea7n: tuy\u1ec3n ch\u1ecdn k\u1ef9 l\u01b0\u1ee1ng t\u1eeb nh\u1eefng b\u00fap Tr\u00e0 Olong t\u01b0\u01a1i<br \/>\n-Xu\u1ea5t x\u1ee9: B\u1ea3o L\u1ed9c, L\u00e2m \u0110\u1ed3ng, Vi\u1ec7t Nam.<br \/>\n-Quy c\u00e1ch: 100gr\/ T\u00fai<br \/>\n-M\u00e0u s\u1eafc: M\u00e0u xanh olive &#8211; l\u1ee5c \u0111\u1eadm h\u01a1i ng\u1ea3 v\u00e0ng.<br \/>\n-H\u01b0\u01a1ng th\u01a1m: H\u01b0\u01a1ng th\u01a1m h\u00f2a quy\u1ec7n gi\u1eefa th\u1ea3o m\u1ed9c, c\u1ecf non v\u00e0 \u0111\u1eadu t\u01b0\u01a1i.<br \/>\n-H\u01b0\u01a1ng v\u1ecb: V\u1ecb \u0111\u1eadm \u0111\u00e0, b\u00e9o, tho\u00e1ng ch\u00fat \u0111\u1eafng ch\u00e1t nh\u1eb9 \u1edf h\u1eadu v\u1ecb.<\/p>","protected":false},"featured_media":11087,"comment_status":"open","ping_status":"closed","template":"","meta":[],"product_brand":[],"product_cat":[1682],"product_tag":[],"class_list":{"0":"post-11151","1":"product","2":"type-product","3":"status-publish","4":"has-post-thumbnail","6":"product_cat-matcha-tra-thuong-thuc-tra-2","8":"first","9":"instock","10":"shipping-taxable","11":"purchasable","12":"product-type-simple"},"_links":{"self":[{"href":"https:\/\/trarongvang.fulipage.com\/en\/wp-json\/wp\/v2\/product\/11151","targetHints":{"allow":["GET"]}}],"collection":[{"href":"https:\/\/trarongvang.fulipage.com\/en\/wp-json\/wp\/v2\/product"}],"about":[{"href":"https:\/\/trarongvang.fulipage.com\/en\/wp-json\/wp\/v2\/types\/product"}],"replies":[{"embeddable":true,"href":"https:\/\/trarongvang.fulipage.com\/en\/wp-json\/wp\/v2\/comments?post=11151"}],"wp:featuredmedia":[{"embeddable":true,"href":"https:\/\/trarongvang.fulipage.com\/en\/wp-json\/wp\/v2\/media\/11087"}],"wp:attachment":[{"href":"https:\/\/trarongvang.fulipage.com\/en\/wp-json\/wp\/v2\/media?parent=11151"}],"wp:term":[{"taxonomy":"product_brand","embeddable":true,"href":"https:\/\/trarongvang.fulipage.com\/en\/wp-json\/wp\/v2\/product_brand?post=11151"},{"taxonomy":"product_cat","embeddable":true,"href":"https:\/\/trarongvang.fulipage.com\/en\/wp-json\/wp\/v2\/product_cat?post=11151"},{"taxonomy":"product_tag","embeddable":true,"href":"https:\/\/trarongvang.fulipage.com\/en\/wp-json\/wp\/v2\/product_tag?post=11151"}],"curies":[{"name":"wp","href":"https:\/\/api.w.org\/{rel}","templated":true}]}}