{"id":11153,"date":"2026-04-18T15:25:08","date_gmt":"2026-04-18T08:25:08","guid":{"rendered":"https:\/\/trarongvang.fulipage.com\/san-pham\/tra-oolong-lai\/"},"modified":"2026-04-18T15:25:09","modified_gmt":"2026-04-18T08:25:09","slug":"tra-oolong-lai","status":"publish","type":"product","link":"https:\/\/trarongvang.fulipage.com\/en\/product\/tra-oolong-lai\/","title":{"rendered":"TR\u00c0 OOLONG L\u00c0I"},"content":{"rendered":"<p>TR\u00c0 OOLONG L\u00c0I l\u00e0 m\u1ed9t s\u1ea3n ph\u1ea9m tr\u00e0 olong \u0111\u1ed9c \u0111\u00e1o v\u1edbi h\u01b0\u01a1ng th\u01a1m hoa l\u00e0i. S\u1ea3n ph\u1ea9m n\u00e0y l\u00e0 m\u1ed9t bi\u1ec3u t\u01b0\u1ee3ng c\u1ee7a s\u1ef1 tinh khi\u1ebft v\u00e0 nguy\u00ean b\u1ea3n c\u1ee7a tr\u00e0 olong.<\/p>\n<p>S\u1ea3n ph\u1ea9m \u0111\u01b0\u1ee3c l\u00e0m t\u1eeb 98% b\u00fap Tr\u00e0 olong tinh khi\u1ebft v\u00e0 2% hoa l\u00e0i, c\u00f9ng v\u1edbi s\u1ef1 c\u1ea9n th\u1eadn trong qu\u00e1 tr\u00ecnh ch\u1ebf bi\u1ebfn, mang l\u1ea1i h\u01b0\u01a1ng v\u1ecb \u0111\u1ed9c \u0111\u00e1o v\u00e0 tinh t\u1ebf.<\/p>\n<p>H\u01b0\u01a1ng th\u01a1m L\u00e0i t\u1ef1 nhi\u00ean:<br \/>\nH\u01b0\u01a1ng th\u01a1m c\u1ee7a TR\u00c0 OOLONG L\u00c0I l\u00e0 \u0111i\u1ec3m \u0111\u1eb7c bi\u1ec7t c\u1ee7a s\u1ea3n ph\u1ea9m n\u00e0y. H\u01b0\u01a1ng l\u00e0i t\u1ecfa ra m\u1ed9t m\u00f9i th\u01a1m t\u1ef1 nhi\u00ean v\u00e0 d\u1ecbu nh\u1eb9, khi\u1ebfn b\u1ea1n c\u1ea3m nh\u1eadn \u0111\u01b0\u1ee3c s\u1ef1 thanh khi\u1ebft c\u1ee7a thi\u00ean nhi\u00ean trong t\u1eebng h\u01a1i th\u1edf.<\/p>\n<p>V\u1ecb ng\u1ecdt nh\u1eb9, h\u1eadu v\u1ecb thanh:<br \/>\nV\u1edbi h\u01b0\u01a1ng v\u1ecb ng\u1ecdt nh\u1eb9 v\u00e0 h\u1eadu v\u1ecb thanh, TR\u00c0 OLONG L\u00c0I l\u00e0 m\u1ed9t tr\u1ea3i nghi\u1ec7m h\u01b0\u01a1ng v\u1ecb tinh t\u1ebf v\u00e0 s\u00e2u l\u1eafng. H\u01b0\u01a1ng v\u1ecb \u0111\u1ed9c \u0111\u00e1o c\u1ee7a tr\u00e0 olong k\u1ebft h\u1ee3p ho\u00e0n h\u1ea3o v\u1edbi h\u01b0\u01a1ng l\u00e0i t\u1ef1 nhi\u00ean, t\u1ea1o n\u00ean m\u1ed9t s\u1ef1 k\u1ebft h\u1ee3p tuy\u1ec7t v\u1eddi.<\/p>\n<p>M\u00e0u s\u1eafc t\u1ef1 nhi\u00ean:<br \/>\nS\u1ea3n ph\u1ea9m c\u00f3 m\u00e0u xanh nh\u1eb9 t\u1ef1 nhi\u00ean, th\u1ec3 hi\u1ec7n s\u1ef1 t\u01b0\u01a1i m\u00e1t v\u00e0 thanh khi\u1ebft c\u1ee7a tr\u00e0 olong v\u00e0 h\u01b0\u01a1ng th\u01a1m c\u1ee7a hoa l\u00e0i.<\/p>","protected":false},"excerpt":{"rendered":"<p>-Th\u00e0nh ph\u1ea7n : \u0111\u1ecdt Tr\u00e0 Oolong \u0110\u00e0i Loan<br \/>\n-Xu\u1ea5t x\u1ee9 : B\u1ea3o L\u1ed9c<br \/>\n-\u0110\u00f3ng g\u00f3i: 500gR\/ T\u00fai<br \/>\n-H\u00ecnh d\u1ea1ng : vi\u00ean tr\u00f2n nh\u1ecf, m\u00e0u xanh n\u00e2u<br \/>\n-M\u00e0u n\u01b0\u1edbc : m\u00e0u v\u00e0ng h\u1ed5 ph\u00e1ch<br \/>\n-M\u00f9i v\u1ecb : h\u01b0\u01a1ng kh\u00f3i \u0111\u1eadm \u0111\u00e0, v\u1ecb \u0111\u1eadm, ch\u00e1t nh\u1eb9, h\u1eadu v\u1ecb ng\u1ecdt tinh t\u1ebf<\/p>","protected":false},"featured_media":11106,"comment_status":"open","ping_status":"closed","template":"","meta":[],"product_brand":[],"product_cat":[1683],"product_tag":[],"class_list":{"0":"post-11153","1":"product","2":"type-product","3":"status-publish","4":"has-post-thumbnail","6":"product_cat-tra-nguyen-lieu-tra-2","8":"first","9":"instock","10":"shipping-taxable","11":"purchasable","12":"product-type-simple"},"_links":{"self":[{"href":"https:\/\/trarongvang.fulipage.com\/en\/wp-json\/wp\/v2\/product\/11153","targetHints":{"allow":["GET"]}}],"collection":[{"href":"https:\/\/trarongvang.fulipage.com\/en\/wp-json\/wp\/v2\/product"}],"about":[{"href":"https:\/\/trarongvang.fulipage.com\/en\/wp-json\/wp\/v2\/types\/product"}],"replies":[{"embeddable":true,"href":"https:\/\/trarongvang.fulipage.com\/en\/wp-json\/wp\/v2\/comments?post=11153"}],"wp:featuredmedia":[{"embeddable":true,"href":"https:\/\/trarongvang.fulipage.com\/en\/wp-json\/wp\/v2\/media\/11106"}],"wp:attachment":[{"href":"https:\/\/trarongvang.fulipage.com\/en\/wp-json\/wp\/v2\/media?parent=11153"}],"wp:term":[{"taxonomy":"product_brand","embeddable":true,"href":"https:\/\/trarongvang.fulipage.com\/en\/wp-json\/wp\/v2\/product_brand?post=11153"},{"taxonomy":"product_cat","embeddable":true,"href":"https:\/\/trarongvang.fulipage.com\/en\/wp-json\/wp\/v2\/product_cat?post=11153"},{"taxonomy":"product_tag","embeddable":true,"href":"https:\/\/trarongvang.fulipage.com\/en\/wp-json\/wp\/v2\/product_tag?post=11153"}],"curies":[{"name":"wp","href":"https:\/\/api.w.org\/{rel}","templated":true}]}}