{"id":11154,"date":"2026-04-18T15:25:09","date_gmt":"2026-04-18T08:25:09","guid":{"rendered":"https:\/\/trarongvang.fulipage.com\/san-pham\/tra-oolong-xanh\/"},"modified":"2026-04-18T15:25:09","modified_gmt":"2026-04-18T08:25:09","slug":"tra-oolong-xanh","status":"publish","type":"product","link":"https:\/\/trarongvang.fulipage.com\/en\/product\/tra-oolong-xanh\/","title":{"rendered":"TR\u00c0 OOLONG XANH"},"content":{"rendered":"<p>TR\u00c0 OOLONG XANH c\u00f3 th\u00e0nh ph\u1ea7n t\u1eeb 100% b\u00fap tr\u00e0 oolong cao c\u1ea5p, l\u00ean men th\u1ea5p \u0111\u1ec3 gi\u1eef l\u1ea1i h\u01b0\u01a1ng v\u00e0 v\u1ecb nguy\u00ean b\u1ea3n c\u1ee7a tr\u00e0 oolong, d\u1ea1ng tr\u00e0 t\u1ea5m nh\u1ecf, ph\u00f9 h\u1ee3p \u0111\u1ec3 \u1ee7 tr\u00e0 ph\u1ee5c v\u1ee5\/pha ch\u1ebf v\u1edbi s\u1ed1 l\u01b0\u1ee3ng l\u1edbn.<\/p>\n<p>H\u01b0\u01a1ng Hoa h\u00f2a quy\u1ec7n H\u01b0\u01a1ng M\u1ea1 Non T\u01b0\u01a1i M\u1edbi:<br \/>\nH\u01b0\u01a1ng th\u01a1m c\u1ee7a Tr\u00e0 Oolong Xanh l\u00e0 s\u1ef1 h\u00f2a quy\u1ec7n c\u1ee7a h\u01b0\u01a1ng th\u01a1m c\u00e1c lo\u00e0i hoa v\u00e0 h\u01b0\u01a1ng ng\u1ecdt ng\u00e0o, t\u01b0\u01a1i m\u1edbi c\u1ee7a m\u1ea1 non, \u0111em l\u1ea1i c\u1ea3m gi\u00e1c s\u1ea3ng kho\u00e1i, th\u01b0 th\u00e1i cho ng\u01b0\u1eddi th\u01b0\u1edfng th\u1ee9c.<\/p>\n<p>V\u1ecb Thanh Nh\u1eb9, H\u1eadu V\u1ecb Ng\u1ecdt Ng\u00e0o:<br \/>\nV\u1ecb c\u1ee7a Tr\u00e0 Oolong Xanh thanh ng\u1ecdt, \u0111\u1eafng nh\u1eb9, h\u1eadu v\u1ecb ng\u1ecdt kh\u00f4ng ch\u00e1t, l\u00e0 n\u1ec1n Tr\u00e0 ho\u00e0n h\u1ea3o cho c\u00e1c m\u00f3n tr\u00e0 tr\u00e1i c\u00e2y thanh m\u00e1t, nh\u1eb9 nh\u00e0ng v\u00e0 c\u00e1c lo\u1ea1i Tr\u00e0 s\u1eefa c\u1ea7n v\u1ecb tr\u00e0 \u0111\u1eadm \u0111\u00e0.<\/p>\n<p>M\u00e0u S\u1eafc Quy\u1ebfn R\u0169:<br \/>\nTr\u00e0 sau khi pha c\u00f3 m\u00e0u xanh v\u00e0ng t\u01b0\u01a1i s\u00e1ng, trong tr\u1ebbo, \u0111em l\u1ea1i c\u1ea3m gi\u00e1c t\u01b0\u01a1i m\u1edbi, thanh m\u00e1t cho m\u00f3n n\u01b0\u1edbc c\u1ee7a b\u1ea1n.<\/p>","protected":false},"excerpt":{"rendered":"<p>-Th\u00e0nh ph\u1ea7n : \u0111\u1ecdt tr\u00e0 oolong<br \/>\n-Xu\u1ea5t x\u1ee9 : B\u1ea3o L\u1ed9c<br \/>\n-\u0110\u00f3ng g\u00f3i: 500GR\/ T\u00fai<br \/>\n-M\u00e0u n\u01b0\u1edbc: m\u00e0u xanh v\u00e0ng t\u01b0\u01a1i s\u00e1ng, trong tr\u1ebbo<br \/>\n-M\u00f9i v\u1ecb: v\u1ecb thanh ng\u1ecdt t\u1ef1 nhi\u00ean, h\u1eadu v\u1ecb ng\u1ecdt kh\u00f4ng ch\u00e1t.<\/p>","protected":false},"featured_media":0,"comment_status":"open","ping_status":"closed","template":"","meta":[],"product_brand":[],"product_cat":[1683],"product_tag":[],"class_list":{"0":"post-11154","1":"product","2":"type-product","3":"status-publish","5":"product_cat-tra-nguyen-lieu-tra-2","7":"first","8":"instock","9":"shipping-taxable","10":"purchasable","11":"product-type-simple"},"_links":{"self":[{"href":"https:\/\/trarongvang.fulipage.com\/en\/wp-json\/wp\/v2\/product\/11154","targetHints":{"allow":["GET"]}}],"collection":[{"href":"https:\/\/trarongvang.fulipage.com\/en\/wp-json\/wp\/v2\/product"}],"about":[{"href":"https:\/\/trarongvang.fulipage.com\/en\/wp-json\/wp\/v2\/types\/product"}],"replies":[{"embeddable":true,"href":"https:\/\/trarongvang.fulipage.com\/en\/wp-json\/wp\/v2\/comments?post=11154"}],"wp:attachment":[{"href":"https:\/\/trarongvang.fulipage.com\/en\/wp-json\/wp\/v2\/media?parent=11154"}],"wp:term":[{"taxonomy":"product_brand","embeddable":true,"href":"https:\/\/trarongvang.fulipage.com\/en\/wp-json\/wp\/v2\/product_brand?post=11154"},{"taxonomy":"product_cat","embeddable":true,"href":"https:\/\/trarongvang.fulipage.com\/en\/wp-json\/wp\/v2\/product_cat?post=11154"},{"taxonomy":"product_tag","embeddable":true,"href":"https:\/\/trarongvang.fulipage.com\/en\/wp-json\/wp\/v2\/product_tag?post=11154"}],"curies":[{"name":"wp","href":"https:\/\/api.w.org\/{rel}","templated":true}]}}