{"id":11155,"date":"2026-04-18T15:25:09","date_gmt":"2026-04-18T08:25:09","guid":{"rendered":"https:\/\/trarongvang.fulipage.com\/san-pham\/tra-oolong-lai-rang\/"},"modified":"2026-04-18T15:25:09","modified_gmt":"2026-04-18T08:25:09","slug":"tra-oolong-lai-rang","status":"publish","type":"product","link":"https:\/\/trarongvang.fulipage.com\/en\/product\/tra-oolong-lai-rang\/","title":{"rendered":"TR\u00c0 OOLONG L\u00c0I RANG"},"content":{"rendered":"<p>TR\u00c0 OOLONG L\u00c0I RANG l\u00e0 s\u1ef1 k\u1ebft h\u1ee3p \u0111\u1ed9c \u0111\u00e1o c\u1ee7a h\u01b0\u01a1ng v\u1ecb \u0111\u1eadm \u0111\u00e0 v\u00e0 h\u01b0\u01a1ng th\u01a1m \u0111\u1eb7c tr\u01b0ng c\u1ee7a hoa l\u00e0i, h\u01b0\u01a1ng kh\u00f3i m\u1ed9c m\u1ea1c t\u1eeb qu\u00e1 tr\u00ecnh s\u1ea5y tr\u00e0 oolong. S\u1ea3n ph\u1ea9m \u0111\u01b0\u1ee3c ch\u1ebf bi\u1ebfn t\u1eeb 100% b\u00fap tr\u00e0 oolong v\u00e0 tr\u1ea3i qua qu\u00e1 tr\u00ecnh s\u1ea5y tinh \u0111\u1eb7c bi\u1ec7t.<\/p>\n<p>H\u01b0\u01a1ng Th\u01a1m Smoky Lan To\u1ea3 \u2013 H\u01b0\u01a1ng Hoa L\u00e0i N\u1ed3ng N\u00e0n:<br \/>\nH\u01b0\u01a1ng th\u01a1m \u0111\u1eb7c tr\u01b0ng c\u1ee7a TR\u00c0 OLONG L\u00c0I RANG lan t\u1ecfa m\u1ea1nh m\u1ebd, \u0111em l\u1ea1i c\u1ea3m gi\u00e1c \u1ea5m \u00e1p v\u00e0 \u0111\u1ea7y \u1ea5n t\u01b0\u1ee3ng. H\u01b0\u01a1ng hoa l\u00e0i n\u1ed3ng n\u00e0n h\u00f2a quy\u1ec7n c\u00f9ng smoky \u1ea5m \u00e1p l\u00e0 \u0111i\u1ec3m \u0111\u1eb7c bi\u1ec7t c\u1ee7a s\u1ea3n ph\u1ea9m, t\u1ea1o n\u00ean \u0111i\u1ec3m nh\u1ea5n kh\u00e1c bi\u1ec7t cho m\u00f3n tr\u00e0 s\u1eefa c\u1ee7a b\u1ea1n.<\/p>\n<p>H\u01b0\u01a1ng V\u1ecb \u0110\u1eadm \u0110\u00e0, H\u1eadu V\u1ecb Th\u01a1m:<br \/>\nV\u1ecb tr\u00e0 \u0111\u1eadm \u0111\u00e0 \u0111\u01b0\u1ee3c c\u00e2n b\u1eb1ng m\u1ed9t c\u00e1ch ho\u00e0n h\u1ea3o v\u1edbi h\u1eadu v\u1ecb th\u01a1m ngon, t\u1ea1o n\u00ean s\u1ef1 h\u00e0i h\u00f2a v\u00e0 \u0111\u1ed9c \u0111\u00e1o trong t\u1eebng ly tr\u00e0.<\/p>\n<p>M\u00e0u S\u1eafc Quy\u1ebfn R\u0169:<br \/>\nM\u00e0u v\u00e0ng h\u1ed5 ph\u00e1ch c\u1ee7a TR\u00c0 OLONG L\u00c0I RANG khi s\u1eed d\u1ee5ng \u0111\u1ec3 ch\u1ebf bi\u1ebfn tr\u00e0 s\u1eefa s\u1ebd \u0111em l\u1ea1i m\u00e0u n\u00e2u v\u00e0ng m\u1eadt ong c\u1ef1c k\u1ef3 b\u1eaft m\u1eaft.<\/p>","protected":false},"excerpt":{"rendered":"<p>-Th\u00e0nh ph\u1ea7n : \u0111\u1ecdt tr\u00e0 Oolong \u0110\u00e0i Loan<br \/>\n-Xu\u1ea5t x\u1ee9 : B\u1ea3o L\u1ed9c<br \/>\n-\u0110\u00f3ng g\u00f3i: 500GR\/ T\u00fai<br \/>\n-H\u00ecnh d\u1ea1ng : vi\u00ean tr\u00f2n nh\u1ecf, m\u00e0u xanh n\u00e2u<br \/>\n-M\u00e0u n\u01b0\u1edbc : m\u00e0u v\u00e0ng h\u1ed5 ph\u00e1ch<br \/>\n-M\u00f9i v\u1ecb : h\u01b0\u01a1ng kh\u00f3i \u0111\u1eadm \u0111\u00e0, v\u1ecb \u0111\u1eadm, ch\u00e1t nh\u1eb9, h\u1eadu v\u1ecb ng\u1ecdt tinh t\u1ebf<\/p>","protected":false},"featured_media":11107,"comment_status":"open","ping_status":"closed","template":"","meta":[],"product_brand":[],"product_cat":[1683],"product_tag":[],"class_list":{"0":"post-11155","1":"product","2":"type-product","3":"status-publish","4":"has-post-thumbnail","6":"product_cat-tra-nguyen-lieu-tra-2","8":"first","9":"instock","10":"shipping-taxable","11":"purchasable","12":"product-type-simple"},"_links":{"self":[{"href":"https:\/\/trarongvang.fulipage.com\/en\/wp-json\/wp\/v2\/product\/11155","targetHints":{"allow":["GET"]}}],"collection":[{"href":"https:\/\/trarongvang.fulipage.com\/en\/wp-json\/wp\/v2\/product"}],"about":[{"href":"https:\/\/trarongvang.fulipage.com\/en\/wp-json\/wp\/v2\/types\/product"}],"replies":[{"embeddable":true,"href":"https:\/\/trarongvang.fulipage.com\/en\/wp-json\/wp\/v2\/comments?post=11155"}],"wp:featuredmedia":[{"embeddable":true,"href":"https:\/\/trarongvang.fulipage.com\/en\/wp-json\/wp\/v2\/media\/11107"}],"wp:attachment":[{"href":"https:\/\/trarongvang.fulipage.com\/en\/wp-json\/wp\/v2\/media?parent=11155"}],"wp:term":[{"taxonomy":"product_brand","embeddable":true,"href":"https:\/\/trarongvang.fulipage.com\/en\/wp-json\/wp\/v2\/product_brand?post=11155"},{"taxonomy":"product_cat","embeddable":true,"href":"https:\/\/trarongvang.fulipage.com\/en\/wp-json\/wp\/v2\/product_cat?post=11155"},{"taxonomy":"product_tag","embeddable":true,"href":"https:\/\/trarongvang.fulipage.com\/en\/wp-json\/wp\/v2\/product_tag?post=11155"}],"curies":[{"name":"wp","href":"https:\/\/api.w.org\/{rel}","templated":true}]}}