{"id":11156,"date":"2026-04-18T15:25:09","date_gmt":"2026-04-18T08:25:09","guid":{"rendered":"https:\/\/trarongvang.fulipage.com\/san-pham\/tra-xanh\/"},"modified":"2026-04-18T15:25:09","modified_gmt":"2026-04-18T08:25:09","slug":"tra-xanh","status":"publish","type":"product","link":"https:\/\/trarongvang.fulipage.com\/en\/product\/tra-xanh\/","title":{"rendered":"TR\u00c0 XANH"},"content":{"rendered":"<p>H\u01b0\u01a1ng M\u1ea1 Non T\u1ef1 Nhi\u00ean:<br \/>\nH\u01b0\u01a1ng th\u01a1m c\u1ee7a Tr\u00e0 xanh gi\u00fap c\u00e1c s\u1ea3n ph\u1ea9m \u0111em l\u1ea1i c\u1ea3m gi\u00e1c thanh m\u00e1t, t\u01b0\u01a1i m\u1edbi.<\/p>\n<p>H\u01b0\u01a1ng V\u1ecb \u0110\u1eadm, Ch\u00e1t Nh\u1eb9, H\u1eadu V\u1ecb Ng\u1ecdt Thanh:<br \/>\nV\u1edbi h\u01b0\u01a1ng v\u1ecb \u0111\u1eadm \u0111\u00e0, v\u1ecb ch\u00e1t nh\u1eb9 v\u00e0 h\u1eadu v\u1ecb ng\u1ecdt thanh, l\u00e0 n\u1ec1n Tr\u00e0 ho\u00e0n h\u1ea3o cho c\u00e1c m\u00f3n tr\u00e0 tr\u00e1i c\u00e2y thanh m\u00e1t.<\/p>\n<p>M\u00e0u S\u1eafc T\u1ef1 Nhi\u00ean:<br \/>\nS\u1ea3n ph\u1ea9m c\u00f3 m\u00e0u v\u00e0ng xanh t\u1ef1 nhi\u00ean..<\/p>","protected":false},"excerpt":{"rendered":"<p>-Th\u00e0nh ph\u1ea7n : \u0111\u1ecdt Tr\u00e0 xanh<br \/>\n-Xu\u1ea5t x\u1ee9 : B\u1ea3o L\u1ed9c<br \/>\n-\u0110\u00f3ng g\u00f3i: 500g<br \/>\n-M\u00e0u n\u01b0\u1edbc: m\u00e0u v\u00e0ng xanh t\u1ef1 nhi\u00ean..<br \/>\n-M\u00f9i v\u1ecb: h\u01b0\u01a1ng v\u1ecb \u0111\u1eadm \u0111\u00e0, v\u1ecb ch\u00e1t nh\u1eb9 v\u00e0 h\u1eadu v\u1ecb ng\u1ecdt thanh.<\/p>","protected":false},"featured_media":0,"comment_status":"open","ping_status":"closed","template":"","meta":[],"product_brand":[],"product_cat":[1683],"product_tag":[],"class_list":{"0":"post-11156","1":"product","2":"type-product","3":"status-publish","5":"product_cat-tra-nguyen-lieu-tra-2","7":"first","8":"instock","9":"shipping-taxable","10":"purchasable","11":"product-type-simple"},"_links":{"self":[{"href":"https:\/\/trarongvang.fulipage.com\/en\/wp-json\/wp\/v2\/product\/11156","targetHints":{"allow":["GET"]}}],"collection":[{"href":"https:\/\/trarongvang.fulipage.com\/en\/wp-json\/wp\/v2\/product"}],"about":[{"href":"https:\/\/trarongvang.fulipage.com\/en\/wp-json\/wp\/v2\/types\/product"}],"replies":[{"embeddable":true,"href":"https:\/\/trarongvang.fulipage.com\/en\/wp-json\/wp\/v2\/comments?post=11156"}],"wp:attachment":[{"href":"https:\/\/trarongvang.fulipage.com\/en\/wp-json\/wp\/v2\/media?parent=11156"}],"wp:term":[{"taxonomy":"product_brand","embeddable":true,"href":"https:\/\/trarongvang.fulipage.com\/en\/wp-json\/wp\/v2\/product_brand?post=11156"},{"taxonomy":"product_cat","embeddable":true,"href":"https:\/\/trarongvang.fulipage.com\/en\/wp-json\/wp\/v2\/product_cat?post=11156"},{"taxonomy":"product_tag","embeddable":true,"href":"https:\/\/trarongvang.fulipage.com\/en\/wp-json\/wp\/v2\/product_tag?post=11156"}],"curies":[{"name":"wp","href":"https:\/\/api.w.org\/{rel}","templated":true}]}}