{"id":11157,"date":"2026-04-18T15:25:09","date_gmt":"2026-04-18T08:25:09","guid":{"rendered":"https:\/\/trarongvang.fulipage.com\/san-pham\/tra-lai\/"},"modified":"2026-04-18T15:25:09","modified_gmt":"2026-04-18T08:25:09","slug":"tra-lai","status":"publish","type":"product","link":"https:\/\/trarongvang.fulipage.com\/en\/product\/tra-lai\/","title":{"rendered":"TR\u00c0 L\u00c0I"},"content":{"rendered":"<p>TR\u00c0 L\u00c0I l\u00e0 m\u1ed9t s\u1ea3n ph\u1ea9m Tr\u00e0 xanh \u0111\u1ed9c \u0111\u00e1o \u0111\u01b0\u1ee3c k\u1ebft h\u1ee3p c\u00f9ng h\u01b0\u01a1ng l\u00e0i, mang \u0111\u1ebfn m\u1ed9t tr\u1ea3i nghi\u1ec7m h\u01b0\u01a1ng v\u1ecb \u0111\u1ed9c \u0111\u00e1o v\u00e0 thanh khi\u1ebft.<\/p>\n<p>H\u01b0\u01a1ng l\u00e0i t\u1ef1 nhi\u00ean: H\u01b0\u01a1ng th\u01a1m c\u1ee7a TR\u00c0 L\u00c0I gi\u00fap c\u00e1c s\u1ea3n ph\u1ea9m pha ch\u1ebf th\u01a1m ngon v\u00e0 \u0111\u1ed9c \u0111\u00e1o h\u01a1n. S\u1ef1 k\u1ebft h\u1ee3p n\u00e0y t\u1ea1o n\u00ean m\u1ed9t n\u1ec1n Tr\u00e0 xanh \u0111\u1ed9c \u0111\u00e1o v\u1edbi h\u01b0\u01a1ng v\u1ecb t\u1ef1 nhi\u00ean v\u00e0 tinh khi\u1ebft.<\/p>\n<p>H\u01b0\u01a1ng v\u1ecb \u0111\u1eadm, ch\u00e1t nh\u1eb9, h\u1eadu v\u1ecb ng\u1ecdt thanh: V\u1edbi h\u01b0\u01a1ng v\u1ecb \u0111\u1eadm \u0111\u00e0, v\u1ecb ch\u00e1t nh\u1eb9 v\u00e0 h\u1eadu v\u1ecb ng\u1ecdt thanh, Tr\u00e0 l\u00e0i l\u00e0 s\u1ef1 c\u00e2n b\u1eb1ng ho\u00e0n h\u1ea3o gi\u1eefa tr\u00e0 xanh v\u00e0 h\u01b0\u01a1ng l\u00e0i. H\u01b0\u01a1ng v\u1ecb thanh khi\u1ebft v\u00e0 \u0111\u1ed9c \u0111\u00e1o n\u00e0y s\u1ebd khi\u1ebfn b\u1ea1n th\u00edch th\u00fa.<\/p>\n<p>M\u00e0u s\u1eafc t\u1ef1 nhi\u00ean: S\u1ea3n ph\u1ea9m c\u00f3 m\u00e0u v\u00e0ng xanh t\u1ef1 nhi\u00ean, nguy\u00ean b\u1ea3n c\u1ee7a Tr\u00e0 xanh.<\/p>","protected":false},"excerpt":{"rendered":"<p>-Th\u00e0nh ph\u1ea7n : \u0111\u1ecdt Tr\u00e0 xanh<br \/>\n-Xu\u1ea5t x\u1ee9 : B\u1ea3o L\u1ed9c<br \/>\n-\u0110\u00f3ng g\u00f3i: 500g<br \/>\n-M\u00e0u n\u01b0\u1edbc: m\u00e0u v\u00e0ng xanh<br \/>\n-M\u00f9i v\u1ecb: v\u1ecb ch\u00e1t nh\u1eb9 v\u00e0 h\u1eadu v\u1ecb ng\u1ecdt thanh, c\u00e2n b\u1eb1ng ho\u00e0n h\u1ea3o gi\u1eefa tr\u00e0 xanh v\u00e0 h\u01b0\u01a1ng l\u00e0i.<\/p>","protected":false},"featured_media":11104,"comment_status":"open","ping_status":"closed","template":"","meta":[],"product_brand":[],"product_cat":[1683],"product_tag":[],"class_list":{"0":"post-11157","1":"product","2":"type-product","3":"status-publish","4":"has-post-thumbnail","6":"product_cat-tra-nguyen-lieu-tra-2","8":"first","9":"instock","10":"shipping-taxable","11":"purchasable","12":"product-type-simple"},"_links":{"self":[{"href":"https:\/\/trarongvang.fulipage.com\/en\/wp-json\/wp\/v2\/product\/11157","targetHints":{"allow":["GET"]}}],"collection":[{"href":"https:\/\/trarongvang.fulipage.com\/en\/wp-json\/wp\/v2\/product"}],"about":[{"href":"https:\/\/trarongvang.fulipage.com\/en\/wp-json\/wp\/v2\/types\/product"}],"replies":[{"embeddable":true,"href":"https:\/\/trarongvang.fulipage.com\/en\/wp-json\/wp\/v2\/comments?post=11157"}],"wp:featuredmedia":[{"embeddable":true,"href":"https:\/\/trarongvang.fulipage.com\/en\/wp-json\/wp\/v2\/media\/11104"}],"wp:attachment":[{"href":"https:\/\/trarongvang.fulipage.com\/en\/wp-json\/wp\/v2\/media?parent=11157"}],"wp:term":[{"taxonomy":"product_brand","embeddable":true,"href":"https:\/\/trarongvang.fulipage.com\/en\/wp-json\/wp\/v2\/product_brand?post=11157"},{"taxonomy":"product_cat","embeddable":true,"href":"https:\/\/trarongvang.fulipage.com\/en\/wp-json\/wp\/v2\/product_cat?post=11157"},{"taxonomy":"product_tag","embeddable":true,"href":"https:\/\/trarongvang.fulipage.com\/en\/wp-json\/wp\/v2\/product_tag?post=11157"}],"curies":[{"name":"wp","href":"https:\/\/api.w.org\/{rel}","templated":true}]}}