{"id":11158,"date":"2026-04-18T15:25:09","date_gmt":"2026-04-18T08:25:09","guid":{"rendered":"https:\/\/trarongvang.fulipage.com\/san-pham\/tra-gao-rang\/"},"modified":"2026-04-18T15:25:09","modified_gmt":"2026-04-18T08:25:09","slug":"tra-gao-rang","status":"publish","type":"product","link":"https:\/\/trarongvang.fulipage.com\/en\/product\/tra-gao-rang\/","title":{"rendered":"TR\u00c0 G\u1ea0O RANG"},"content":{"rendered":"<p>Tr\u00e0 G\u1ea1o Rang l\u00e0 s\u1ef1 k\u1ebft h\u1ee3p gi\u1eefa v\u1ecb \u0111\u1eafng nh\u1eb9 c\u1ee7a Tr\u00e0 xanh v\u00e0 v\u1ecb b\u00e9o b\u00f9i c\u1ee7a g\u1ea1o rang. \u0110\u00e2y l\u00e0 m\u1ed9t lo\u1ea1i tr\u00e0 \u0111\u1ed9c \u0111\u00e1o mang trong m\u00ecnh h\u01b0\u01a1ng v\u1ecb \u0111\u1eb7c bi\u1ec7t v\u00e0 h\u1ea5p d\u1eabn.<\/p>\n<p>H\u01b0\u01a1ng \u0110\u1eb7c Tr\u01b0ng: H\u01b0\u01a1ng th\u01a1m c\u1ee7a Tr\u00e0 G\u1ea1o Rang mang n\u00e9t \u0111\u1eb7c bi\u1ec7t t\u1eeb h\u01b0\u01a1ng g\u1ea1o rang, h\u01b0\u01a1ng b\u00e9o b\u00f9i t\u1ea1o ra m\u1ed9t c\u1ea3m gi\u00e1c \u1ea5m \u00e1p v\u00e0 th\u00fa v\u1ecb. H\u01b0\u01a1ng th\u01a1m n\u00e0y l\u00e0 \u0111i\u1ec3m \u0111\u1eb7c bi\u1ec7t c\u1ee7a s\u1ea3n ph\u1ea9m.<\/p>\n<p>V\u1ecb \u0110\u1ed9c \u0110\u00e1o: Tr\u00e0 G\u1ea1o Rang \u0111em \u0111\u1ebfn s\u1ef1 h\u00f2a quy\u1ec7n gi\u1eefa v\u1ecb \u0111\u1eafng nh\u1eb9 c\u1ee7a tr\u00e0 xanh v\u00e0 v\u1ecb b\u00e9o b\u00f9i c\u1ee7a g\u1ea1o rang. H\u1eadu v\u1ecb ng\u1ecdt ng\u00e0o nh\u1eb9 nh\u00e0ng nh\u01b0 m\u00f9i m\u1ea1 non d\u01b0\u1edbi s\u01b0\u01a1ng s\u1edbm. \u0110\u00e2y l\u00e0 m\u1ed9t tr\u1ea3i nghi\u1ec7m h\u01b0\u01a1ng v\u1ecb m\u1edbi m\u1ebb v\u00e0 th\u00fa v\u1ecb cho ng\u01b0\u1eddi th\u01b0\u1edfng tr\u00e0.<\/p>\n<p>M\u00e0u S\u1eafc Tinh Khi\u1ebft: Tr\u00e0 G\u1ea1o Rang sau khi pha c\u00f3 m\u00e0u v\u00e0ng nh\u1ea1t trong tr\u1ebbo.<\/p>","protected":false},"excerpt":{"rendered":"<p>-Th\u00e0nh ph\u1ea7n : \u0111\u1ecdt Tr\u00e0 xanh<br \/>\n-Kh\u1ed1i l\u01b0\u1ee3ng: 500g\/t\u00fai<br \/>\n-Xu\u1ea5t x\u1ee9: B\u1ea3o L\u1ed9c, L\u00e2m \u0110\u1ed3ng, Vi\u1ec7t Nam.<br \/>\n-N\u01b0\u1edbc tr\u00e0 : h\u00f2a quy\u1ec7n gi\u1eefa v\u1ecb \u0111\u1eafng nh\u1eb9 c\u1ee7a tr\u00e0 xanh v\u00e0 v\u1ecb b\u00e9o b\u00f9i c\u1ee7a g\u1ea1o rang, h\u1eadu v\u1ecb ng\u1ecdt ng\u00e0o.<br \/>\n-H\u01b0\u01a1ng v\u1ecb: th\u01a1m h\u01b0\u01a1ng c\u1ed1m non, h\u01b0\u01a1ng b\u00e9o b\u00f9i c\u1ee7a g\u1ea1o rang.<\/p>","protected":false},"featured_media":11103,"comment_status":"open","ping_status":"closed","template":"","meta":[],"product_brand":[],"product_cat":[1683],"product_tag":[],"class_list":{"0":"post-11158","1":"product","2":"type-product","3":"status-publish","4":"has-post-thumbnail","6":"product_cat-tra-nguyen-lieu-tra-2","8":"first","9":"instock","10":"shipping-taxable","11":"purchasable","12":"product-type-simple"},"_links":{"self":[{"href":"https:\/\/trarongvang.fulipage.com\/en\/wp-json\/wp\/v2\/product\/11158","targetHints":{"allow":["GET"]}}],"collection":[{"href":"https:\/\/trarongvang.fulipage.com\/en\/wp-json\/wp\/v2\/product"}],"about":[{"href":"https:\/\/trarongvang.fulipage.com\/en\/wp-json\/wp\/v2\/types\/product"}],"replies":[{"embeddable":true,"href":"https:\/\/trarongvang.fulipage.com\/en\/wp-json\/wp\/v2\/comments?post=11158"}],"wp:featuredmedia":[{"embeddable":true,"href":"https:\/\/trarongvang.fulipage.com\/en\/wp-json\/wp\/v2\/media\/11103"}],"wp:attachment":[{"href":"https:\/\/trarongvang.fulipage.com\/en\/wp-json\/wp\/v2\/media?parent=11158"}],"wp:term":[{"taxonomy":"product_brand","embeddable":true,"href":"https:\/\/trarongvang.fulipage.com\/en\/wp-json\/wp\/v2\/product_brand?post=11158"},{"taxonomy":"product_cat","embeddable":true,"href":"https:\/\/trarongvang.fulipage.com\/en\/wp-json\/wp\/v2\/product_cat?post=11158"},{"taxonomy":"product_tag","embeddable":true,"href":"https:\/\/trarongvang.fulipage.com\/en\/wp-json\/wp\/v2\/product_tag?post=11158"}],"curies":[{"name":"wp","href":"https:\/\/api.w.org\/{rel}","templated":true}]}}