{"id":11160,"date":"2026-04-18T15:25:09","date_gmt":"2026-04-18T08:25:09","guid":{"rendered":"https:\/\/trarongvang.fulipage.com\/san-pham\/tra-oolong-sua\/"},"modified":"2026-04-18T15:25:09","modified_gmt":"2026-04-18T08:25:09","slug":"tra-oolong-sua","status":"publish","type":"product","link":"https:\/\/trarongvang.fulipage.com\/en\/product\/tra-oolong-sua\/","title":{"rendered":"TR\u00c0 OOLONG S\u1eeeA"},"content":{"rendered":"<p>TR\u00c0 OOLONG S\u1eeeA l\u00e0 m\u1ed9t s\u1ea3n ph\u1ea9m tr\u00e0 oolong \u0111\u1ed9c \u0111\u00e1o v\u00e0 t\u1ef1 nhi\u00ean. S\u1ea3n ph\u1ea9m \u0111\u01b0\u1ee3c t\u1ea1o ra t\u1eeb nh\u1eefng b\u00fap tr\u00e0 oolong ch\u1ea5t l\u01b0\u1ee3ng cao. H\u01b0\u01a1ng v\u1ecb tr\u00e0 olong \u0111\u1eadm \u0111\u00e0 \u0111\u01b0\u1ee3c k\u1ebft h\u1ee3p ho\u00e0n h\u1ea3o v\u1edbi h\u01b0\u01a1ng th\u01a1m s\u1eefa nh\u1eb9, t\u1ea1o n\u00ean m\u1ed9t tr\u1ea3i nghi\u1ec7m th\u00fa v\u1ecb cho nh\u1eefng t\u00edn \u0111\u1ed3 tr\u00e0 s\u1eefa nh\u01b0ng l\u1ea1i s\u1ee3 t\u0103ng c\u00e2n.<\/p>\n<p>V\u1ecb S\u1eefa Tinh T\u1ebf:<br \/>\nS\u1ea3n ph\u1ea9m n\u00e0y mang trong m\u00ecnh h\u01b0\u01a1ng v\u1ecb \u0111\u1eb7c bi\u1ec7t c\u1ee7a s\u1eefa nh\u1eb9 k\u1ebft h\u1ee3p ho\u00e0n h\u1ea3o v\u1edbi v\u1ecb tr\u00e0 oolong \u0111\u1eadm \u0111\u00e0. H\u1eadu v\u1ecb s\u1eefa th\u01a1m ngon t\u1ea1o n\u00ean m\u1ed9t tr\u1ea3i nghi\u1ec7m h\u01b0\u01a1ng v\u1ecb \u0111\u1ed9c \u0111\u00e1o v\u00e0 th\u00fa v\u1ecb cho ng\u01b0\u1eddi th\u01b0\u1edfng tr\u00e0.<\/p>\n<p>M\u00e0u S\u1eafc T\u01b0\u01a1i S\u00e1ng: TR\u00c0 OOLONG S\u1eeeA c\u00f3 m\u00e0u v\u00e0ng xanh t\u01b0\u01a1i s\u00e1ng.<\/p>","protected":false},"excerpt":{"rendered":"<p>-Th\u00e0nh ph\u1ea7n : \u0111\u1ecdt Tr\u00e0 olong<br \/>\n-Xu\u1ea5t x\u1ee9 : B\u1ea3o L\u1ed9c<br \/>\n-\u0110\u00f3ng g\u00f3i: 500gr\/ T\u00fai<br \/>\n-M\u00e0u n\u01b0\u1edbc: m\u00e0u v\u00e0ng xanh t\u01b0\u01a1i s\u00e1ng<br \/>\n-M\u00f9i v\u1ecb: h\u01b0\u01a1ng v\u1ecb \u0111\u1eb7c bi\u1ec7t c\u1ee7a s\u1eefa nh\u1eb9 k\u1ebft h\u1ee3p ho\u00e0n h\u1ea3o v\u1edbi v\u1ecb tr\u00e0 oolong \u0111\u1eadm \u0111\u00e0.<\/p>","protected":false},"featured_media":11109,"comment_status":"open","ping_status":"closed","template":"","meta":[],"product_brand":[],"product_cat":[1683],"product_tag":[],"class_list":{"0":"post-11160","1":"product","2":"type-product","3":"status-publish","4":"has-post-thumbnail","6":"product_cat-tra-nguyen-lieu-tra-2","8":"first","9":"instock","10":"shipping-taxable","11":"purchasable","12":"product-type-simple"},"_links":{"self":[{"href":"https:\/\/trarongvang.fulipage.com\/en\/wp-json\/wp\/v2\/product\/11160","targetHints":{"allow":["GET"]}}],"collection":[{"href":"https:\/\/trarongvang.fulipage.com\/en\/wp-json\/wp\/v2\/product"}],"about":[{"href":"https:\/\/trarongvang.fulipage.com\/en\/wp-json\/wp\/v2\/types\/product"}],"replies":[{"embeddable":true,"href":"https:\/\/trarongvang.fulipage.com\/en\/wp-json\/wp\/v2\/comments?post=11160"}],"wp:featuredmedia":[{"embeddable":true,"href":"https:\/\/trarongvang.fulipage.com\/en\/wp-json\/wp\/v2\/media\/11109"}],"wp:attachment":[{"href":"https:\/\/trarongvang.fulipage.com\/en\/wp-json\/wp\/v2\/media?parent=11160"}],"wp:term":[{"taxonomy":"product_brand","embeddable":true,"href":"https:\/\/trarongvang.fulipage.com\/en\/wp-json\/wp\/v2\/product_brand?post=11160"},{"taxonomy":"product_cat","embeddable":true,"href":"https:\/\/trarongvang.fulipage.com\/en\/wp-json\/wp\/v2\/product_cat?post=11160"},{"taxonomy":"product_tag","embeddable":true,"href":"https:\/\/trarongvang.fulipage.com\/en\/wp-json\/wp\/v2\/product_tag?post=11160"}],"curies":[{"name":"wp","href":"https:\/\/api.w.org\/{rel}","templated":true}]}}