{"id":11163,"date":"2026-04-18T15:25:10","date_gmt":"2026-04-18T08:25:10","guid":{"rendered":"https:\/\/trarongvang.fulipage.com\/san-pham\/tra-den-ctc-pd\/"},"modified":"2026-04-18T15:25:10","modified_gmt":"2026-04-18T08:25:10","slug":"tra-den-ctc-pd","status":"publish","type":"product","link":"https:\/\/trarongvang.fulipage.com\/en\/product\/tra-den-ctc-pd\/","title":{"rendered":"TR\u00c0 \u0110EN CTC PD"},"content":{"rendered":"<p>H\u01b0\u01a1ng Th\u01a1m Nh\u1eb9: Tr\u00e0 \u0110en c\u00f3 h\u01b0\u01a1ng th\u01a1m nh\u1eb9, m\u1ec1m m\u1ea1i, \u0111em l\u1ea1i c\u1ea3m gi\u00e1c th\u01b0 gi\u00e3n v\u00e0 s\u1ea3ng kho\u00e1i.<\/p>\n<p>H\u01b0\u01a1ng V\u1ecb Ch\u00e1t Nh\u1eb9, H\u1eadu V\u1ecb Ng\u1ecdt S\u00e2u: V\u1ecb ch\u00e1t nh\u1eb9 \u0111\u1eb7c tr\u01b0ng c\u1ee7a tr\u00e0 \u0111en c\u00e2n b\u1eb1ng ho\u00e0n h\u1ea3o v\u1edbi h\u1eadu v\u1ecb ng\u1ecdt s\u00e2u, t\u1ea1o n\u00ean m\u1ed9t h\u01b0\u01a1ng v\u1ecb \u0111\u1eadm \u0111\u00e0 v\u00e0 \u0111\u1ed9c \u0111\u00e1o.<\/p>\n<p>M\u00e0u S\u1eafc Quy\u1ebfn R\u0169: S\u1ea3n ph\u1ea9m sau khi pha c\u00f3 m\u00e0u v\u00e0ng \u0111\u1ecf quy\u1ebfn r\u0169, th\u1ec3 hi\u1ec7n s\u1ef1 tinh t\u00fay v\u00e0 nguy\u00ean b\u1ea3n c\u1ee7a Tr\u00e0 \u0110en truy\u1ec1n th\u1ed1ng.<\/p>","protected":false},"excerpt":{"rendered":"<p>-Th\u00e0nh ph\u1ea7n : \u0111\u1ecdt Tr\u00e0 xanh<br \/>\n-Xu\u1ea5t x\u1ee9 : B\u1ea3o L\u1ed9c<br \/>\n-\u0110\u00f3ng g\u00f3i: 500gr\/ T\u00fai<br \/>\n-M\u00e0u n\u01b0\u1edbc: m\u00e0u h\u1ed3ng ng\u1ecdc, n\u00e2u \u0111\u1ecf<br \/>\n-M\u00f9i v\u1ecb: h\u01b0\u01a1ng th\u01a1m \u0111\u1eadm m\u00f9i tr\u00e1i c\u00e2y ch\u00edn, v\u1ecb ng\u1ecdt thanh, kh\u00f4ng \u0111\u1eafng ch\u00e1t.<\/p>","protected":false},"featured_media":11102,"comment_status":"open","ping_status":"closed","template":"","meta":[],"product_brand":[],"product_cat":[1683],"product_tag":[],"class_list":{"0":"post-11163","1":"product","2":"type-product","3":"status-publish","4":"has-post-thumbnail","6":"product_cat-tra-nguyen-lieu-tra-2","8":"first","9":"instock","10":"shipping-taxable","11":"purchasable","12":"product-type-simple"},"_links":{"self":[{"href":"https:\/\/trarongvang.fulipage.com\/en\/wp-json\/wp\/v2\/product\/11163","targetHints":{"allow":["GET"]}}],"collection":[{"href":"https:\/\/trarongvang.fulipage.com\/en\/wp-json\/wp\/v2\/product"}],"about":[{"href":"https:\/\/trarongvang.fulipage.com\/en\/wp-json\/wp\/v2\/types\/product"}],"replies":[{"embeddable":true,"href":"https:\/\/trarongvang.fulipage.com\/en\/wp-json\/wp\/v2\/comments?post=11163"}],"wp:featuredmedia":[{"embeddable":true,"href":"https:\/\/trarongvang.fulipage.com\/en\/wp-json\/wp\/v2\/media\/11102"}],"wp:attachment":[{"href":"https:\/\/trarongvang.fulipage.com\/en\/wp-json\/wp\/v2\/media?parent=11163"}],"wp:term":[{"taxonomy":"product_brand","embeddable":true,"href":"https:\/\/trarongvang.fulipage.com\/en\/wp-json\/wp\/v2\/product_brand?post=11163"},{"taxonomy":"product_cat","embeddable":true,"href":"https:\/\/trarongvang.fulipage.com\/en\/wp-json\/wp\/v2\/product_cat?post=11163"},{"taxonomy":"product_tag","embeddable":true,"href":"https:\/\/trarongvang.fulipage.com\/en\/wp-json\/wp\/v2\/product_tag?post=11163"}],"curies":[{"name":"wp","href":"https:\/\/api.w.org\/{rel}","templated":true}]}}