{"id":11164,"date":"2026-04-18T15:25:10","date_gmt":"2026-04-18T08:25:10","guid":{"rendered":"https:\/\/trarongvang.fulipage.com\/san-pham\/tra-den-bergamot-ba-tuoc\/"},"modified":"2026-04-18T15:25:11","modified_gmt":"2026-04-18T08:25:11","slug":"tra-den-bergamot-ba-tuoc","status":"publish","type":"product","link":"https:\/\/trarongvang.fulipage.com\/en\/product\/tra-den-bergamot-ba-tuoc\/","title":{"rendered":"TR\u00c0 \u0110EN BERGAMOT B\u00c1 T\u01af\u1edaC"},"content":{"rendered":"<p>\u0110\u01b0\u1ee3c ch\u1ecdn l\u1ecdc, thu h\u00e1i t\u1eeb c\u00e1c v\u01b0\u1eddn ch\u00e8 ngon nh\u1ea5t c\u1ee7a B\u1ea3o L\u1ed9c \u2013 L\u00e2m \u0110\u1ed3ng<\/p>\n<p>H\u01b0\u01a1ng n\u1ed3ng \u1ea5m: H\u01b0\u01a1ng th\u01a1m n\u1ed3ng n\u00e0n \u0111\u1eb7c tr\u01b0ng c\u1ee7a tinh d\u1ea7u qu\u1ea3 Bergamot mi\u1ec1n \u0110\u1ecba Trung H\u1ea3i t\u1ef1 nhi\u00ean, t\u1ea1o m\u00f9i th\u01a1m sang tr\u1ecdng, tr\u1ea7m l\u1eafng.<\/p>\n<p>M\u00e0u S\u1eafc Quy\u1ebfn R\u0169: S\u1eafc \u0111en \u00e1nh h\u1ed3ng \u00f3ng \u00e1nh v\u00f4 c\u00f9ng \u0111\u1eb7c tr\u01b0ng, l\u00e0 y\u1ebfu t\u1ed1 t\u1ea1o n\u00ean m\u00e0u n\u00e2u m\u1eadt ong s\u00e1nh m\u1ecbn cho ly tr\u00e0 s\u1eefa c\u1ee7a b\u1ea1n.<\/p>\n<p>V\u1ecb Ch\u00e1t Nh\u1eb9, H\u1eadu V\u1ecb Ng\u1ecdt S\u00e2u: V\u1ecb ch\u00e1t nh\u1eb9 \u0111\u1eb7c tr\u01b0ng c\u1ee7a Tr\u00e0 \u0110en c\u00e2n b\u1eb1ng ho\u00e0n h\u1ea3o v\u1edbi h\u1eadu v\u1ecb ng\u1ecdt s\u00e2u, t\u1ea1o n\u00ean m\u1ed9t h\u01b0\u01a1ng v\u1ecb \u0111\u1eadm \u0111\u00e0 v\u00e0 \u0111\u1ed9c \u0111\u00e1o.<\/p>","protected":false},"excerpt":{"rendered":"<p>-Th\u00e0nh ph\u1ea7n : \u0111\u1ecdt Tr\u00e0 xanh<br \/>\n-Xu\u1ea5t x\u1ee9 : B\u1ea3o L\u1ed9c<br \/>\n-\u0110\u00f3ng g\u00f3i: 500gR\/ T\u00fai<br \/>\n-M\u00e0u n\u01b0\u1edbc: m\u00e0u h\u1ed3ng ng\u1ecdc, n\u00e2u \u0111\u1ecf<br \/>\n-M\u00f9i v\u1ecb: h\u01b0\u01a1ng th\u01a1m \u0111\u1eadm m\u00f9i tr\u00e1i c\u00e2y ch\u00edn, v\u1ecb ng\u1ecdt thanh, kh\u00f4ng \u0111\u1eafng ch\u00e1t.<\/p>","protected":false},"featured_media":11100,"comment_status":"open","ping_status":"closed","template":"","meta":[],"product_brand":[],"product_cat":[1683],"product_tag":[],"class_list":{"0":"post-11164","1":"product","2":"type-product","3":"status-publish","4":"has-post-thumbnail","6":"product_cat-tra-nguyen-lieu-tra-2","8":"first","9":"instock","10":"shipping-taxable","11":"purchasable","12":"product-type-simple"},"_links":{"self":[{"href":"https:\/\/trarongvang.fulipage.com\/en\/wp-json\/wp\/v2\/product\/11164","targetHints":{"allow":["GET"]}}],"collection":[{"href":"https:\/\/trarongvang.fulipage.com\/en\/wp-json\/wp\/v2\/product"}],"about":[{"href":"https:\/\/trarongvang.fulipage.com\/en\/wp-json\/wp\/v2\/types\/product"}],"replies":[{"embeddable":true,"href":"https:\/\/trarongvang.fulipage.com\/en\/wp-json\/wp\/v2\/comments?post=11164"}],"wp:featuredmedia":[{"embeddable":true,"href":"https:\/\/trarongvang.fulipage.com\/en\/wp-json\/wp\/v2\/media\/11100"}],"wp:attachment":[{"href":"https:\/\/trarongvang.fulipage.com\/en\/wp-json\/wp\/v2\/media?parent=11164"}],"wp:term":[{"taxonomy":"product_brand","embeddable":true,"href":"https:\/\/trarongvang.fulipage.com\/en\/wp-json\/wp\/v2\/product_brand?post=11164"},{"taxonomy":"product_cat","embeddable":true,"href":"https:\/\/trarongvang.fulipage.com\/en\/wp-json\/wp\/v2\/product_cat?post=11164"},{"taxonomy":"product_tag","embeddable":true,"href":"https:\/\/trarongvang.fulipage.com\/en\/wp-json\/wp\/v2\/product_tag?post=11164"}],"curies":[{"name":"wp","href":"https:\/\/api.w.org\/{rel}","templated":true}]}}