{"id":11166,"date":"2026-04-18T15:25:11","date_gmt":"2026-04-18T08:25:11","guid":{"rendered":"https:\/\/trarongvang.fulipage.com\/san-pham\/tra-oolong-tui-loc-vi-gung-gunam\/"},"modified":"2026-04-18T15:25:11","modified_gmt":"2026-04-18T08:25:11","slug":"tra-oolong-tui-loc-vi-gung-gunam","status":"publish","type":"product","link":"https:\/\/trarongvang.fulipage.com\/en\/product\/tra-oolong-tui-loc-vi-gung-gunam\/","title":{"rendered":"TR\u00c0 OOLONG T\u00daI L\u1eccC V\u1eca G\u1eeaNG GUNAM"},"content":{"rendered":"<p>Tr\u00e0 \u00d4 Long T\u00fai L\u1ecdc V\u1ecb G\u1eebng GuNam l\u00e0 s\u1ef1 k\u1ebft h\u1ee3p ho\u00e0n h\u1ea3o gi\u1eefa Tr\u00e0 \u00d4 Long tinh tuy\u1ec3n v\u00e0 G\u1eebng t\u01b0\u01a1i, mang \u0111\u1ebfn h\u01b0\u01a1ng v\u1ecb \u1ea5m n\u1ed3ng, d\u1ec5 ch\u1ecbu, v\u00e0 nhi\u1ec1u l\u1ee3i \u00edch cho s\u1ee9c kh\u1ecfe.<\/p>\n<p>&#8211; G\u1eebng t\u1eeb l\u00e2u \u0111\u00e3 n\u1ed5i ti\u1ebfng v\u1edbi c\u00f4ng d\u1ee5ng h\u1ed7 tr\u1ee3 ti\u00eau h\u00f3a, gi\u1ea3m \u0111au nh\u1ee9c, v\u00e0 l\u00e0m \u1ea5m c\u01a1 th\u1ec3. Trong khi \u0111\u00f3, Tr\u00e0 \u00d4 Long l\u1ea1i gi\u00fap thanh l\u1ecdc c\u01a1 th\u1ec3, c\u1ea3i thi\u1ec7n s\u1ef1 trao \u0111\u1ed5i ch\u1ea5t v\u00e0 duy tr\u00ec n\u0103ng l\u01b0\u1ee3ng. Khi k\u1ebft h\u1ee3p hai nguy\u00ean li\u1ec7u n\u00e0y, Tr\u00e0 \u00d4 Long T\u00fai L\u1ecdc V\u1ecb G\u1eebng GuNam kh\u00f4ng ch\u1ec9 mang \u0111\u1ebfn m\u1ed9t h\u01b0\u01a1ng v\u1ecb \u0111\u1ed9c \u0111\u00e1o, m\u00e0 c\u00f2n gi\u00fap t\u0103ng c\u01b0\u1eddng s\u1ee9c kh\u1ecfe t\u1ed5ng th\u1ec3. G\u1eebng c\u00f3 kh\u1ea3 n\u0103ng gi\u1ea3m c\u1ea3m gi\u00e1c bu\u1ed3n n\u00f4n, l\u00e0m d\u1ecbu d\u1ea1 d\u00e0y v\u00e0 h\u1ed7 tr\u1ee3 h\u1ec7 mi\u1ec5n d\u1ecbch.<\/p>\n<p>&#8211; Kh\u00e1c v\u1edbi c\u00e1c lo\u1ea1i Tr\u00e0 th\u00f4ng th\u01b0\u1eddng, Tr\u00e0 \u00d4 Long V\u1ecb G\u1eebng GuNam mang \u0111\u1ebfn m\u1ed9t s\u1ef1 c\u00e2n b\u1eb1ng tuy\u1ec7t v\u1eddi gi\u1eefa v\u1ecb ch\u00e1t nh\u1eb9 c\u1ee7a Tr\u00e0 v\u00e0 s\u1ef1 cay n\u1ed3ng, \u1ea5m \u00e1p c\u1ee7a G\u1eebng. V\u1edbi thi\u1ebft k\u1ebf t\u00fai l\u1ecdc ti\u1ec7n l\u1ee3i, B\u1ea1n c\u00f3 th\u1ec3 d\u1ec5 d\u00e0ng th\u01b0\u1edfng th\u1ee9c Tr\u00e0 \u1edf m\u1ecdi l\u00fac, m\u1ecdi n\u01a1i.<\/p>","protected":false},"excerpt":{"rendered":"<p>&#8211; Kh\u1ed1i l\u01b0\u1ee3ng: 62.5g\/h\u1ed9p (25 t\u00fai x 2.5g)<br \/>\n&#8211; S\u1ea3n xu\u1ea5t t\u1ea1i: L\u00e2m \u0110\u1ed3ng, Vi\u1ec7t Nam.<br \/>\n&#8211; H\u1ea1n s\u1eed d\u1ee5ng: 24 th\u00e1ng (in tr\u00ean bao b\u00ec)<br \/>\n&#8211; B\u1ea3o qu\u1ea3n: \u0110\u1ec3 n\u01a1i kh\u00f4 r\u00e1o, tho\u00e1ng m\u00e1t, tr\u00e1nh \u00e1nh n\u1eafng tr\u1ef1c ti\u1ebfp <\/p>","protected":false},"featured_media":11089,"comment_status":"open","ping_status":"closed","template":"","meta":[],"product_brand":[],"product_cat":[1684],"product_tag":[],"class_list":{"0":"post-11166","1":"product","2":"type-product","3":"status-publish","4":"has-post-thumbnail","6":"product_cat-tra-tien-loi-tra-2","8":"first","9":"instock","10":"shipping-taxable","11":"purchasable","12":"product-type-simple"},"_links":{"self":[{"href":"https:\/\/trarongvang.fulipage.com\/en\/wp-json\/wp\/v2\/product\/11166","targetHints":{"allow":["GET"]}}],"collection":[{"href":"https:\/\/trarongvang.fulipage.com\/en\/wp-json\/wp\/v2\/product"}],"about":[{"href":"https:\/\/trarongvang.fulipage.com\/en\/wp-json\/wp\/v2\/types\/product"}],"replies":[{"embeddable":true,"href":"https:\/\/trarongvang.fulipage.com\/en\/wp-json\/wp\/v2\/comments?post=11166"}],"wp:featuredmedia":[{"embeddable":true,"href":"https:\/\/trarongvang.fulipage.com\/en\/wp-json\/wp\/v2\/media\/11089"}],"wp:attachment":[{"href":"https:\/\/trarongvang.fulipage.com\/en\/wp-json\/wp\/v2\/media?parent=11166"}],"wp:term":[{"taxonomy":"product_brand","embeddable":true,"href":"https:\/\/trarongvang.fulipage.com\/en\/wp-json\/wp\/v2\/product_brand?post=11166"},{"taxonomy":"product_cat","embeddable":true,"href":"https:\/\/trarongvang.fulipage.com\/en\/wp-json\/wp\/v2\/product_cat?post=11166"},{"taxonomy":"product_tag","embeddable":true,"href":"https:\/\/trarongvang.fulipage.com\/en\/wp-json\/wp\/v2\/product_tag?post=11166"}],"curies":[{"name":"wp","href":"https:\/\/api.w.org\/{rel}","templated":true}]}}