{"id":11167,"date":"2026-04-18T15:25:11","date_gmt":"2026-04-18T08:25:11","guid":{"rendered":"https:\/\/trarongvang.fulipage.com\/san-pham\/tra-oolong-tui-loc-nguyen-vi-gunam\/"},"modified":"2026-04-18T15:25:11","modified_gmt":"2026-04-18T08:25:11","slug":"tra-oolong-tui-loc-nguyen-vi-gunam","status":"publish","type":"product","link":"https:\/\/trarongvang.fulipage.com\/en\/product\/tra-oolong-tui-loc-nguyen-vi-gunam\/","title":{"rendered":"TR\u00c0 OOLONG T\u00daI L\u1eccC NGUY\u00caN V\u1eca GUNAM"},"content":{"rendered":"<p>&#8211; \u0110\u01b0\u1ee3c l\u00e0m t\u1eeb nh\u1eefng b\u00fap Tr\u00e0 \u00d4 Long ch\u1ea5t l\u01b0\u1ee3ng cao, s\u1ea3n ph\u1ea9m gi\u1eef tr\u1ecdn h\u01b0\u01a1ng v\u1ecb nguy\u00ean b\u1ea3n nh\u1edd qu\u00e1 tr\u00ecnh ch\u1ebf bi\u1ebfn c\u00f4ng phu v\u00e0 ti\u00eau chu\u1ea9n ki\u1ec3m so\u00e1t nghi\u00eam ng\u1eb7t. V\u1edbi t\u1eebng t\u00fai tr\u00e0, b\u1ea1n s\u1ebd c\u1ea3m nh\u1eadn \u0111\u01b0\u1ee3c s\u1ef1 k\u1ebft h\u1ee3p ho\u00e0n h\u1ea3o gi\u1eefa v\u1ecb ch\u00e1t nh\u1eb9 nh\u00e0ng, h\u1eadu ng\u1ecdt tinh t\u1ebf v\u00e0 h\u01b0\u01a1ng th\u01a1m d\u1ecbu d\u00e0ng c\u1ee7a l\u00e1 tr\u00e0 l\u00ean men b\u00e1n ph\u1ea7n.<\/p>\n<p>&#8211; Tr\u00e0 \u00d4 Long T\u00fai L\u1ecdc Nguy\u00ean V\u1ecb GuNam kh\u00f4ng ch\u1ec9 mang \u0111\u1ebfn tr\u1ea3i nghi\u1ec7m th\u01b0\u1edfng tr\u00e0 tr\u1ecdn v\u1eb9n m\u00e0 c\u00f2n r\u1ea5t ti\u1ec7n l\u1ee3i, ph\u00f9 h\u1ee3p cho nh\u1eefng ng\u01b0\u1eddi b\u1eadn r\u1ed9n. Ch\u1ec9 c\u1ea7n v\u00e0i ph\u00fat pha ch\u1ebf, b\u1ea1n \u0111\u00e3 c\u00f3 ngay m\u1ed9t ly tr\u00e0 th\u01a1m ngon, gi\u00fap th\u01b0 gi\u00e3n tinh th\u1ea7n, c\u1ea3i thi\u1ec7n s\u1ef1 t\u1eadp trung v\u00e0 mang l\u1ea1i c\u1ea3m gi\u00e1c d\u1ec5 ch\u1ecbu<\/p>","protected":false},"excerpt":{"rendered":"<p>&#8211; Kh\u1ed1i l\u01b0\u1ee3ng: 62.5g\/h\u1ed9p (25 t\u00fai x 2.5g)<br \/>\n&#8211; S\u1ea3n xu\u1ea5t t\u1ea1i: L\u00e2m \u0110\u1ed3ng, Vi\u1ec7t Nam.<br \/>\n&#8211; H\u1ea1n s\u1eed d\u1ee5ng: 24 th\u00e1ng (in tr\u00ean bao b\u00ec)<br \/>\n&#8211; B\u1ea3o qu\u1ea3n: \u0110\u1ec3 n\u01a1i kh\u00f4 r\u00e1o, tho\u00e1ng m\u00e1t, tr\u00e1nh \u00e1nh n\u1eafng tr\u1ef1c ti\u1ebfp <\/p>","protected":false},"featured_media":11092,"comment_status":"open","ping_status":"closed","template":"","meta":[],"product_brand":[],"product_cat":[1684],"product_tag":[],"class_list":{"0":"post-11167","1":"product","2":"type-product","3":"status-publish","4":"has-post-thumbnail","6":"product_cat-tra-tien-loi-tra-2","8":"first","9":"instock","10":"shipping-taxable","11":"purchasable","12":"product-type-simple"},"_links":{"self":[{"href":"https:\/\/trarongvang.fulipage.com\/en\/wp-json\/wp\/v2\/product\/11167","targetHints":{"allow":["GET"]}}],"collection":[{"href":"https:\/\/trarongvang.fulipage.com\/en\/wp-json\/wp\/v2\/product"}],"about":[{"href":"https:\/\/trarongvang.fulipage.com\/en\/wp-json\/wp\/v2\/types\/product"}],"replies":[{"embeddable":true,"href":"https:\/\/trarongvang.fulipage.com\/en\/wp-json\/wp\/v2\/comments?post=11167"}],"wp:featuredmedia":[{"embeddable":true,"href":"https:\/\/trarongvang.fulipage.com\/en\/wp-json\/wp\/v2\/media\/11092"}],"wp:attachment":[{"href":"https:\/\/trarongvang.fulipage.com\/en\/wp-json\/wp\/v2\/media?parent=11167"}],"wp:term":[{"taxonomy":"product_brand","embeddable":true,"href":"https:\/\/trarongvang.fulipage.com\/en\/wp-json\/wp\/v2\/product_brand?post=11167"},{"taxonomy":"product_cat","embeddable":true,"href":"https:\/\/trarongvang.fulipage.com\/en\/wp-json\/wp\/v2\/product_cat?post=11167"},{"taxonomy":"product_tag","embeddable":true,"href":"https:\/\/trarongvang.fulipage.com\/en\/wp-json\/wp\/v2\/product_tag?post=11167"}],"curies":[{"name":"wp","href":"https:\/\/api.w.org\/{rel}","templated":true}]}}