{"id":11168,"date":"2026-04-18T15:25:11","date_gmt":"2026-04-18T08:25:11","guid":{"rendered":"https:\/\/trarongvang.fulipage.com\/san-pham\/tra-oolong-tui-loc-huong-dao-gunam\/"},"modified":"2026-04-18T15:25:11","modified_gmt":"2026-04-18T08:25:11","slug":"tra-oolong-tui-loc-huong-dao-gunam","status":"publish","type":"product","link":"https:\/\/trarongvang.fulipage.com\/en\/product\/tra-oolong-tui-loc-huong-dao-gunam\/","title":{"rendered":"TR\u00c0 OOLONG T\u00daI L\u1eccC H\u01af\u01a0NG \u0110\u00c0O GUNAM"},"content":{"rendered":"<p>\u0110\u01b0\u1ee3c ch\u1ebf bi\u1ebfn t\u1eeb nh\u1eefng b\u00fap Tr\u00e0 \u00d4 Long th\u01b0\u1ee3ng h\u1ea1ng k\u1ebft h\u1ee3p v\u1edbi h\u01b0\u01a1ng \u0110\u00e0o t\u1ef1 nhi\u00ean, s\u1ea3n ph\u1ea9m mang \u0111\u1ebfn v\u1ecb Tr\u00e0 thanh m\u00e1t, ch\u00e1t nh\u1eb9 h\u00f2a quy\u1ec7n c\u00f9ng h\u1eadu ng\u1ecdt d\u1ecbu d\u00e0ng v\u00e0 h\u01b0\u01a1ng \u0110\u00e0o th\u01a1m l\u1eebng. M\u1ed7i t\u00e1ch Tr\u00e0 kh\u00f4ng ch\u1ec9 l\u00e0 th\u1ee9c u\u1ed1ng ngon mi\u1ec7ng m\u00e0 c\u00f2n gi\u00fap b\u1ea1n th\u01b0 gi\u00e3n, gi\u1ea3i t\u1ecfa c\u0103ng th\u1eb3ng v\u00e0 mang l\u1ea1i c\u1ea3m gi\u00e1c s\u1ea3ng kho\u00e1i.<\/p>\n<p>&#8211; V\u1edbi thi\u1ebft k\u1ebf t\u00fai l\u1ecdc ti\u1ec7n l\u1ee3i, b\u1ea1n c\u00f3 th\u1ec3 d\u1ec5 d\u00e0ng pha ch\u1ebf v\u00e0 th\u01b0\u1edfng th\u1ee9c Tr\u00e0 \u00d4 Long H\u01b0\u01a1ng \u0110\u00e0o GuNam \u1edf b\u1ea5t k\u1ef3 \u0111\u00e2u, t\u1eeb v\u0103n ph\u00f2ng, t\u1ea1i nh\u00e0 \u0111\u1ebfn nh\u1eefng chuy\u1ebfn du l\u1ecbch. \u0110\u1eb7c bi\u1ec7t, Tr\u00e0 kh\u00f4ng ch\u1ee9a ch\u1ea5t b\u1ea3o qu\u1ea3n hay h\u01b0\u01a1ng li\u1ec7u nh\u00e2n t\u1ea1o, mang \u0111\u1ebfn s\u1ef1 an to\u00e0n v\u00e0 ch\u1ea5t l\u01b0\u1ee3ng t\u1ed1t nh\u1ea5t cho s\u1ee9c kh\u1ecfe.<\/p>","protected":false},"excerpt":{"rendered":"<p>&#8211; Kh\u1ed1i l\u01b0\u1ee3ng: 62.5g\/H\u1ed9p (25 t\u00fai x 2.5g)<br \/>\n&#8211; S\u1ea3n xu\u1ea5t t\u1ea1i: L\u00e2m \u0110\u1ed3ng, Vi\u1ec7t Nam.<br \/>\n&#8211; H\u1ea1n s\u1eed d\u1ee5ng: 24 th\u00e1ng (in tr\u00ean bao b\u00ec)<br \/>\n&#8211; B\u1ea3o qu\u1ea3n: \u0110\u1ec3 n\u01a1i kh\u00f4 r\u00e1o, tho\u00e1ng m\u00e1t v\u00e0 tr\u00e1nh \u00e1nh n\u1eafng tr\u1ef1c ti\u1ebfp <\/p>","protected":false},"featured_media":11093,"comment_status":"open","ping_status":"closed","template":"","meta":[],"product_brand":[],"product_cat":[1684],"product_tag":[],"class_list":{"0":"post-11168","1":"product","2":"type-product","3":"status-publish","4":"has-post-thumbnail","6":"product_cat-tra-tien-loi-tra-2","8":"first","9":"instock","10":"shipping-taxable","11":"purchasable","12":"product-type-simple"},"_links":{"self":[{"href":"https:\/\/trarongvang.fulipage.com\/en\/wp-json\/wp\/v2\/product\/11168","targetHints":{"allow":["GET"]}}],"collection":[{"href":"https:\/\/trarongvang.fulipage.com\/en\/wp-json\/wp\/v2\/product"}],"about":[{"href":"https:\/\/trarongvang.fulipage.com\/en\/wp-json\/wp\/v2\/types\/product"}],"replies":[{"embeddable":true,"href":"https:\/\/trarongvang.fulipage.com\/en\/wp-json\/wp\/v2\/comments?post=11168"}],"wp:featuredmedia":[{"embeddable":true,"href":"https:\/\/trarongvang.fulipage.com\/en\/wp-json\/wp\/v2\/media\/11093"}],"wp:attachment":[{"href":"https:\/\/trarongvang.fulipage.com\/en\/wp-json\/wp\/v2\/media?parent=11168"}],"wp:term":[{"taxonomy":"product_brand","embeddable":true,"href":"https:\/\/trarongvang.fulipage.com\/en\/wp-json\/wp\/v2\/product_brand?post=11168"},{"taxonomy":"product_cat","embeddable":true,"href":"https:\/\/trarongvang.fulipage.com\/en\/wp-json\/wp\/v2\/product_cat?post=11168"},{"taxonomy":"product_tag","embeddable":true,"href":"https:\/\/trarongvang.fulipage.com\/en\/wp-json\/wp\/v2\/product_tag?post=11168"}],"curies":[{"name":"wp","href":"https:\/\/api.w.org\/{rel}","templated":true}]}}