{"id":11169,"date":"2026-04-18T15:25:11","date_gmt":"2026-04-18T08:25:11","guid":{"rendered":"https:\/\/trarongvang.fulipage.com\/san-pham\/tra-atiso-tui-loc-gunam\/"},"modified":"2026-04-18T15:25:11","modified_gmt":"2026-04-18T08:25:11","slug":"tra-atiso-tui-loc-gunam","status":"publish","type":"product","link":"https:\/\/trarongvang.fulipage.com\/en\/product\/tra-atiso-tui-loc-gunam\/","title":{"rendered":"TR\u00c0 ATISO T\u00daI L\u1eccC GUNAM"},"content":{"rendered":"<p>&#8211; Nguy\u00ean li\u1ec7u ch\u00ednh l\u00e0 hoa v\u00e0 l\u00e1 atiso t\u01b0\u01a1i \u0111\u01b0\u1ee3c tuy\u1ec3n ch\u1ecdn k\u1ef9 l\u01b0\u1ee1ng, gi\u00fap thanh l\u1ecdc c\u01a1 th\u1ec3, h\u1ed7 tr\u1ee3 ti\u00eau h\u00f3a v\u00e0 t\u0103ng c\u01b0\u1eddng ch\u1ee9c n\u0103ng gan. C\u00f4ng ngh\u1ec7 s\u1ea3n xu\u1ea5t hi\u1ec7n \u0111\u1ea1i gi\u1eef nguy\u00ean gi\u00e1 tr\u1ecb dinh d\u01b0\u1ee1ng v\u00e0 c\u00e1c ho\u1ea1t ch\u1ea5t qu\u00fd gi\u00e1 trong t\u1eebng t\u00fai tr\u00e0. Ch\u1ec9 c\u1ea7n v\u00e0i ph\u00fat pha ch\u1ebf, B\u1ea1n s\u1ebd c\u00f3 ngay m\u1ed9t t\u00e1ch Tr\u00e0 th\u01a1m nh\u1eb9, thanh m\u00e1t, gi\u00fap c\u01a1 th\u1ec3 th\u01b0 gi\u00e3n v\u00e0 tinh th\u1ea7n s\u1ea3ng kho\u00e1i.<\/p>\n<p>&#8211; Kh\u00e1c bi\u1ec7t v\u1edbi c\u00e1c lo\u1ea1i Tr\u00e0 th\u00f4ng th\u01b0\u1eddng, Tr\u00e0 Atiso T\u00fai L\u1ecdc GuNam cam k\u1ebft kh\u00f4ng ch\u1ee9a ph\u1ea9m m\u00e0u, ch\u1ea5t b\u1ea3o qu\u1ea3n hay h\u01b0\u01a1ng li\u1ec7u nh\u00e2n t\u1ea1o, mang \u0111\u1ebfn s\u1ef1 an to\u00e0n v\u00e0 ch\u1ea5t l\u01b0\u1ee3ng t\u1ed1i \u01b0u. S\u1ea3n ph\u1ea9m th\u00edch h\u1ee3p cho m\u1ecdi l\u1ee9a tu\u1ed5i v\u00e0 c\u00f3 th\u1ec3 d\u00f9ng h\u00e0ng ng\u00e0y \u0111\u1ec3 duy tr\u00ec s\u1ee9c kh\u1ecfe.<\/p>","protected":false},"excerpt":{"rendered":"<p>&#8211; Kh\u1ed1i l\u01b0\u1ee3ng: 40g\/h\u1ed9p (20 t\u00fai x 2g)<br \/>\n&#8211; S\u1ea3n xu\u1ea5t t\u1ea1i: L\u00e2m \u0110\u1ed3ng, Vi\u1ec7t Nam.<br \/>\n&#8211; H\u1ea1n s\u1eed d\u1ee5ng: 24 th\u00e1ng (in tr\u00ean bao b\u00ec)<br \/>\n&#8211; B\u1ea3o qu\u1ea3n: \u0110\u1ec3 n\u01a1i kh\u00f4 r\u00e1o, tho\u00e1ng m\u00e1t, tr\u00e1nh \u00e1nh n\u1eafng tr\u1ef1c ti\u1ebfp <\/p>","protected":false},"featured_media":11090,"comment_status":"open","ping_status":"closed","template":"","meta":[],"product_brand":[],"product_cat":[1684],"product_tag":[],"class_list":{"0":"post-11169","1":"product","2":"type-product","3":"status-publish","4":"has-post-thumbnail","6":"product_cat-tra-tien-loi-tra-2","8":"first","9":"instock","10":"shipping-taxable","11":"purchasable","12":"product-type-simple"},"_links":{"self":[{"href":"https:\/\/trarongvang.fulipage.com\/en\/wp-json\/wp\/v2\/product\/11169","targetHints":{"allow":["GET"]}}],"collection":[{"href":"https:\/\/trarongvang.fulipage.com\/en\/wp-json\/wp\/v2\/product"}],"about":[{"href":"https:\/\/trarongvang.fulipage.com\/en\/wp-json\/wp\/v2\/types\/product"}],"replies":[{"embeddable":true,"href":"https:\/\/trarongvang.fulipage.com\/en\/wp-json\/wp\/v2\/comments?post=11169"}],"wp:featuredmedia":[{"embeddable":true,"href":"https:\/\/trarongvang.fulipage.com\/en\/wp-json\/wp\/v2\/media\/11090"}],"wp:attachment":[{"href":"https:\/\/trarongvang.fulipage.com\/en\/wp-json\/wp\/v2\/media?parent=11169"}],"wp:term":[{"taxonomy":"product_brand","embeddable":true,"href":"https:\/\/trarongvang.fulipage.com\/en\/wp-json\/wp\/v2\/product_brand?post=11169"},{"taxonomy":"product_cat","embeddable":true,"href":"https:\/\/trarongvang.fulipage.com\/en\/wp-json\/wp\/v2\/product_cat?post=11169"},{"taxonomy":"product_tag","embeddable":true,"href":"https:\/\/trarongvang.fulipage.com\/en\/wp-json\/wp\/v2\/product_tag?post=11169"}],"curies":[{"name":"wp","href":"https:\/\/api.w.org\/{rel}","templated":true}]}}