{"id":11170,"date":"2026-04-18T15:25:11","date_gmt":"2026-04-18T08:25:11","guid":{"rendered":"https:\/\/trarongvang.fulipage.com\/san-pham\/tra-hoa-tan-vi-dao-gunam\/"},"modified":"2026-04-18T15:25:11","modified_gmt":"2026-04-18T08:25:11","slug":"tra-hoa-tan-vi-dao-gunam","status":"publish","type":"product","link":"https:\/\/trarongvang.fulipage.com\/en\/product\/tra-hoa-tan-vi-dao-gunam\/","title":{"rendered":"TR\u00c0 HO\u00c0 TAN V\u1eca \u0110\u00c0O GUNAM"},"content":{"rendered":"<p>&#8211; V\u1edbi chi\u1ebft xu\u1ea5t t\u1eeb nh\u1eefng l\u00e1 Tr\u00e0 tinh tuy\u1ec3n k\u1ebft h\u1ee3p c\u00f9ng h\u01b0\u01a1ng \u0110\u00e0o t\u1ef1 nhi\u00ean, s\u1ea3n ph\u1ea9m mang \u0111\u1ebfn v\u1ecb thanh m\u00e1t, ng\u1ecdt d\u1ecbu \u0111\u1ea7y quy\u1ebfn r\u0169. C\u00f4ng ngh\u1ec7 h\u00f2a tan hi\u1ec7n \u0111\u1ea1i gi\u1eef nguy\u00ean gi\u00e1 tr\u1ecb dinh d\u01b0\u1ee1ng v\u00e0 h\u01b0\u01a1ng v\u1ecb, gi\u00fap B\u1ea1n d\u1ec5 d\u00e0ng th\u01b0\u1edfng th\u1ee9c m\u1ed9t ly tr\u00e0 ngon trong v\u00e0i gi\u00e2y.<\/p>\n<p>&#8211; Tr\u00e0 Ho\u00e0 Tan V\u1ecb \u0110\u00e0o GuNam kh\u00f4ng ch\u1ec9 l\u00e0 th\u1ee9c u\u1ed1ng gi\u00fap B\u1ea1n gi\u1ea3i kh\u00e1t, m\u00e0 c\u00f2n l\u00e0 ng\u01b0\u1eddi B\u1ea1n \u0111\u1ed3ng h\u00e0nh cho m\u1ecdi kho\u1ea3nh kh\u1eafc trong ng\u00e0y. D\u00f9 l\u00e0 bu\u1ed5i s\u00e1ng tr\u00e0n \u0111\u1ea7y n\u0103ng l\u01b0\u1ee3ng, gi\u1edd l\u00e0m vi\u1ec7c c\u0103ng th\u1eb3ng hay nh\u1eefng ph\u00fat gi\u00e2y th\u01b0 gi\u00e3n c\u00f9ng b\u1ea1n b\u00e8, Tr\u00e0 Ho\u00e0 Tan GuNam lu\u00f4n s\u1eb5n s\u00e0ng mang l\u1ea1i s\u1ef1 tho\u1ea3i m\u00e1i v\u00e0 t\u01b0\u01a1i m\u1edbi.<\/p>","protected":false},"excerpt":{"rendered":"<p>&#8211; Kh\u1ed1i l\u01b0\u1ee3ng: 240g\/h\u1ed9p (16 g\u00f3i x 15g)<br \/>\n&#8211; S\u1ea3n xu\u1ea5t t\u1ea1i: L\u00e2m \u0110\u1ed3ng, Vi\u1ec7t Nam.<br \/>\n&#8211; H\u1ea1n s\u1eed d\u1ee5ng: 18 th\u00e1ng<br \/>\n&#8211; B\u1ea3o qu\u1ea3n: \u0110\u1ec3 n\u01a1i kh\u00f4 r\u00e1o, tho\u00e1ng m\u00e1t, tr\u00e1nh \u00e1nh n\u1eafng tr\u1ef1c ti\u1ebfp <\/p>","protected":false},"featured_media":11091,"comment_status":"open","ping_status":"closed","template":"","meta":[],"product_brand":[],"product_cat":[1684],"product_tag":[],"class_list":{"0":"post-11170","1":"product","2":"type-product","3":"status-publish","4":"has-post-thumbnail","6":"product_cat-tra-tien-loi-tra-2","8":"first","9":"instock","10":"shipping-taxable","11":"purchasable","12":"product-type-simple"},"_links":{"self":[{"href":"https:\/\/trarongvang.fulipage.com\/en\/wp-json\/wp\/v2\/product\/11170","targetHints":{"allow":["GET"]}}],"collection":[{"href":"https:\/\/trarongvang.fulipage.com\/en\/wp-json\/wp\/v2\/product"}],"about":[{"href":"https:\/\/trarongvang.fulipage.com\/en\/wp-json\/wp\/v2\/types\/product"}],"replies":[{"embeddable":true,"href":"https:\/\/trarongvang.fulipage.com\/en\/wp-json\/wp\/v2\/comments?post=11170"}],"wp:featuredmedia":[{"embeddable":true,"href":"https:\/\/trarongvang.fulipage.com\/en\/wp-json\/wp\/v2\/media\/11091"}],"wp:attachment":[{"href":"https:\/\/trarongvang.fulipage.com\/en\/wp-json\/wp\/v2\/media?parent=11170"}],"wp:term":[{"taxonomy":"product_brand","embeddable":true,"href":"https:\/\/trarongvang.fulipage.com\/en\/wp-json\/wp\/v2\/product_brand?post=11170"},{"taxonomy":"product_cat","embeddable":true,"href":"https:\/\/trarongvang.fulipage.com\/en\/wp-json\/wp\/v2\/product_cat?post=11170"},{"taxonomy":"product_tag","embeddable":true,"href":"https:\/\/trarongvang.fulipage.com\/en\/wp-json\/wp\/v2\/product_tag?post=11170"}],"curies":[{"name":"wp","href":"https:\/\/api.w.org\/{rel}","templated":true}]}}