{"id":11171,"date":"2026-04-18T15:25:11","date_gmt":"2026-04-18T08:25:11","guid":{"rendered":"https:\/\/trarongvang.fulipage.com\/san-pham\/tra-hoa-tan-vi-chanh-gunam\/"},"modified":"2026-04-18T15:25:11","modified_gmt":"2026-04-18T08:25:11","slug":"tra-hoa-tan-vi-chanh-gunam","status":"publish","type":"product","link":"https:\/\/trarongvang.fulipage.com\/en\/product\/tra-hoa-tan-vi-chanh-gunam\/","title":{"rendered":"TR\u00c0 HO\u00c0 TAN V\u1eca CHANH GUNAM"},"content":{"rendered":"<p>&#8211; S\u1ea3n ph\u1ea9m \u0111\u01b0\u1ee3c ch\u1ebf bi\u1ebfn t\u1eeb nguy\u00ean li\u1ec7u thi\u00ean nhi\u00ean ch\u1ea5t l\u01b0\u1ee3ng, kh\u00f4ng ch\u1ea5t b\u1ea3o qu\u1ea3n, \u0111\u1ea3m b\u1ea3o an to\u00e0n cho s\u1ee9c kh\u1ecfe. B\u1ea1n ch\u1ec9 c\u1ea7n cho m\u1ed9t g\u00f3i Tr\u00e0 v\u00e0o c\u1ed1c, th\u00eam n\u01b0\u1edbc n\u00f3ng v\u00e0 khu\u1ea5y \u0111\u1ec1u \u2013 ch\u1ec9 trong v\u00e0i gi\u00e2y l\u00e0 c\u00f3 ngay m\u1ed9t ly Tr\u00e0 th\u01a1m ngon, d\u1ec5 u\u1ed1ng, gi\u00fap gi\u1ea3i kh\u00e1t v\u00e0 thanh l\u1ecdc c\u01a1 th\u1ec3.<\/p>\n<p>&#8211; Tr\u00e0 Ho\u00e0 Tan V\u1ecb Chanh GuNam kh\u00f4ng ch\u1ec9 mang l\u1ea1i c\u1ea3m gi\u00e1c m\u00e1t l\u1ea1nh, d\u1ec5 ch\u1ecbu m\u00e0 c\u00f2n h\u1ed7 tr\u1ee3 t\u0103ng c\u01b0\u1eddng s\u1ee9c \u0111\u1ec1 kh\u00e1ng, \u0111\u1eb9p da v\u00e0 gi\u00fap B\u1ea1n lu\u00f4n t\u1ec9nh t\u00e1o, \u0111\u1ea7y n\u0103ng l\u01b0\u1ee3ng su\u1ed1t c\u1ea3 ng\u00e0y d\u00e0i.<\/p>","protected":false},"excerpt":{"rendered":"<p>&#8211; Kh\u1ed1i l\u01b0\u1ee3ng: 240g\/h\u1ed9p (16 g\u00f3i x 15g)<br \/>\n&#8211; S\u1ea3n xu\u1ea5t t\u1ea1i: L\u00e2m \u0110\u1ed3ng, Vi\u1ec7t Nam.<br \/>\n&#8211; H\u1ea1n s\u1eed d\u1ee5ng: 18 th\u00e1ng<br \/>\n&#8211; B\u1ea3o qu\u1ea3n: \u0110\u1ec3 n\u01a1i kh\u00f4 r\u00e1o, tho\u00e1ng m\u00e1t, tr\u00e1nh \u00e1nh n\u1eafng tr\u1ef1c ti\u1ebfp <\/p>","protected":false},"featured_media":11094,"comment_status":"open","ping_status":"closed","template":"","meta":[],"product_brand":[],"product_cat":[1684],"product_tag":[],"class_list":{"0":"post-11171","1":"product","2":"type-product","3":"status-publish","4":"has-post-thumbnail","6":"product_cat-tra-tien-loi-tra-2","8":"first","9":"instock","10":"shipping-taxable","11":"purchasable","12":"product-type-simple"},"_links":{"self":[{"href":"https:\/\/trarongvang.fulipage.com\/en\/wp-json\/wp\/v2\/product\/11171","targetHints":{"allow":["GET"]}}],"collection":[{"href":"https:\/\/trarongvang.fulipage.com\/en\/wp-json\/wp\/v2\/product"}],"about":[{"href":"https:\/\/trarongvang.fulipage.com\/en\/wp-json\/wp\/v2\/types\/product"}],"replies":[{"embeddable":true,"href":"https:\/\/trarongvang.fulipage.com\/en\/wp-json\/wp\/v2\/comments?post=11171"}],"wp:featuredmedia":[{"embeddable":true,"href":"https:\/\/trarongvang.fulipage.com\/en\/wp-json\/wp\/v2\/media\/11094"}],"wp:attachment":[{"href":"https:\/\/trarongvang.fulipage.com\/en\/wp-json\/wp\/v2\/media?parent=11171"}],"wp:term":[{"taxonomy":"product_brand","embeddable":true,"href":"https:\/\/trarongvang.fulipage.com\/en\/wp-json\/wp\/v2\/product_brand?post=11171"},{"taxonomy":"product_cat","embeddable":true,"href":"https:\/\/trarongvang.fulipage.com\/en\/wp-json\/wp\/v2\/product_cat?post=11171"},{"taxonomy":"product_tag","embeddable":true,"href":"https:\/\/trarongvang.fulipage.com\/en\/wp-json\/wp\/v2\/product_tag?post=11171"}],"curies":[{"name":"wp","href":"https:\/\/api.w.org\/{rel}","templated":true}]}}