{"id":11173,"date":"2026-04-18T15:25:11","date_gmt":"2026-04-18T08:25:11","guid":{"rendered":"https:\/\/trarongvang.fulipage.com\/san-pham\/tra-xanh-buom-huong-sam-dua\/"},"modified":"2026-04-18T15:25:11","modified_gmt":"2026-04-18T08:25:11","slug":"tra-xanh-buom-huong-sam-dua","status":"publish","type":"product","link":"https:\/\/trarongvang.fulipage.com\/en\/product\/tra-xanh-buom-huong-sam-dua\/","title":{"rendered":"TR\u00c0 XANH BU\u1ed2M H\u01af\u01a0NG S\u00c2M D\u1ee8A"},"content":{"rendered":"<p>Tr\u00e0 bu\u1ed3m h\u01b0\u01a1ng s\u00e2m d\u1ee9a R\u1ed3ng V\u00e0ng c\u00f3 nguy\u00ean li\u1ec7u l\u00e0 ch\u00e8 c\u1ecdng bu\u1ed3m, h\u01b0\u01a1ng v\u1ecb \u0111\u1eadm \u0111\u00e0, s\u1ea3n ph\u1ea9m 100% an to\u00e0n, kh\u00f4ng d\u01b0 l\u01b0\u1ee3ng thu\u1ed1c tr\u1eeb s\u00e2u v\u00e0 thu\u1ed1c b\u1ea3o v\u1ec7 th\u1ef1c v\u1eadt <\/p>\n<p>N\u01b0\u1edbc Tr\u00e0: tho\u00e1ng v\u1ecb ch\u00e1t, m\u00e0u n\u01b0\u1edbc xanh thanh khi\u1ebft, c\u00f3 th\u1ec3 pha nhi\u1ec1u n\u01b0\u1edbc. M\u00f9i v\u1ecb tinh t\u1ebf v\u1edbi h\u01b0\u01a1ng th\u01a1m c\u1ee7a s\u00e2m d\u1ee9a c\u00f9ng h\u01b0\u01a1ng th\u01a1m \u0111\u1eb7c tr\u01b0ng c\u1ee7a Tr\u00e0 Xanh.<\/p>\n<p>Tr\u00e0 bu\u1ed3m h\u01b0\u01a1ng s\u00e2m d\u1ee9a R\u1ed3ng V\u00e0ng l\u00e0 s\u1ef1 k\u1ebft h\u1ee3p \u0111\u1ed9c \u0111\u00e1o t\u1eeb c\u1ecdng bu\u1ed3m c\u00f9ng v\u1edbi l\u00e1 d\u1ee9a th\u01a1m m\u00e1t, c\u1ea3 hai h\u00f2a quy\u1ec7n v\u00e0o nhau \u0111em \u0111\u1ebfn cho b\u1ea1n m\u1ed9t t\u00e1ch Tr\u00e0 \u0111\u1eb7c tr\u01b0ng h\u01b0\u01a1ng tr\u00e0, thoang tho\u1ea3ng s\u1ef1 ng\u1ecdt ng\u00e0o t\u1eeb s\u00e2m d\u1ee9a gi\u00fap tinh th\u1ea7n s\u1ea3ng kho\u00e1i d\u1ec5 ch\u1ecbu.<\/p>","protected":false},"excerpt":{"rendered":"<p>&#8211; Th\u00e0nh ph\u1ea7n: ch\u00e8 c\u1ecdng bu\u1ed3m<br \/>\n-Xu\u1ea5t x\u1ee9: B\u1ea3o L\u1ed9c, L\u00e2m \u0110\u1ed3ng, Vi\u1ec7t Nam.<br \/>\n-Quy c\u00e1ch: 300gr\/T\u00fai<br \/>\n-M\u00e0u n\u01b0\u1edbc : tho\u00e1ng v\u1ecb ch\u00e1t, m\u00e0u n\u01b0\u1edbc xanh thanh khi\u1ebft, c\u00f3 th\u1ec3 pha nhi\u1ec1u n\u01b0\u1edbc, ph\u00f9 h\u1ee3p \u0111\u1ec3 pha ch\u1ebf c\u00e1c lo\u1ea1i tr\u00e0 tr\u00e1i c\u00e2y, tr\u00e0 \u0111\u00e1 ph\u1ee5c v\u1ee5 trong c\u00e1c qu\u00e1n cafe, qu\u00e1n c\u01a1m\u2026<br \/>\n-H\u01b0\u01a1ng v\u1ecb: m\u1ecbn m\u00e0ng, m\u1ec1m m\u1ea1i, m\u00f9i v\u1ecb tinh t\u1ebf v\u1edbi h\u01b0\u01a1ng th\u01a1m c\u1ee7a s\u00e2m d\u1ee9a c\u00f9ng h\u01b0\u01a1ng th\u01a1m \u0111\u1eb7c tr\u01b0ng c\u1ee7a Tr\u00e0 Xanh.<\/p>","protected":false},"featured_media":11095,"comment_status":"open","ping_status":"closed","template":"","meta":[],"product_brand":[],"product_cat":[1685],"product_tag":[],"class_list":{"0":"post-11173","1":"product","2":"type-product","3":"status-publish","4":"has-post-thumbnail","6":"product_cat-tra-da-tra-2","8":"first","9":"instock","10":"shipping-taxable","11":"purchasable","12":"product-type-simple"},"_links":{"self":[{"href":"https:\/\/trarongvang.fulipage.com\/en\/wp-json\/wp\/v2\/product\/11173","targetHints":{"allow":["GET"]}}],"collection":[{"href":"https:\/\/trarongvang.fulipage.com\/en\/wp-json\/wp\/v2\/product"}],"about":[{"href":"https:\/\/trarongvang.fulipage.com\/en\/wp-json\/wp\/v2\/types\/product"}],"replies":[{"embeddable":true,"href":"https:\/\/trarongvang.fulipage.com\/en\/wp-json\/wp\/v2\/comments?post=11173"}],"wp:featuredmedia":[{"embeddable":true,"href":"https:\/\/trarongvang.fulipage.com\/en\/wp-json\/wp\/v2\/media\/11095"}],"wp:attachment":[{"href":"https:\/\/trarongvang.fulipage.com\/en\/wp-json\/wp\/v2\/media?parent=11173"}],"wp:term":[{"taxonomy":"product_brand","embeddable":true,"href":"https:\/\/trarongvang.fulipage.com\/en\/wp-json\/wp\/v2\/product_brand?post=11173"},{"taxonomy":"product_cat","embeddable":true,"href":"https:\/\/trarongvang.fulipage.com\/en\/wp-json\/wp\/v2\/product_cat?post=11173"},{"taxonomy":"product_tag","embeddable":true,"href":"https:\/\/trarongvang.fulipage.com\/en\/wp-json\/wp\/v2\/product_tag?post=11173"}],"curies":[{"name":"wp","href":"https:\/\/api.w.org\/{rel}","templated":true}]}}