{"id":11174,"date":"2026-04-18T15:25:12","date_gmt":"2026-04-18T08:25:12","guid":{"rendered":"https:\/\/trarongvang.fulipage.com\/san-pham\/bo-tra-cu-du-lich-cao-cap-nhat-nguyet-lien-hoa\/"},"modified":"2026-04-18T15:25:12","modified_gmt":"2026-04-18T08:25:12","slug":"bo-tra-cu-du-lich-cao-cap-nhat-nguyet-lien-hoa","status":"publish","type":"product","link":"https:\/\/trarongvang.fulipage.com\/en\/product\/bo-tra-cu-du-lich-cao-cap-nhat-nguyet-lien-hoa\/","title":{"rendered":"B\u1ed8 TR\u00c0 C\u1ee4 DU L\u1ecaCH CAO C\u1ea4P \u2013 NH\u1eacT NGUY\u1ec6T LI\u00caN HOA"},"content":{"rendered":"<p>B\u1ed8 TR\u00c0 C\u1ee4 DU L\u1ecaCH CAO C\u1ea4P \u2013 NH\u1eacT NGUY\u1ec6T LI\u00caN HOA<br \/>\nG\u00f3i tr\u1ecdn phong v\u1ecb tr\u00e0 chi\u1ec1u trong m\u1ecdi chuy\u1ebfn \u0111i<\/p>\n<p>B\u1ea1n l\u00e0 ng\u01b0\u1eddi y\u00eau Tr\u00e0 v\u00e0 lu\u00f4n mu\u1ed1n th\u01b0\u1edfng th\u1ee9c m\u1ed9t t\u00e1ch Tr\u00e0 ngon \u0111\u00fang ngh\u0129a d\u00f9 \u0111ang \u1edf gi\u1eefa r\u1eebng s\u00e2u, b\u00ean b\u1edd bi\u1ec3n hay trong m\u1ed9t chuy\u1ebfn c\u00f4ng t\u00e1c xa? B\u1ed9 Tr\u00e0 C\u1ee5 Du L\u1ecbch &#8220;Nh\u1eadt Nguy\u1ec7t Li\u00ean Hoa&#8221; ch\u00ednh l\u00e0 ng\u01b0\u1eddi b\u1ea1n \u0111\u1ed3ng h\u00e0nh ho\u00e0n h\u1ea3o, k\u1ebft h\u1ee3p gi\u1eefa n\u00e9t \u0111\u1eb9p truy\u1ec1n th\u1ed1ng v\u00e0 t\u00ednh ti\u1ec7n d\u1ee5ng hi\u1ec7n \u0111\u1ea1i.<\/p>\n<p>\u0110\u1eb7c \u0111i\u1ec3m n\u1ed5i b\u1eadt c\u1ee7a b\u1ed9 s\u1ea3n ph\u1ea9m:<br \/>\n1.Thi\u1ebft k\u1ebf: \u0110i\u1ec3m nh\u1ea5n n\u1eb1m \u1edf 4 ch\u00e9n tr\u00e0 th\u1ee7y tinh m\u1edd v\u1edbi h\u1ecda ti\u1ebft hoa mai b\u1ea1c \u0111\u00ednh th\u1ee7 c\u00f4ng, t\u1ea1o c\u1ea3m gi\u00e1c sang tr\u1ecdng v\u00e0 tao nh\u00e3 khi c\u1ea7m tr\u00ean tay.<\/p>\n<p>2.Ch\u1ea5t li\u1ec7u cao c\u1ea5p:<br \/>\n-\u1ea4m s\u1ee9 tr\u1eafng (220ml): L\u1edbp men s\u1ee9 tr\u1eafng mu\u1ed1t, b\u00f3ng m\u1ecbn, gi\u00fap gi\u1eef tr\u1ecdn h\u01b0\u01a1ng v\u1ecb nguy\u00ean b\u1ea3n c\u1ee7a tr\u00e0 v\u00e0 d\u1ec5 d\u00e0ng v\u1ec7 sinh.<br \/>\n-T\u1ed1ng tr\u00e0 th\u1ee7y tinh c\u00e1n g\u1ed7: Ch\u1ed1ng b\u1ecfng tay, gi\u00fap b\u1ea1n quan s\u00e1t \u0111\u01b0\u1ee3c m\u00e0u n\u01b0\u1edbc tr\u00e0 h\u1ed5 ph\u00e1ch tuy\u1ec7t \u0111\u1eb9p.<br \/>\n-B\u1ed9 l\u1ecdc tr\u00e0 k\u00e8m \u0111\u1ebf: \u0110\u1ea3m b\u1ea3o n\u01b0\u1edbc tr\u00e0 lu\u00f4n trong tr\u1ebbo, kh\u00f4ng l\u1eabn c\u1eb7n l\u00e1.<\/p>\n<p>3.T\u00fai \u0111\u1ef1ng v\u1ea3i g\u1ea5m \u0111\u1ed9c b\u1ea3n: \u0110\u01b0\u1ee3c thi\u1ebft k\u1ebf nh\u01b0 m\u1ed9t t\u00e1c ph\u1ea9m ngh\u1ec7 thu\u1eadt v\u1edbi hoa v\u0103n d\u1ec7t ch\u00ecm sang tr\u1ecdng, l\u1edbp l\u00f3t ch\u1ed1ng s\u1ed1c d\u00e0y d\u1eb7n gi\u00fap b\u1ea3o v\u1ec7 tr\u00e0 c\u1ee5 an to\u00e0n tuy\u1ec7t \u0111\u1ed1i trong m\u1ecdi h\u00e0nh tr\u00ecnh.<\/p>\n<p>4.S\u1ef1 ti\u1ec7n l\u1ee3i t\u1ed1i \u0111a: C\u00e1c chi ti\u1ebft \u0111\u01b0\u1ee3c s\u1eafp x\u1ebfp khoa h\u1ecdc, g\u1ecdn g\u00e0ng trong t\u00fai x\u00e1ch nh\u1ecf xinh, gi\u00fap b\u1ea1n d\u1ec5 d\u00e0ng mang theo \u0111i du l\u1ecbch, d\u00e3 ngo\u1ea1i ho\u1eb7c \u0111\u1eb7t t\u1ea1i v\u0103n ph\u00f2ng l\u00e0m vi\u1ec7c.<\/p>","protected":false},"excerpt":{"rendered":"<p>M\u00f4 t\u1ea3 chung:<br \/>\n\u1ea4m Tr\u00e0\tS\u1ee9 cao c\u1ea5p: dung t\u00edch 220ml<br \/>\nT\u1ed1ng tr\u00e0 :Th\u1ee7y tinh ch\u1ecbu nhi\u1ec7t, c\u00e1n g\u1ed7 ch\u1ed1ng b\u1ecfng<br \/>\nCh\u00e9n tr\u00e0: 04 ch\u00e9n th\u1ee7y tinh h\u1ecda ti\u1ebft hoa n\u1ed5i<br \/>\nB\u1ed9 l\u1ecdc: L\u01b0\u1edbi l\u1ecdc inox k\u00e8m \u0111\u1ebf ti\u1ec7n d\u1ee5ng<br \/>\nT\u00fai \u0111\u1ef1ng: V\u1ea3i g\u1ea5m ch\u1ed1ng s\u1ed1c, c\u00f3 quai x\u00e1ch th\u1ea9m m\u1ef9<\/p>","protected":false},"featured_media":11120,"comment_status":"open","ping_status":"closed","template":"","meta":[],"product_brand":[],"product_cat":[1687],"product_tag":[],"class_list":{"0":"post-11174","1":"product","2":"type-product","3":"status-publish","4":"has-post-thumbnail","6":"product_cat-bo-ban-tra-day-du-tra-cu-2","8":"first","9":"instock","10":"shipping-taxable","11":"product-type-simple"},"_links":{"self":[{"href":"https:\/\/trarongvang.fulipage.com\/en\/wp-json\/wp\/v2\/product\/11174","targetHints":{"allow":["GET"]}}],"collection":[{"href":"https:\/\/trarongvang.fulipage.com\/en\/wp-json\/wp\/v2\/product"}],"about":[{"href":"https:\/\/trarongvang.fulipage.com\/en\/wp-json\/wp\/v2\/types\/product"}],"replies":[{"embeddable":true,"href":"https:\/\/trarongvang.fulipage.com\/en\/wp-json\/wp\/v2\/comments?post=11174"}],"wp:featuredmedia":[{"embeddable":true,"href":"https:\/\/trarongvang.fulipage.com\/en\/wp-json\/wp\/v2\/media\/11120"}],"wp:attachment":[{"href":"https:\/\/trarongvang.fulipage.com\/en\/wp-json\/wp\/v2\/media?parent=11174"}],"wp:term":[{"taxonomy":"product_brand","embeddable":true,"href":"https:\/\/trarongvang.fulipage.com\/en\/wp-json\/wp\/v2\/product_brand?post=11174"},{"taxonomy":"product_cat","embeddable":true,"href":"https:\/\/trarongvang.fulipage.com\/en\/wp-json\/wp\/v2\/product_cat?post=11174"},{"taxonomy":"product_tag","embeddable":true,"href":"https:\/\/trarongvang.fulipage.com\/en\/wp-json\/wp\/v2\/product_tag?post=11174"}],"curies":[{"name":"wp","href":"https:\/\/api.w.org\/{rel}","templated":true}]}}