{"id":11175,"date":"2026-04-18T15:25:12","date_gmt":"2026-04-18T08:25:12","guid":{"rendered":"https:\/\/trarongvang.fulipage.com\/san-pham\/bo-tra-cu-du-lich-hoang-gia-dong-phuong-van-vu\/"},"modified":"2026-04-18T15:25:12","modified_gmt":"2026-04-18T08:25:12","slug":"bo-tra-cu-du-lich-hoang-gia-dong-phuong-van-vu","status":"publish","type":"product","link":"https:\/\/trarongvang.fulipage.com\/en\/product\/bo-tra-cu-du-lich-hoang-gia-dong-phuong-van-vu\/","title":{"rendered":"B\u1ed8 TR\u00c0 C\u1ee4 DU L\u1ecaCH HO\u00c0NG GIA \u2013 \u0110\u00d4NG PH\u01af\u01a0NG V\u00c2N V\u0168"},"content":{"rendered":"<p>B\u1ed8 TR\u00c0 C\u1ee4 DU L\u1ecaCH HO\u00c0NG GIA \u2013 \u0110\u00d4NG PH\u01af\u01a0NG V\u00c2N V\u0168<br \/>\nMang c\u1ea3 kh\u00f4ng gian tr\u00e0 \u0111\u1ea1o trang nh\u00e3 \u0111i mu\u00f4n n\u01a1i<\/p>\n<p>B\u1ea1n y\u00eau th\u00edch c\u1ea3m gi\u00e1c th th\u01b0 th\u00e1i khi th\u01b0\u1edfng tr\u00e0 v\u00e0 mu\u1ed1n l\u01b0u gi\u1eef n\u00e9t v\u0103n h\u00f3a \u0111\u1eb9p n\u00e0y trong m\u1ecdi chuy\u1ebfn h\u00e0nh tr\u00ecnh? B\u1ed9 Tr\u00e0 C\u1ee5 Du L\u1ecbch &#8220;\u0110\u00f4ng Ph\u01b0\u01a1ng V\u00e2n V\u0169&#8221; v\u1edbi s\u1ef1 k\u1ebft h\u1ee3p ho\u00e0n h\u1ea3o gi\u1eefa n\u00e9t c\u1ed5 \u0111i\u1ec3n \u0110\u00f4ng Ph\u01b0\u01a1ng v\u00e0 thi\u1ebft k\u1ebf ti\u1ec7n d\u1ee5ng ch\u00ednh l\u00e0 c\u00e2u tr\u1ea3 l\u1eddi d\u00e0nh cho b\u1ea1n.<\/p>\n<p>\u0110\u1eb7c \u0111i\u1ec3m n\u1ed5i b\u1eadt c\u1ee7a b\u1ed9 s\u1ea3n ph\u1ea9m:<br \/>\n1. V\u1ebb \u0111\u1eb9p \u0111\u1eadm ch\u1ea5t ngh\u1ec7 thu\u1eadt: \u0110i\u1ec3m nh\u1ea5n \u0111\u1ed9c \u0111\u00e1o l\u00e0 4 ch\u00e9n tr\u00e0 s\u1ee9 tr\u1eafng men b\u00f3ng, m\u1ed7i ch\u00e9n mang m\u1ed9t h\u1ecda ti\u1ebft v\u00e2n xanh d\u1ec7t n\u00ean c\u00e2u chuy\u1ec7n ri\u00eang, l\u1ea5y c\u1ea3m h\u1ee9ng t\u1eeb m\u00e2y tr\u1eddi v\u00e0 v\u0169 tr\u1ee5.<\/p>\n<p>2.Ch\u1ea5t li\u1ec7u cao c\u1ea5p:<br \/>\n-\u1ea4m s\u1ee9 tr\u1eafng (220ml): L\u1edbp men s\u1ee9 tr\u1eafng mu\u1ed1t, b\u00f3ng m\u1ecbn, gi\u00fap gi\u1eef tr\u1ecdn h\u01b0\u01a1ng v\u1ecb nguy\u00ean b\u1ea3n c\u1ee7a tr\u00e0 v\u00e0 d\u1ec5 d\u00e0ng v\u1ec7 sinh.<br \/>\n-T\u1ed1ng tr\u00e0 th\u1ee7y tinh l\u1ee5c gi\u00e1c: Thi\u1ebft k\u1ebf g\u00f3c c\u1ea1nh hi\u1ec7n \u0111\u1ea1i, gi\u00fap b\u1ea1n quan s\u00e1t s\u1eafc n\u01b0\u1edbc tr\u00e0 \u1edf m\u1ecdi g\u00f3c nh\u00ecn.<br \/>\n-B\u1ed9 l\u1ecdc tr\u00e0 k\u00e8m \u0111\u1ebf: \u0110\u1ea3m b\u1ea3o n\u01b0\u1edbc tr\u00e0 lu\u00f4n trong tr\u1ebbo, kh\u00f4ng l\u1eabn c\u1eb7n l\u00e1.<\/p>\n<p>3.T\u00fai \u0111\u1ef1ng v\u1ea3i g\u1ea5m \u0111\u1ed9c b\u1ea3n: \u0110\u01b0\u1ee3c thi\u1ebft k\u1ebf nh\u01b0 m\u1ed9t t\u00e1c ph\u1ea9m ngh\u1ec7 thu\u1eadt v\u1edbi hoa v\u0103n d\u1ec7t ch\u00ecm sang tr\u1ecdng, l\u1edbp l\u00f3t ch\u1ed1ng s\u1ed1c d\u00e0y d\u1eb7n gi\u00fap b\u1ea3o v\u1ec7 tr\u00e0 c\u1ee5 an to\u00e0n tuy\u1ec7t \u0111\u1ed1i trong m\u1ecdi h\u00e0nh tr\u00ecnh.<\/p>\n<p>4.S\u1ef1 ti\u1ec7n l\u1ee3i t\u1ed1i \u0111a: C\u00e1c chi ti\u1ebft \u0111\u01b0\u1ee3c s\u1eafp x\u1ebfp khoa h\u1ecdc, g\u1ecdn g\u00e0ng trong t\u00fai x\u00e1ch nh\u1ecf xinh, gi\u00fap b\u1ea1n d\u1ec5 d\u00e0ng mang theo \u0111i du l\u1ecbch, d\u00e3 ngo\u1ea1i ho\u1eb7c \u0111\u1eb7t t\u1ea1i v\u0103n ph\u00f2ng l\u00e0m vi\u1ec7c.<\/p>","protected":false},"excerpt":{"rendered":"<p>M\u00f4 t\u1ea3 chung:<br \/>\n\u1ea4m Tr\u00e0 S\u1ee9 cao c\u1ea5p: dung t\u00edch 220ml<br \/>\nT\u1ed1ng tr\u00e0: Th\u1ee7y tinh ch\u1ecbu nhi\u1ec7t, d\u00e1ng l\u1ee5c gi\u00e1c \u0111\u1ed9c \u0111\u00e1o<br \/>\nCh\u00e9n tr\u00e0 :04 ch\u00e9n s\u1ee9 tr\u1eafng v\u1edbi c\u00e1c h\u1ecda ti\u1ebft v\u00e2n xanh kh\u00e1c nhau<br \/>\nB\u1ed9 l\u1ecdc: L\u01b0\u1edbi l\u1ecdc inox k\u00e8m \u0111\u1ebf ti\u1ec7n d\u1ee5ng<br \/>\nT\u00fai \u0111\u1ef1ng: V\u1ea3i g\u1ea5m ch\u1ed1ng s\u1ed1c, cso quai x\u00e1ch th\u1ea9m m\u1ef9<\/p>","protected":false},"featured_media":11115,"comment_status":"open","ping_status":"closed","template":"","meta":[],"product_brand":[],"product_cat":[1687],"product_tag":[],"class_list":{"0":"post-11175","1":"product","2":"type-product","3":"status-publish","4":"has-post-thumbnail","6":"product_cat-bo-ban-tra-day-du-tra-cu-2","8":"first","9":"instock","10":"shipping-taxable","11":"product-type-simple"},"_links":{"self":[{"href":"https:\/\/trarongvang.fulipage.com\/en\/wp-json\/wp\/v2\/product\/11175","targetHints":{"allow":["GET"]}}],"collection":[{"href":"https:\/\/trarongvang.fulipage.com\/en\/wp-json\/wp\/v2\/product"}],"about":[{"href":"https:\/\/trarongvang.fulipage.com\/en\/wp-json\/wp\/v2\/types\/product"}],"replies":[{"embeddable":true,"href":"https:\/\/trarongvang.fulipage.com\/en\/wp-json\/wp\/v2\/comments?post=11175"}],"wp:featuredmedia":[{"embeddable":true,"href":"https:\/\/trarongvang.fulipage.com\/en\/wp-json\/wp\/v2\/media\/11115"}],"wp:attachment":[{"href":"https:\/\/trarongvang.fulipage.com\/en\/wp-json\/wp\/v2\/media?parent=11175"}],"wp:term":[{"taxonomy":"product_brand","embeddable":true,"href":"https:\/\/trarongvang.fulipage.com\/en\/wp-json\/wp\/v2\/product_brand?post=11175"},{"taxonomy":"product_cat","embeddable":true,"href":"https:\/\/trarongvang.fulipage.com\/en\/wp-json\/wp\/v2\/product_cat?post=11175"},{"taxonomy":"product_tag","embeddable":true,"href":"https:\/\/trarongvang.fulipage.com\/en\/wp-json\/wp\/v2\/product_tag?post=11175"}],"curies":[{"name":"wp","href":"https:\/\/api.w.org\/{rel}","templated":true}]}}