{"id":11176,"date":"2026-04-18T15:25:12","date_gmt":"2026-04-18T08:25:12","guid":{"rendered":"https:\/\/trarongvang.fulipage.com\/san-pham\/am-tra-su-trang-cao-cap\/"},"modified":"2026-04-18T15:25:12","modified_gmt":"2026-04-18T08:25:12","slug":"am-tra-su-trang-cao-cap","status":"publish","type":"product","link":"https:\/\/trarongvang.fulipage.com\/en\/product\/am-tra-su-trang-cao-cap\/","title":{"rendered":"\u1ea4M TR\u00c0 S\u1ee8 TR\u1eaeNG CAO C\u1ea4P"},"content":{"rendered":"<p>\u1ea4M TR\u00c0 S\u1ee8 TR\u1eaeNG CAO C\u1ea4P<\/p>\n<p>S\u1ef1 k\u1ebft h\u1ee3p ho\u00e0n h\u1ea3o gi\u1eefa n\u00e9t \u0111\u1eb9p t\u1ed1i gi\u1ea3n v\u00e0 c\u00f4ng n\u0103ng \u01b0u vi\u1ec7t<\/p>\n<p>N\u1ebfu b\u1ea1n \u0111ang t\u00ecm ki\u1ebfm m\u1ed9t chi\u1ebfc \u1ea5m &#8220;qu\u1ed1c d\u00e2n&#8221; c\u00f3 th\u1ec3 c\u00e2n \u0111\u01b0\u1ee3c m\u1ecdi lo\u1ea1i tr\u00e0 t\u1eeb Oolong, Tr\u00e0 Xanh \u0111\u1ebfn H\u1ed3ng tr\u00e0, th\u00ec chi\u1ebfc \u1ea4m s\u1ee9 tr\u1eafng dung t\u00edch 220ml n\u00e0y ch\u00ednh l\u00e0 l\u1ef1a ch\u1ecdn kh\u00f4ng th\u1ec3 b\u1ecf qua. V\u1edbi s\u1eafc tr\u1eafng tinh kh\u00f4i v\u00e0 thi\u1ebft k\u1ebf chu\u1ea9n m\u1ef1c, \u0111\u00e2y l\u00e0 m\u00f3n \u0111\u1ed3 kh\u00f4ng th\u1ec3 thi\u1ebfu tr\u00ean b\u00e0n tr\u00e0 c\u1ee7a nh\u1eefng ng\u01b0\u1eddi y\u00eau th\u00edch s\u1ef1 tinh t\u1ebf.<\/p>\n<p>\u0110i\u1ec3m n\u1ed5i b\u1eadt c\u1ee7a s\u1ea3n ph\u1ea9m:<br \/>\n1.Ch\u1ea5t s\u1ee9 cao c\u1ea5p, b\u1ec1n b\u1ec9: Th\u00e2n \u1ea5m c\u1ee9ng c\u00e1p, ch\u1ecbu nhi\u1ec7t t\u1ed1t v\u00e0 c\u00f3 \u0111\u1ed9 b\u00f3ng m\u1ecbn ho\u00e0n h\u1ea3o.<\/p>\n<p>2.Men s\u1ee9 tr\u1eafng tinh khi\u1ebft: L\u1edbp men tr\u1eafng kh\u00f4ng ch\u1ec9 mang l\u1ea1i v\u1ebb \u0111\u1eb9p thanh l\u1ecbch m\u00e0 c\u00f2n gi\u1eef \u0111\u01b0\u1ee3c m\u00e0u s\u1eafc ch\u00e2n th\u1ef1c c\u1ee7a n\u01b0\u1edbc tr\u00e0, gi\u00fap ng\u01b0\u1eddi th\u01b0\u1edfng tr\u00e0 d\u1ec5 d\u00e0ng quan s\u00e1t v\u00e0 \u0111\u00e1nh gi\u00e1 \u0111\u1ed9 \u0111\u1eadm nh\u1ea1t c\u1ee7a tr\u00e0.<\/p>\n<p>3.Thi\u1ebft k\u1ebf t\u1ed1i \u01b0u tr\u1ea3i nghi\u1ec7m:<\/p>\n<p>-D\u00e1ng \u1ea5m: C\u00e2n \u0111\u1ed1i, c\u1ea7m ch\u1eafc tay, gi\u00fap thao t\u00e1c r\u00f3t tr\u00e0 uy\u1ec3n chuy\u1ec3n v\u00e0 nh\u1eb9 nh\u00e0ng.<\/p>\n<p>-N\u1eafp \u1ea5m: Kh\u00edt ch\u1eb7t v\u1edbi th\u00e2n \u1ea5m, gi\u00fap gi\u1eef nhi\u1ec7t v\u00e0 l\u01b0u h\u01b0\u01a1ng tr\u00e0 l\u00e2u h\u01a1n.<\/p>\n<p>-Dung t\u00edch l\u00fd t\u01b0\u1edfng: V\u1edbi 220ml, chi\u1ebfc \u1ea5m n\u00e0y c\u1ef1c k\u1ef3 ph\u00f9 h\u1ee3p cho nh\u1eefng bu\u1ed5i tr\u00e0 \u0111\u00e0m t\u1eeb 2-4 ng\u01b0\u1eddi ho\u1eb7c d\u00e0nh cho nh\u1eefng ai th\u00edch th\u01b0\u1edfng tr\u00e0 m\u1ed9t m\u00ecnh m\u1ed9t c\u00e1ch th\u01b0 th\u00e1i.<\/p>","protected":false},"excerpt":{"rendered":"<p>M\u00f4 t\u1ea3 chung<br \/>\nCh\u1ea5t li\u1ec7u: S\u1ee9 cao c\u1ea5p, men b\u00f3ng<br \/>\nDung t\u00edch220ml<br \/>\nM\u00e0u s\u1eafc: Tr\u1eafng<br \/>\nC\u00f4ng d\u1ee5ng: Pha c\u00e1c lo\u1ea1i tr\u00e0 \u0111\u1ea1o, tr\u00e0 m\u1ed9c, tr\u00e0 hoa<br \/>\n\u0110\u1eb7c \u0111i\u1ec3m: Gi\u1eef nhi\u1ec7t t\u1ed1t, kh\u00f4ng b\u00e1m m\u00f9i, d\u1ec5 d\u00e0ng v\u1ec7 sinh<\/p>","protected":false},"featured_media":11130,"comment_status":"open","ping_status":"closed","template":"","meta":[],"product_brand":[],"product_cat":[1688],"product_tag":[],"class_list":{"0":"post-11176","1":"product","2":"type-product","3":"status-publish","4":"has-post-thumbnail","6":"product_cat-tra-cu-rieng-le-tra-cu-2","8":"first","9":"instock","10":"shipping-taxable","11":"product-type-simple"},"_links":{"self":[{"href":"https:\/\/trarongvang.fulipage.com\/en\/wp-json\/wp\/v2\/product\/11176","targetHints":{"allow":["GET"]}}],"collection":[{"href":"https:\/\/trarongvang.fulipage.com\/en\/wp-json\/wp\/v2\/product"}],"about":[{"href":"https:\/\/trarongvang.fulipage.com\/en\/wp-json\/wp\/v2\/types\/product"}],"replies":[{"embeddable":true,"href":"https:\/\/trarongvang.fulipage.com\/en\/wp-json\/wp\/v2\/comments?post=11176"}],"wp:featuredmedia":[{"embeddable":true,"href":"https:\/\/trarongvang.fulipage.com\/en\/wp-json\/wp\/v2\/media\/11130"}],"wp:attachment":[{"href":"https:\/\/trarongvang.fulipage.com\/en\/wp-json\/wp\/v2\/media?parent=11176"}],"wp:term":[{"taxonomy":"product_brand","embeddable":true,"href":"https:\/\/trarongvang.fulipage.com\/en\/wp-json\/wp\/v2\/product_brand?post=11176"},{"taxonomy":"product_cat","embeddable":true,"href":"https:\/\/trarongvang.fulipage.com\/en\/wp-json\/wp\/v2\/product_cat?post=11176"},{"taxonomy":"product_tag","embeddable":true,"href":"https:\/\/trarongvang.fulipage.com\/en\/wp-json\/wp\/v2\/product_tag?post=11176"}],"curies":[{"name":"wp","href":"https:\/\/api.w.org\/{rel}","templated":true}]}}