{"id":11177,"date":"2026-04-18T15:25:12","date_gmt":"2026-04-18T08:25:12","guid":{"rendered":"https:\/\/trarongvang.fulipage.com\/san-pham\/loc-tra-inox-cao-cap-kem-de\/"},"modified":"2026-04-18T15:25:12","modified_gmt":"2026-04-18T08:25:12","slug":"loc-tra-inox-cao-cap-kem-de","status":"publish","type":"product","link":"https:\/\/trarongvang.fulipage.com\/en\/product\/loc-tra-inox-cao-cap-kem-de\/","title":{"rendered":"L\u1eccC TR\u00c0 INOX CAO C\u1ea4P K\u00c8M \u0110\u1ebe"},"content":{"rendered":"<p>L\u1eccC TR\u00c0 INOX CAO C\u1ea4P K\u00c8M \u0110\u1ebe<\/p>\n<p>L\u1ecdc tr\u00e0 Inox cao c\u1ea5p k\u00e8m \u0111\u1ebf l\u00e0 ph\u1ee5 ki\u1ec7n kh\u00f4ng th\u1ec3 thi\u1ebfu gi\u00fap b\u1ea1n lo\u1ea1i b\u1ecf ho\u00e0n to\u00e0n nh\u1eefng v\u1ee5n tr\u00e0 nh\u1ecf nh\u1ea5t, mang l\u1ea1i m\u1ed9t ch\u00e9n tr\u00e0 kh\u00f4ng ch\u1ec9 th\u01a1m ngon m\u00e0 c\u00f2n \u0111\u1eb9p m\u1eaft v\u1ec1 ph\u1ea7n nh\u00ecn.<\/p>\n<p>\u0110i\u1ec3m n\u1ed5i b\u1eadt c\u1ee7a s\u1ea3n ph\u1ea9m:<br \/>\n1. Ch\u1ea5t li\u1ec7u Inox cao c\u1ea5p: \u0110\u01b0\u1ee3c l\u00e0m t\u1eeb th\u00e9p kh\u00f4ng g\u1ec9 chuy\u00ean d\u1ee5ng, b\u1ec1n b\u1ec9, kh\u00f4ng b\u1ecb oxy h\u00f3a v\u00e0 ho\u00e0n to\u00e0n an to\u00e0n cho s\u1ee9c kh\u1ecfe. Ch\u1ea5t li\u1ec7u n\u00e0y kh\u00f4ng l\u00e0m \u1ea3nh h\u01b0\u1edfng \u0111\u1ebfn h\u01b0\u01a1ng v\u1ecb nguy\u00ean b\u1ea3n c\u1ee7a tr\u00e0.<\/p>\n<p>2. Thi\u1ebft k\u1ebf m\u1eaft l\u01b0\u1edbi d\u00e0y v\u00e0 c\u1ef1c nh\u1ecf, gi\u00fap l\u1ecdc s\u1ea1ch c\u1eb7n tr\u00e0, l\u00e1 tr\u00e0 v\u1ee5n m\u1ed9t c\u00e1ch hi\u1ec7u qu\u1ea3, \u0111\u1ea3m b\u1ea3o n\u01b0\u1edbc tr\u00e0 khi r\u00f3t ra t\u1ed1ng lu\u00f4n trong v\u1eaft.<\/p>\n<p>3. Ph\u1ea7n c\u00e1n \u0111\u01b0\u1ee3c b\u1ecdc nh\u1ef1a c\u00e1ch nhi\u1ec7t ho\u1eb7c gia c\u00f4ng ch\u1eafc ch\u1eafn, gi\u00fap b\u1ea1n d\u1ec5 d\u00e0ng thao t\u00e1c \u0111\u1eb7t l\u00ean mi\u1ec7ng t\u1ed1ng ho\u1eb7c di chuy\u1ec3n m\u00e0 kh\u00f4ng lo b\u1ecfng hay tr\u01b0\u1ee3t tay.<\/p>\n<p>4. \u0110i k\u00e8m \u0111\u1ebf d\u1ef1ng \u0111\u1ed3ng b\u1ed9 gi\u00fap gi\u1eef cho khu v\u1ef1c b\u00e0n tr\u00e0 lu\u00f4n s\u1ea1ch s\u1ebd, kh\u00f4 r\u00e1o. Sau khi l\u1ecdc xong, b\u1ea1n ch\u1ec9 c\u1ea7n \u0111\u1eb7t l\u1ecdc l\u00ean \u0111\u1ebf m\u00e0 kh\u00f4ng lo n\u01b0\u1edbc tr\u00e0 d\u01b0 th\u1eeba lem ra khay hay kh\u0103n tr\u1ea3i b\u00e0n.<\/p>\n<p>5.V\u1ec7 sinh d\u1ec5 d\u00e0ng: B\u1ec1 m\u1eb7t inox s\u00e1ng b\u00f3ng, kh\u00f3 b\u00e1m b\u1ea9n, ch\u1ec9 c\u1ea7n r\u1eeda nh\u1eb9 d\u01b0\u1edbi v\u00f2i n\u01b0\u1edbc l\u00e0 s\u1ea1ch bong.<\/p>","protected":false},"excerpt":{"rendered":"<p>M\u00f4 t\u1ea3 chung<br \/>\nCh\u1ea5t li\u1ec7u: Inox (Th\u00e9p kh\u00f4ng g\u1ec9) cao c\u1ea5p<br \/>\nB\u1ed9 s\u1ea3n ph\u1ea9m: 01 l\u01b0\u1edbi l\u1ecdc + 01 \u0111\u1ebf d\u1ef1ng<br \/>\nKi\u1ec3u d\u00e1ng: th\u1ea9m m\u1ef9, tinh t\u1ebf, ph\u00f9 h\u1ee3p m\u1ecdi kh\u00f4ng gian tr\u00e0<br \/>\nC\u00f4ng d\u1ee5ng: L\u1ecdc c\u1eb7n tr\u00e0, gi\u1eef n\u01b0\u1edbc tr\u00e0 trong<br \/>\n\u0110\u1eb7c \u0111i\u1ec3m: l\u01b0\u1edbi m\u1ecbn, c\u00f3 c\u00e1n c\u1ea7m, d\u1ec5 v\u1ec7 sinh<\/p>","protected":false},"featured_media":11129,"comment_status":"open","ping_status":"closed","template":"","meta":[],"product_brand":[],"product_cat":[1688],"product_tag":[],"class_list":{"0":"post-11177","1":"product","2":"type-product","3":"status-publish","4":"has-post-thumbnail","6":"product_cat-tra-cu-rieng-le-tra-cu-2","8":"first","9":"instock","10":"shipping-taxable","11":"product-type-simple"},"_links":{"self":[{"href":"https:\/\/trarongvang.fulipage.com\/en\/wp-json\/wp\/v2\/product\/11177","targetHints":{"allow":["GET"]}}],"collection":[{"href":"https:\/\/trarongvang.fulipage.com\/en\/wp-json\/wp\/v2\/product"}],"about":[{"href":"https:\/\/trarongvang.fulipage.com\/en\/wp-json\/wp\/v2\/types\/product"}],"replies":[{"embeddable":true,"href":"https:\/\/trarongvang.fulipage.com\/en\/wp-json\/wp\/v2\/comments?post=11177"}],"wp:featuredmedia":[{"embeddable":true,"href":"https:\/\/trarongvang.fulipage.com\/en\/wp-json\/wp\/v2\/media\/11129"}],"wp:attachment":[{"href":"https:\/\/trarongvang.fulipage.com\/en\/wp-json\/wp\/v2\/media?parent=11177"}],"wp:term":[{"taxonomy":"product_brand","embeddable":true,"href":"https:\/\/trarongvang.fulipage.com\/en\/wp-json\/wp\/v2\/product_brand?post=11177"},{"taxonomy":"product_cat","embeddable":true,"href":"https:\/\/trarongvang.fulipage.com\/en\/wp-json\/wp\/v2\/product_cat?post=11177"},{"taxonomy":"product_tag","embeddable":true,"href":"https:\/\/trarongvang.fulipage.com\/en\/wp-json\/wp\/v2\/product_tag?post=11177"}],"curies":[{"name":"wp","href":"https:\/\/api.w.org\/{rel}","templated":true}]}}