{"id":11178,"date":"2026-04-18T15:25:12","date_gmt":"2026-04-18T08:25:12","guid":{"rendered":"https:\/\/trarongvang.fulipage.com\/san-pham\/tong-thuy-tinh-can-go\/"},"modified":"2026-04-18T15:25:12","modified_gmt":"2026-04-18T08:25:12","slug":"tong-thuy-tinh-can-go","status":"publish","type":"product","link":"https:\/\/trarongvang.fulipage.com\/en\/product\/tong-thuy-tinh-can-go\/","title":{"rendered":"T\u1ed0NG TH\u1ee6Y TINH C\u00c1N G\u1ed6"},"content":{"rendered":"<p>T\u1ed0NG TH\u1ee6Y TINH C\u00c1N G\u1ed6<\/p>\n<p>Trong m\u1ed9t bu\u1ed5i th\u01b0\u1edfng tr\u00e0, t\u1ed1ng tr\u00e0 \u0111\u00f3ng vai tr\u00f2 trung gian quan tr\u1ecdng \u0111\u1ec3 n\u01b0\u1edbc tr\u00e0 \u0111\u01b0\u1ee3c h\u00f2a quy\u1ec7n \u0111\u1ed3ng nh\u1ea5t tr\u01b0\u1edbc khi r\u00f3t ra ch\u00e9n.<\/p>\n<p>\u0110\u1eb7c \u0111i\u1ec3m n\u1ed5i b\u1eadt c\u1ee7a s\u1ea3n ph\u1ea9m:<br \/>\n1. H\u1ecda ti\u1ebft Sen V\u00e0ng (Li\u00ean Hoa) : Th\u00e2n t\u1ed1ng \u0111\u01b0\u1ee3c trang tr\u00ed b\u1eb1ng h\u00ecnh \u1ea3nh hoa sen v\u00e0ng thanh cao, bi\u1ec3u t\u01b0\u1ee3ng c\u1ee7a s\u1ef1 thu\u1ea7n khi\u1ebft. H\u1ecda ti\u1ebft n\u00e0y n\u1ed5i b\u1eadt r\u1ef1c r\u1ee1 d\u01b0\u1edbi \u00e1nh \u0111\u00e8n v\u00e0 khi c\u00f3 n\u01b0\u1edbc tr\u00e0 m\u00e0u h\u1ed5 ph\u00e1ch b\u00ean trong, t\u1ea1o n\u00ean m\u1ed9t hi\u1ec7u \u1ee9ng th\u1ecb gi\u00e1c c\u1ef1c k\u1ef3 \u1ea5n t\u01b0\u1ee3ng.<\/p>\n<p>2. Ch\u1ea5t li\u1ec7u th\u1ee7y tinh ch\u1ecbu nhi\u1ec7t cao c\u1ea5p: Th\u1ee7y tinh trong su\u1ed1t, c\u00f3 \u0111\u1ed9 tinh khi\u1ebft cao, ch\u1ecbu \u0111\u01b0\u1ee3c s\u1ef1 thay \u0111\u1ed5i nhi\u1ec7t \u0111\u1ed9 \u0111\u1ed9t ng\u1ed9t. \u0110\u1ed9 trong su\u1ed1t ho\u00e0n h\u1ea3o gi\u00fap b\u1ea1n th\u01b0\u1edfng l\u00e3m tr\u1ecdn v\u1eb9n &#8220;s\u1eafc&#8221; c\u1ee7a tr\u00e0 m\u1ed9t c\u00e1ch trung th\u1ef1c nh\u1ea5t.<\/p>\n<p>3.Thi\u1ebft k\u1ebf c\u00e1n ng\u1eafn , mang l\u1ea1i c\u1ea3m gi\u00e1c c\u1ea7m n\u1eafm ch\u1eafc ch\u1eafn, ch\u1ea5t li\u1ec7u g\u1ed7 gi\u00fap c\u00e1ch nhi\u1ec7t tuy\u1ec7t \u0111\u1ed1i, b\u1ea3o v\u1ec7 \u0111\u00f4i tay b\u1ea1n kh\u1ecfi \u0111\u1ed9 n\u00f3ng c\u1ee7a n\u01b0\u1edbc tr\u00e0.<\/p>","protected":false},"excerpt":{"rendered":"<p>M\u00f4 t\u1ea3 chung<br \/>\nCh\u1ea5t li\u1ec7u: Th\u1ee7y tinh Borosilicate ch\u1ecbu nhi\u1ec7t<br \/>\nPh\u1ee5 ki\u1ec7n: C\u00e1n g\u1ed7 t\u1ef1 nhi\u00ean c\u00e1ch nhi\u1ec7t<br \/>\nH\u1ecda ti\u1ebft: Sen v\u00e0ng (Li\u00ean Hoa)<br \/>\n\u01afu \u0111i\u1ec3m: Ch\u1ed1ng b\u1ecfng, th\u1ea9m m\u1ef9 , d\u1ec5 v\u1ec7 sinh<\/p>","protected":false},"featured_media":11126,"comment_status":"open","ping_status":"closed","template":"","meta":[],"product_brand":[],"product_cat":[1688],"product_tag":[],"class_list":{"0":"post-11178","1":"product","2":"type-product","3":"status-publish","4":"has-post-thumbnail","6":"product_cat-tra-cu-rieng-le-tra-cu-2","8":"first","9":"instock","10":"shipping-taxable","11":"product-type-simple"},"_links":{"self":[{"href":"https:\/\/trarongvang.fulipage.com\/en\/wp-json\/wp\/v2\/product\/11178","targetHints":{"allow":["GET"]}}],"collection":[{"href":"https:\/\/trarongvang.fulipage.com\/en\/wp-json\/wp\/v2\/product"}],"about":[{"href":"https:\/\/trarongvang.fulipage.com\/en\/wp-json\/wp\/v2\/types\/product"}],"replies":[{"embeddable":true,"href":"https:\/\/trarongvang.fulipage.com\/en\/wp-json\/wp\/v2\/comments?post=11178"}],"wp:featuredmedia":[{"embeddable":true,"href":"https:\/\/trarongvang.fulipage.com\/en\/wp-json\/wp\/v2\/media\/11126"}],"wp:attachment":[{"href":"https:\/\/trarongvang.fulipage.com\/en\/wp-json\/wp\/v2\/media?parent=11178"}],"wp:term":[{"taxonomy":"product_brand","embeddable":true,"href":"https:\/\/trarongvang.fulipage.com\/en\/wp-json\/wp\/v2\/product_brand?post=11178"},{"taxonomy":"product_cat","embeddable":true,"href":"https:\/\/trarongvang.fulipage.com\/en\/wp-json\/wp\/v2\/product_cat?post=11178"},{"taxonomy":"product_tag","embeddable":true,"href":"https:\/\/trarongvang.fulipage.com\/en\/wp-json\/wp\/v2\/product_tag?post=11178"}],"curies":[{"name":"wp","href":"https:\/\/api.w.org\/{rel}","templated":true}]}}