{"id":11180,"date":"2026-04-18T15:25:12","date_gmt":"2026-04-18T08:25:12","guid":{"rendered":"https:\/\/trarongvang.fulipage.com\/san-pham\/hen-tra-thuy-tinh-hoa-noi\/"},"modified":"2026-04-18T15:25:12","modified_gmt":"2026-04-18T08:25:12","slug":"hen-tra-thuy-tinh-hoa-noi","status":"publish","type":"product","link":"https:\/\/trarongvang.fulipage.com\/en\/product\/hen-tra-thuy-tinh-hoa-noi\/","title":{"rendered":"H\u00c9N TR\u00c0 TH\u1ee6Y TINH HOA N\u1ed4I"},"content":{"rendered":"<p>CH\u00c9N TR\u00c0 TH\u1ee6Y TINH HOA N\u1ed4I<\/p>\n<p>V\u1edbi thi\u1ebft k\u1ebf \u0111\u1ed9c \u0111\u00e1o c\u00f9ng h\u1ecda ti\u1ebft hoa n\u1ed5i, s\u1ea3n ph\u1ea9m mang \u0111\u1ebfn m\u1ed9t v\u1ebb \u0111\u1eb9p ki\u00eau sa v\u00e0 sang tr\u1ecdng tr\u00ean b\u00e0n tr\u00e0.<\/p>\n<p>\u0110i\u1ec3m n\u1ed5i b\u1eadt c\u1ee7a s\u1ea3n ph\u1ea9m:<br \/>\n1. H\u1ecda ti\u1ebft Hoa N\u1ed5i tinh x\u1ea3o: \u0110i\u1ec3m nh\u1ea5n \u0111\u1ed9c \u0111\u00e1o l\u00e0 h\u1ecda ti\u1ebft hoa n\u1ed5i \u0111\u01b0\u1ee3c ch\u1ebf t\u00e1c th\u1ee7 c\u00f4ng m\u1ed9t c\u00e1ch m\u1ec9 m\u01b0u, mang l\u1ea1i v\u1ebb \u0111\u1eb9p \u0111\u1eadm ch\u1ea5t ngh\u1ec7 thu\u1eadt v\u00e0 s\u1ef1 trang nh\u00e3 cho chi\u1ebfc ch\u00e9n tr\u00e0.<\/p>\n<p>2. Ch\u1ea5t li\u1ec7u th\u1ee7y tinh ch\u1ecbu nhi\u1ec7t cao c\u1ea5p: \u0110\u01b0\u1ee3c l\u00e0m t\u1eeb th\u1ee7y tinh ch\u1ecbu nhi\u1ec7t trong su\u1ed1t, c\u00f3 \u0111\u1ed9 tinh khi\u1ebft cao, gi\u00fap b\u1ea1n th\u01b0\u1edfng th\u1ee9c tr\u1ecdn v\u1eb9n s\u1eafc v\u00e0 h\u01b0\u01a1ng c\u1ee7a tr\u00e0 m\u1ed9t c\u00e1ch ch\u00e2n th\u1ef1c nh\u1ea5t<\/p>\n<p>3. Thi\u1ebft k\u1ebf t\u1ed1i \u01b0u tr\u1ea3i nghi\u1ec7m:<\/p>\n<p>-Ki\u1ec3u d\u00e1ng: C\u00e2n \u0111\u1ed1i, c\u1ea7m ch\u1eafc tay, t\u1ea1o c\u1ea3m gi\u00e1c tho\u1ea3i m\u00e1i khi th\u01b0\u1edfng tr\u00e0.<\/p>\n<p>-\u0110\u1ed9 d\u00e0y: \u0110\u1ea3m b\u1ea3o gi\u1eef nhi\u1ec7t t\u1ed1t cho tr\u00e0 v\u00e0 kh\u00f4ng lo b\u1ecfng tay khi c\u1ea7m.<\/p>\n<p>-Dung t\u00edch l\u00fd t\u01b0\u1edfng: Ph\u00f9 h\u1ee3p cho nh\u1eefng bu\u1ed5i th\u01b0\u1edfng tr\u00e0 1-2 ng\u01b0\u1eddi ho\u1eb7c d\u00e0nh cho nh\u1eefng ai th\u00edch th\u01b0\u1edfng tr\u00e0 m\u1ed9t m\u00ecnh m\u1ed9t c\u00e1ch th\u01b0 th\u00e1i.<\/p>","protected":false},"excerpt":{"rendered":"<p>M\u00f4 t\u1ea3 chung<br \/>\nCh\u1ea5t li\u1ec7u: Th\u1ee7y tinh Borosilicate ch\u1ecbu nhi\u1ec7t<br \/>\nH\u1ecda ti\u1ebft: Hoa n\u1ed5i tinh x\u1ea3o<br \/>\nC\u00f4ng d\u1ee5ng: Th\u01b0\u1edfng th\u1ee9c c\u00e1c lo\u1ea1i tr\u00e0 \u0111\u1ea1o, tr\u00e0 m\u1ed9c, tr\u00e0 hoa<br \/>\n\u01afu \u0111i\u1ec3m: Gi\u1eef nhi\u1ec7t t\u1ed1t, th\u1ea9m m\u1ef9 cao, d\u1ec5 v\u1ec7 sinh<\/p>","protected":false},"featured_media":11124,"comment_status":"open","ping_status":"closed","template":"","meta":[],"product_brand":[],"product_cat":[1688],"product_tag":[],"class_list":{"0":"post-11180","1":"product","2":"type-product","3":"status-publish","4":"has-post-thumbnail","6":"product_cat-tra-cu-rieng-le-tra-cu-2","8":"first","9":"instock","10":"shipping-taxable","11":"product-type-simple"},"_links":{"self":[{"href":"https:\/\/trarongvang.fulipage.com\/en\/wp-json\/wp\/v2\/product\/11180","targetHints":{"allow":["GET"]}}],"collection":[{"href":"https:\/\/trarongvang.fulipage.com\/en\/wp-json\/wp\/v2\/product"}],"about":[{"href":"https:\/\/trarongvang.fulipage.com\/en\/wp-json\/wp\/v2\/types\/product"}],"replies":[{"embeddable":true,"href":"https:\/\/trarongvang.fulipage.com\/en\/wp-json\/wp\/v2\/comments?post=11180"}],"wp:featuredmedia":[{"embeddable":true,"href":"https:\/\/trarongvang.fulipage.com\/en\/wp-json\/wp\/v2\/media\/11124"}],"wp:attachment":[{"href":"https:\/\/trarongvang.fulipage.com\/en\/wp-json\/wp\/v2\/media?parent=11180"}],"wp:term":[{"taxonomy":"product_brand","embeddable":true,"href":"https:\/\/trarongvang.fulipage.com\/en\/wp-json\/wp\/v2\/product_brand?post=11180"},{"taxonomy":"product_cat","embeddable":true,"href":"https:\/\/trarongvang.fulipage.com\/en\/wp-json\/wp\/v2\/product_cat?post=11180"},{"taxonomy":"product_tag","embeddable":true,"href":"https:\/\/trarongvang.fulipage.com\/en\/wp-json\/wp\/v2\/product_tag?post=11180"}],"curies":[{"name":"wp","href":"https:\/\/api.w.org\/{rel}","templated":true}]}}