{"id":11181,"date":"2026-04-18T15:25:12","date_gmt":"2026-04-18T08:25:12","guid":{"rendered":"https:\/\/trarongvang.fulipage.com\/san-pham\/chen-tra-su-hoa-tiet\/"},"modified":"2026-04-18T15:25:13","modified_gmt":"2026-04-18T08:25:13","slug":"chen-tra-su-hoa-tiet","status":"publish","type":"product","link":"https:\/\/trarongvang.fulipage.com\/en\/product\/chen-tra-su-hoa-tiet\/","title":{"rendered":"CH\u00c9N TR\u00c0 S\u1ee8 H\u1eccA TI\u1ebeT"},"content":{"rendered":"<p>CH\u00c9N TR\u00c0 S\u1ee8 H\u1eccA TI\u1ebeT<\/p>\n<p>N\u1ebfu b\u1ea1n l\u00e0 ng\u01b0\u1eddi say m\u00ea n\u00e9t \u0111\u1eb9p truy\u1ec1n th\u1ed1ng c\u1ee7a nh\u1eefng d\u00f2ng g\u1ed1m s\u1ee9 men xanh tr\u1eafng kinh \u0111i\u1ec3n,  Ch\u00e9n tr\u00e0 s\u1ee9 h\u1ecda ti\u1ebft Lam V\u00e2n ch\u00ednh l\u00e0 l\u1ef1a ch\u1ecdn \u0111\u1ec3 l\u00e0m phong ph\u00fa th\u00eam t\u00e2m h\u1ed3n b\u1ea3n tr\u00e0. M\u1ed7i chi\u1ebfc ch\u00e9n l\u00e0 m\u1ed9t b\u1ee9c h\u1ecda nh\u1ecf, k\u1ec3 c\u00e2u chuy\u1ec7n v\u1ec1 s\u1ef1 thanh tao v\u00e0 t\u0129nh t\u1ea1i.<\/p>\n<p>\u0110\u1eb7c \u0111i\u1ec3m n\u1ed5i b\u1eadt c\u1ee7a s\u1ea3n ph\u1ea9m:<br \/>\n1.  Ch\u1ea5t li\u1ec7u s\u1ee9 tr\u1eafng cao c\u1ea5p:  C\u1ed1t s\u1ee9 \u0111\u01b0\u1ee3c tuy\u1ec3n ch\u1ecdn k\u1ef9 l\u01b0\u1ee1ng, nung \u1edf nhi\u1ec7t \u0111\u1ed9 cao gi\u00fap ch\u00e9n c\u00f3 \u0111\u1ed9 b\u1ec1n v\u01b0\u1ee3t tr\u1ed9i, b\u1ec1 m\u1eb7t men \u0111anh, b\u00f3ng m\u1ecbn v\u00e0 kh\u00f4ng b\u00e1m \u1ed1 tr\u00e0.<\/p>\n<p>2.L\u1edbp men tr\u1eafng l\u00e0m n\u1ec1n ho\u00e0n h\u1ea3o \u0111\u1ec3 s\u1eafc xanh lam c\u1ee7a h\u1ecda ti\u1ebft tr\u1edf n\u00ean n\u1ed5i b\u1eadt v\u00e0 sang tr\u1ecdng.<\/p>\n<p>3. Thi\u1ebft k\u1ebf d\u00e1ng ch\u00e9n thanh tho\u00e1t:<br \/>\n&#8211; Ch\u00e9n c\u00f3 \u0111\u1ed9 m\u1edf v\u1eeba ph\u1ea3i, gi\u00fap h\u01b0\u01a1ng tr\u00e0 lan t\u1ecfa t\u1ed1t h\u01a1n v\u00e0 ng\u01b0\u1eddi th\u01b0\u1edfng tr\u00e0 d\u1ec5 d\u00e0ng quan s\u00e1t \u0111\u01b0\u1ee3c s\u1eafc n\u01b0\u1edbc.<\/p>\n<p>-V\u00e0nh mi\u1ec7ng vi\u1ec1n \u0111en tinh t\u1ebf: T\u1ea1o \u0111i\u1ec3m nh\u1ea5n c\u1ee9ng c\u00e1p, hi\u1ec7n \u0111\u1ea1i, gi\u00fap ph\u00e2n t\u00e1ch r\u00f5 r\u1ec7t kh\u00f4ng gian trong v\u00e0 ngo\u00e0i ch\u00e9n, t\u00f4n l\u00ean s\u1ef1 ch\u1ec9n chu trong ch\u1ebf t\u00e1c.<\/p>","protected":false},"excerpt":{"rendered":"<p>M\u00f4 t\u1ea3 chung<br \/>\nCh\u1ea5t li\u1ec7u: S\u1ee9 cao c\u1ea5p, men b\u00f3ng<br \/>\nH\u1ecda ti\u1ebft: Xanh lam<br \/>\nKi\u1ec3u d\u00e1ng: Ch\u00e9n tr\u00e0 \u0111\u1ea1o d\u00e1ng loa<br \/>\nC\u00f4ng d\u1ee5ng:Th\u01b0\u1edfng th\u1ee9c c\u00e1c lo\u1ea1i tr\u00e0 m\u1ed9c, tr\u00e0 \u0111\u1ea1o, tr\u00e0 hoa<br \/>\n\u01afu \u0111i\u1ec3m:Gi\u1eef nhi\u1ec7t t\u1ed1t, h\u1ecda ti\u1ebft kh\u00f4ng phai m\u00e0u, an to\u00e0n tuy\u1ec7t \u0111\u1ed1i<\/p>","protected":false},"featured_media":11128,"comment_status":"open","ping_status":"closed","template":"","meta":[],"product_brand":[],"product_cat":[1688],"product_tag":[],"class_list":{"0":"post-11181","1":"product","2":"type-product","3":"status-publish","4":"has-post-thumbnail","6":"product_cat-tra-cu-rieng-le-tra-cu-2","8":"first","9":"instock","10":"shipping-taxable","11":"product-type-simple"},"_links":{"self":[{"href":"https:\/\/trarongvang.fulipage.com\/en\/wp-json\/wp\/v2\/product\/11181","targetHints":{"allow":["GET"]}}],"collection":[{"href":"https:\/\/trarongvang.fulipage.com\/en\/wp-json\/wp\/v2\/product"}],"about":[{"href":"https:\/\/trarongvang.fulipage.com\/en\/wp-json\/wp\/v2\/types\/product"}],"replies":[{"embeddable":true,"href":"https:\/\/trarongvang.fulipage.com\/en\/wp-json\/wp\/v2\/comments?post=11181"}],"wp:featuredmedia":[{"embeddable":true,"href":"https:\/\/trarongvang.fulipage.com\/en\/wp-json\/wp\/v2\/media\/11128"}],"wp:attachment":[{"href":"https:\/\/trarongvang.fulipage.com\/en\/wp-json\/wp\/v2\/media?parent=11181"}],"wp:term":[{"taxonomy":"product_brand","embeddable":true,"href":"https:\/\/trarongvang.fulipage.com\/en\/wp-json\/wp\/v2\/product_brand?post=11181"},{"taxonomy":"product_cat","embeddable":true,"href":"https:\/\/trarongvang.fulipage.com\/en\/wp-json\/wp\/v2\/product_cat?post=11181"},{"taxonomy":"product_tag","embeddable":true,"href":"https:\/\/trarongvang.fulipage.com\/en\/wp-json\/wp\/v2\/product_tag?post=11181"}],"curies":[{"name":"wp","href":"https:\/\/api.w.org\/{rel}","templated":true}]}}