{"id":11182,"date":"2026-04-18T15:25:13","date_gmt":"2026-04-18T08:25:13","guid":{"rendered":"https:\/\/trarongvang.fulipage.com\/san-pham\/tra-oolong-tran-vi\/"},"modified":"2026-04-18T15:25:13","modified_gmt":"2026-04-18T08:25:13","slug":"tra-oolong-tran-vi","status":"publish","type":"product","link":"https:\/\/trarongvang.fulipage.com\/en\/product\/tra-oolong-tran-vi\/","title":{"rendered":"TR\u00c0 OOLONG TR\u00c2N V\u1eca"},"content":{"rendered":"<p>\u2728 Nh\u1eefng Gi\u00e1 Tr\u1ecb Tinh T\u00fay C\u1ee7a Tr\u00e2n V\u1ecb<br \/>\n-Nguy\u00ean Li\u1ec7u Tuy\u1ec3n Ch\u1ecdn: \u0110\u01b0\u1ee3c ch\u1ebf t\u00e1c t\u1eeb gi\u1ed1ng tr\u00e0 Kim Tuy\u00ean n\u1ed5i ti\u1ebfng v\u1edbi l\u00e1 tr\u00e0 d\u00e0y v\u00e0 n\u1ed9i ch\u1ea5t phong ph\u00fa, t\u1ea1o n\u00ean c\u1ed1t tr\u00e0 c\u00f3 chi\u1ec1u s\u00e2u nh\u01b0ng v\u1eabn gi\u1eef \u0111\u01b0\u1ee3c n\u00e9t thanh tho\u00e1t.<\/p>\n<p>-H\u01b0\u01a1ng Th\u01a1m Tho\u1ea3ng Nh\u1eb9: Tr\u00e2n V\u1ecb mang l\u00e0n h\u01b0\u01a1ng th\u01a1m ng\u00e1t t\u1ef1 nhi\u00ean c\u1ee7a c\u1ecf c\u00e2y, ph\u1ea3ng ph\u1ea5t ch\u00fat h\u01b0\u01a1ng hoa d\u1ea1i, mang l\u1ea1i c\u1ea3m gi\u00e1c b\u00ecnh y\u00ean ngay khi m\u1edf n\u1eafp h\u1ed9p tr\u00e0.<\/p>\n<p>-V\u1ecb Tr\u00e0 D\u1ecbu Ng\u1ecdt: N\u00e9t \u0111\u1eb7c tr\u01b0ng nh\u1ea5t c\u1ee7a Tr\u00e2n V\u1ecb l\u00e0 v\u1ecb ch\u00e1t r\u1ea5t nh\u1eb9, chuy\u1ec3n h\u00f3a nhanh th\u00e0nh h\u1eadu v\u1ecb ng\u1ecdt thanh n\u01a1i c\u1ed5 h\u1ecdng. V\u1ecb tr\u00e0 m\u01b0\u1ee3t m\u00e0, d\u1ec5 ch\u1ecbu, ph\u00f9 h\u1ee3p cho c\u1ea3 nh\u1eefng ng\u01b0\u1eddi m\u1edbi b\u1eaft \u0111\u1ea7u l\u00e0m b\u1ea1n v\u1edbi tr\u00e0.<\/p>\n<p>-S\u1eafc N\u01b0\u1edbc V\u00e0ng Xanh Trong Tr\u1ebbo: M\u00e0u n\u01b0\u1edbc v\u00e0ng xanh nh\u1ea1t, trong v\u1eaft nh\u01b0 h\u1ed5 ph\u00e1ch, ph\u1ea3n \u00e1nh quy tr\u00ecnh ch\u0103m s\u00f3c v\u00e0 ch\u1ebf bi\u1ebfn t\u1eadn t\u00e2m, tinh t\u1ebf.<\/p>\n<p>\ud83c\udf81 L\u1ef1a Ch\u1ecdn Qu\u00e0 T\u1eb7ng Tinh T\u1ebf &#038; \u00dd Ngh\u0129a<br \/>\n-Nh\u1edd \u0111\u1eb7c t\u00ednh h\u00e0i h\u00f2a v\u00e0 d\u1ec5 th\u01b0\u1edfng th\u1ee9c, Oolong Tr\u00e2n V\u1ecb l\u00e0 c\u1ea7u n\u1ed1i tuy\u1ec7t v\u1eddi cho c\u00e1c m\u1ed1i th\u00e2m giao:<\/p>\n<p>-Qu\u00e0 bi\u1ebfu Tri k\u1ef7 &#038; B\u1ea1n hi\u1ec1n: M\u1ed9t th\u1ee9c qu\u00e0 nh\u00e3 nh\u1eb7n cho nh\u1eefng cu\u1ed9c tr\u00f2 chuy\u1ec7n t\u00e2m t\u00ecnh, n\u01a1i h\u01b0\u01a1ng tr\u00e0 gi\u00fap m\u1ecdi ng\u01b0\u1eddi x\u00edch l\u1ea1i g\u1ea7n nhau h\u01a1n.<\/p>\n<p>-Qu\u00e0 t\u1eb7ng S\u1ee9c kh\u1ecfe cho Gia \u0111\u00ecnh: V\u1edbi h\u01b0\u01a1ng v\u1ecb d\u1ecbu nh\u1eb9, Tr\u00e2n V\u1ecb l\u00e0 l\u1ef1a ch\u1ecdn ch\u0103m s\u00f3c s\u1ee9c kh\u1ecfe tinh th\u1ea7n v\u00e0 th\u1ec3 ch\u1ea5t tuy\u1ec7t v\u1eddi cho ng\u01b0\u1eddi th\u00e2n m\u1ed7i ng\u00e0y.<\/p>\n<p>-Qu\u00e0 t\u1eb7ng Doanh nghi\u1ec7p nh\u00e3 nh\u1eb7n: Th\u1ec3 hi\u1ec7n s\u1ef1 tinh t\u1ebf c\u1ee7a ng\u01b0\u1eddi t\u1eb7ng, kh\u00f4ng ph\u00f4 tr\u01b0\u01a1ng nh\u01b0ng \u0111\u1ec3 l\u1ea1i \u1ea5n t\u01b0\u1ee3ng v\u1ec1 s\u1ef1 ch\u1ec9n chu v\u00e0 ch\u00e2n th\u00e0nh.<\/p>","protected":false},"excerpt":{"rendered":"<p>Tr\u00e0 Oolong Tr\u00e2n V\u1ecb l\u00e0 m\u1ed9t m\u00f3n qu\u00e0 thu\u1ea7n khi\u1ebft t\u1eeb nh\u1eefng b\u00fap tr\u00e0 Kim Tuy\u00ean tuy\u1ec3n ch\u1ecdn. Kh\u00f4ng n\u1ed3ng g\u1eaft, Tr\u00e2n V\u1ecb chinh ph\u1ee5c nh\u1eefng t\u00e2m h\u1ed3n y\u00eau tr\u00e0 b\u1eb1ng s\u1ef1 thanh nh\u00e3 v\u00e0 h\u1eadu v\u1ecb ng\u1ecdt d\u1ecbu nh\u01b0 s\u01b0\u01a1ng s\u1edbm, mang \u0111\u1ebfn m\u1ed9t tr\u1ea3i nghi\u1ec7m th\u01b0\u1edfng tr\u00e0 nh\u1eb9 t\u00eanh v\u00e0 tr\u00e0n \u0111\u1ea7y c\u1ea3m h\u1ee9ng.<\/p>","protected":false},"featured_media":11045,"comment_status":"open","ping_status":"closed","template":"","meta":[],"product_brand":[],"product_cat":[1690],"product_tag":[],"class_list":{"0":"post-11182","1":"product","2":"type-product","3":"status-publish","4":"has-post-thumbnail","6":"product_cat-qua-tang-cao-cap-qua-tang-2","8":"first","9":"instock","10":"shipping-taxable","11":"purchasable","12":"product-type-simple"},"_links":{"self":[{"href":"https:\/\/trarongvang.fulipage.com\/en\/wp-json\/wp\/v2\/product\/11182","targetHints":{"allow":["GET"]}}],"collection":[{"href":"https:\/\/trarongvang.fulipage.com\/en\/wp-json\/wp\/v2\/product"}],"about":[{"href":"https:\/\/trarongvang.fulipage.com\/en\/wp-json\/wp\/v2\/types\/product"}],"replies":[{"embeddable":true,"href":"https:\/\/trarongvang.fulipage.com\/en\/wp-json\/wp\/v2\/comments?post=11182"}],"wp:featuredmedia":[{"embeddable":true,"href":"https:\/\/trarongvang.fulipage.com\/en\/wp-json\/wp\/v2\/media\/11045"}],"wp:attachment":[{"href":"https:\/\/trarongvang.fulipage.com\/en\/wp-json\/wp\/v2\/media?parent=11182"}],"wp:term":[{"taxonomy":"product_brand","embeddable":true,"href":"https:\/\/trarongvang.fulipage.com\/en\/wp-json\/wp\/v2\/product_brand?post=11182"},{"taxonomy":"product_cat","embeddable":true,"href":"https:\/\/trarongvang.fulipage.com\/en\/wp-json\/wp\/v2\/product_cat?post=11182"},{"taxonomy":"product_tag","embeddable":true,"href":"https:\/\/trarongvang.fulipage.com\/en\/wp-json\/wp\/v2\/product_tag?post=11182"}],"curies":[{"name":"wp","href":"https:\/\/api.w.org\/{rel}","templated":true}]}}