{"id":11183,"date":"2026-04-18T15:25:13","date_gmt":"2026-04-18T08:25:13","guid":{"rendered":"https:\/\/trarongvang.fulipage.com\/san-pham\/ngoc-thien-chi-tra-2\/"},"modified":"2026-04-18T15:25:13","modified_gmt":"2026-04-18T08:25:13","slug":"ngoc-thien-chi-tra-2","status":"publish","type":"product","link":"https:\/\/trarongvang.fulipage.com\/en\/product\/ngoc-thien-chi-tra-2\/","title":{"rendered":"NG\u1eccC THI\u00caN CHI TR\u00c0"},"content":{"rendered":"<p>-H\u01b0\u01a1ng V\u1ecb \u0110\u1ed9c B\u1ea3n: S\u1edf h\u1eefu l\u00e0n h\u01b0\u01a1ng thanh cao, tho\u00e1t t\u1ee5c, Ng\u1ecdc Thi\u00ean Chi Tr\u00e0 mang \u0111\u1ebfn m\u1ed9t kh\u00f4ng gian th\u01b0\u1edfng th\u1ee9c t\u0129nh l\u1eb7ng v\u00e0 \u0111\u1ea7y chi\u00eam nghi\u1ec7m.<\/p>\n<p>-S\u1eafc N\u01b0\u1edbc Tinh Kh\u00f4i: M\u00e0u n\u01b0\u1edbc tr\u00e0 trong tr\u1ebbo, mang s\u1eafc di\u1ec7n c\u1ee7a s\u1ef1 thu\u1ea7n khi\u1ebft, minh ch\u1ee9ng cho ph\u1ea9m c\u1ea5p th\u01b0\u1ee3ng h\u1ea1ng c\u1ee7a nh\u1eefng d\u00f2ng danh tr\u00e0 qu\u00fd.<\/p>\n<p>-V\u1ecb Tr\u00e0 S\u00e2u L\u1eafng: S\u1ef1 h\u00e0i h\u00f2a tuy\u1ec7t \u0111\u1ed1i gi\u1eefa v\u1ecb ch\u00e1t thanh nh\u1eb9 v\u00e0 h\u1eadu v\u1ecb ng\u1ecdt s\u00e2u, l\u01b0u luy\u1ebfn m\u00e3i n\u01a1i v\u00f2m h\u1ecdng nh\u01b0 m\u1ed9t l\u1eddi tri \u00e2n d\u00e0i l\u00e2u.<\/p>\n<p>-Quy Tr\u00ecnh Ch\u1ebf T\u00e1c Th\u1ee7 C\u00f4ng: T\u1eebng b\u00fap tr\u00e0 \u0111\u01b0\u1ee3c n\u00e2ng niu v\u00e0 ch\u1ebf bi\u1ebfn theo quy tr\u00ecnh tinh x\u1ea3o, gi\u1eef tr\u1ecdn v\u1eb9n h\u1ed3n c\u1ed1t c\u1ee7a thi\u00ean nhi\u00ean trong t\u1eebng vi\u00ean tr\u00e0 nh\u1ecf.<\/p>\n<p>\ud83c\udf81 Bi\u1ec3u T\u01b0\u1ee3ng C\u1ee7a S\u1ef1 Tr\u00e2n Qu\u00fd<br \/>\n\u0110\u00fang nh\u01b0 t\u00ean g\u1ecdi &#8220;Ng\u1ecdc Thi\u00ean&#8221;, b\u1ed9 s\u1ea3n ph\u1ea9m \u0111\u01b0\u1ee3c \u0111\u1eb7t trong nh\u1eefng h\u1ed9p qu\u00e0 thi\u1ebft k\u1ebf tinh t\u1ebf, sang tr\u1ecdng, l\u00e0 l\u1ef1a ch\u1ecdn \u01b0u ti\u00ean cho c\u00e1c d\u1ecbp \u0111\u1eb7c bi\u1ec7t:<\/p>\n<p>-Tri \u00e2m b\u1eb1ng h\u1eefu n\u1eb7ng t\u00ecnh th\u00e2n: G\u1eedi g\u1eafm t\u00e2m \u00fd \u0111\u1ebfn nh\u1eefng ng\u01b0\u1eddi b\u1ea1n t\u00e2m giao, c\u00f9ng nhau chia s\u1ebb ch\u00e9n tr\u00e0 ngon sau nh\u1eefng ng\u00e0y th\u00e1ng b\u1eadn r\u1ed9n.<\/p>\n<p>-Ng\u1ecdc Thi\u00ean m\u1ebfn t\u1eb7ng kh\u00e1ch ph\u01b0\u01a1ng xa: M\u00f3n qu\u00e0 ngo\u1ea1i giao \u0111\u1eb3ng c\u1ea5p d\u00e0nh cho kh\u00e1ch qu\u00fd v\u00e0 \u0111\u1ed1i t\u00e1c chi\u1ebfn l\u01b0\u1ee3c, th\u1ec3 hi\u1ec7n s\u1ef1 tr\u1ecdng th\u1ecb v\u00e0 t\u1ea7m v\u00f3c c\u1ee7a ng\u01b0\u1eddi t\u1eb7ng.<\/p>\n<p>-L\u1ec5 ti\u1ebft &#038; D\u1ecbp quan tr\u1ecdng: Th\u1ee9c tr\u00e0 th\u01b0\u1ee3ng h\u1ea1ng \u0111\u1ec3 d\u00e2ng c\u00fang t\u1ed5 ti\u00ean ho\u1eb7c th\u01b0\u1edfng th\u1ee9c trong nh\u1eefng kho\u1ea3nh kh\u1eafc gia \u0111\u00ecnh \u0111o\u00e0n vi\u00ean, trang tr\u1ecdng.<\/p>","protected":false},"excerpt":{"rendered":"<p>Ng\u1ecdc Thi\u00ean Chi Tr\u00e0 kh\u00f4ng ch\u1ec9 l\u00e0 tr\u00e0, m\u00e0 l\u00e0 m\u1ed9t t\u00e1c ph\u1ea9m ngh\u1ec7 thu\u1eadt \u0111\u01b0\u1ee3c k\u1ebft tinh t\u1eeb nh\u1eefng gi\u1ed1ng tr\u00e0 qu\u00fd hi\u1ebfm nh\u1ea5t. Thu\u1ed9c b\u1ed9 s\u01b0u t\u1eadp danh tr\u00e0 gi\u1edbi h\u1ea1n, m\u1ed7i b\u00fap tr\u00e0 \u0111\u1ec1u \u0111\u01b0\u1ee3c tuy\u1ec3n ch\u1ecdn kh\u1eaft khe \u0111\u1ec3 \u0111\u1ea1t \u0111\u1ebfn s\u1ef1 ho\u00e0n m\u1ef9 v\u1ec1 H\u01b0\u01a1ng &#8211; S\u1eafc &#8211; V\u1ecb, x\u1ee9ng \u0111\u00e1ng l\u00e0 m\u00f3n qu\u00e0 tr\u00e2n qu\u00fd d\u00e0nh cho nh\u1eefng tri \u00e2n s\u00e2u s\u1eafc nh\u1ea5t.<\/p>","protected":false},"featured_media":11065,"comment_status":"open","ping_status":"closed","template":"","meta":[],"product_brand":[],"product_cat":[1691],"product_tag":[],"class_list":{"0":"post-11183","1":"product","2":"type-product","3":"status-publish","4":"has-post-thumbnail","6":"product_cat-qua-tang-pho-thong-qua-tang-2","8":"first","9":"instock","10":"shipping-taxable","11":"purchasable","12":"product-type-simple"},"_links":{"self":[{"href":"https:\/\/trarongvang.fulipage.com\/en\/wp-json\/wp\/v2\/product\/11183","targetHints":{"allow":["GET"]}}],"collection":[{"href":"https:\/\/trarongvang.fulipage.com\/en\/wp-json\/wp\/v2\/product"}],"about":[{"href":"https:\/\/trarongvang.fulipage.com\/en\/wp-json\/wp\/v2\/types\/product"}],"replies":[{"embeddable":true,"href":"https:\/\/trarongvang.fulipage.com\/en\/wp-json\/wp\/v2\/comments?post=11183"}],"wp:featuredmedia":[{"embeddable":true,"href":"https:\/\/trarongvang.fulipage.com\/en\/wp-json\/wp\/v2\/media\/11065"}],"wp:attachment":[{"href":"https:\/\/trarongvang.fulipage.com\/en\/wp-json\/wp\/v2\/media?parent=11183"}],"wp:term":[{"taxonomy":"product_brand","embeddable":true,"href":"https:\/\/trarongvang.fulipage.com\/en\/wp-json\/wp\/v2\/product_brand?post=11183"},{"taxonomy":"product_cat","embeddable":true,"href":"https:\/\/trarongvang.fulipage.com\/en\/wp-json\/wp\/v2\/product_cat?post=11183"},{"taxonomy":"product_tag","embeddable":true,"href":"https:\/\/trarongvang.fulipage.com\/en\/wp-json\/wp\/v2\/product_tag?post=11183"}],"curies":[{"name":"wp","href":"https:\/\/api.w.org\/{rel}","templated":true}]}}