{"id":11184,"date":"2026-04-18T15:25:13","date_gmt":"2026-04-18T08:25:13","guid":{"rendered":"https:\/\/trarongvang.fulipage.com\/san-pham\/set-tra-oolong-an-nhien-2\/"},"modified":"2026-04-18T15:25:13","modified_gmt":"2026-04-18T08:25:13","slug":"set-tra-oolong-an-nhien-2","status":"publish","type":"product","link":"https:\/\/trarongvang.fulipage.com\/en\/product\/set-tra-oolong-an-nhien-2\/","title":{"rendered":"SET TR\u00c0 OOLONG AN NHI\u00caN"},"content":{"rendered":"<p>-Ngu\u1ed3n G\u1ed1c: K\u1ebf th\u1eeba kinh nghi\u1ec7m canh t\u00e1c l\u00e2u \u0111\u1eddi, m\u1ed7i b\u00fap tr\u00e0 An Nhi\u00ean l\u00e0 s\u1ef1 k\u1ebft h\u1ee3p gi\u1eefa k\u1ef9 thu\u1eadt truy\u1ec1n th\u1ed1ng v\u00e0 th\u1ed5 nh\u01b0\u1ee1ng tr\u00f9 ph\u00fa c\u1ee7a L\u00e2m \u0110\u1ed3ng.<\/p>\n<p>-Quy Tr\u00ecnh An To\u00e0n: Tr\u00e0 \u0111\u01b0\u1ee3c ch\u0103m s\u00f3c theo quy tr\u00ecnh nghi\u00eam ng\u1eb7t, \u0111\u1ea3m b\u1ea3o m\u1ed7i t\u00e1ch tr\u00e0 b\u1ea1n th\u01b0\u1edfng th\u1ee9c \u0111\u1ec1u s\u1ea1ch, thu\u1ea7n khi\u1ebft v\u00e0 kh\u00f4ng d\u01b0 l\u01b0\u1ee3ng b\u1ea3o v\u1ec7 th\u1ef1c v\u1eadt.<\/p>\n<p>-D\u01b0\u1ee1ng Ch\u1ea5t D\u1ed3i D\u00e0o: Nh\u1edd qu\u00e1 tr\u00ecnh l\u00ean men b\u00e1n ph\u1ea7n \u0111\u1eb7c tr\u01b0ng, tr\u00e0 gi\u1eef l\u1ea1i tr\u1ecdn v\u1eb9n c\u00e1c vitamin v\u00e0 kho\u00e1ng ch\u1ea5t t\u1ef1 nhi\u00ean, h\u1ed7 tr\u1ee3 t\u0103ng c\u01b0\u1eddng s\u1ee9c \u0111\u1ec1 kh\u00e1ng v\u00e0 thanh l\u1ecdc c\u01a1 th\u1ec3.<\/p>\n<p>-H\u01b0\u01a1ng V\u1ecb Th\u00e2n Thu\u1ed9c: S\u1eafc n\u01b0\u1edbc v\u00e0ng xanh trong tr\u1ebbo c\u00f9ng v\u1ecb tr\u00e0 \u0111\u1eadm \u0111\u00e0, ch\u00e1t nh\u1eb9 \u0111\u1eb7c tr\u01b0ng s\u1ebd mang l\u1ea1i c\u1ea3m gi\u00e1c th\u01b0 th\u00e1i, gi\u00fap tinh th\u1ea7n lu\u00f4n t\u1ec9nh t\u00e1o v\u00e0 nh\u1eb9 nh\u00e0ng.<\/p>\n<p>\ud83c\udf81 M\u00f3n Qu\u00e0 Ph\u1ed5 Th\u00f4ng \u00dd Ngh\u0129a<br \/>\n-Oolong An Nhi\u00ean l\u00e0 l\u1ef1a ch\u1ecdn qu\u00e0 t\u1eb7ng h\u00e0i h\u00f2a, ph\u00f9 h\u1ee3p cho nhi\u1ec1u d\u1ecbp trong cu\u1ed9c s\u1ed1ng:<\/p>\n<p>-Qu\u00e0 t\u1eb7ng S\u1ee9c kh\u1ecfe cho Ng\u01b0\u1eddi th\u00e2n: Thay l\u1eddi quan t\u00e2m ch\u00e2n th\u00e0nh \u0111\u1ebfn \u00f4ng b\u00e0, cha m\u1eb9, gi\u00fap m\u1ecdi ng\u01b0\u1eddi duy tr\u00ec th\u00f3i quen u\u1ed1ng tr\u00e0 t\u1ed1t cho s\u1ee9c kh\u1ecfe m\u1ed7i ng\u00e0y.<\/p>\n<p>-Qu\u00e0 t\u1eb7ng \u0110\u1ed3ng nghi\u1ec7p &#038; B\u1ea1n b\u00e8: M\u1ed9t th\u1ee9c qu\u00e0 nh\u00e3 nh\u1eb7n, th\u1ef1c t\u1ebf \u0111\u1ec3 chia s\u1ebb c\u00f9ng nhau trong nh\u1eefng gi\u1edd ngh\u1ec9 gi\u1ea3i lao, gi\u00fap gi\u1ea3m c\u0103ng th\u1eb3ng v\u00e0 n\u1ea1p l\u1ea1i n\u0103ng l\u01b0\u1ee3ng.<\/p>\n<p>-L\u1ef1a ch\u1ecdn cho Gia \u0111\u00ecnh: D\u00f2ng tr\u00e0 ph\u00f9 h\u1ee3p \u0111\u1ec3 ti\u1ebfp kh\u00e1ch ho\u1eb7c th\u01b0\u1edfng th\u1ee9c h\u00e0ng ng\u00e0y, t\u1ea1o kh\u00f4ng gian \u1ea5m c\u00fang v\u00e0 an nhi\u00ean trong t\u1ed5 \u1ea5m c\u1ee7a b\u1ea1n.<\/p>","protected":false},"excerpt":{"rendered":"<p>Tr\u00e0 Oolong An Nhi\u00ean l\u00e0 d\u00f2ng tr\u00e0 mang \u0111\u1eadm gi\u00e1 tr\u1ecb truy\u1ec1n th\u1ed1ng, \u0111\u01b0\u1ee3c \u0111\u00fac k\u1ebft t\u1eeb nh\u1eefng gi\u1ed1ng tr\u00e0 Oolong do c\u00e1c chuy\u00ean gia \u0110\u00e0i Loan tuy\u1ec3n ch\u1ecdn v\u00e0 canh t\u00e1c t\u1ea1i v\u00f9ng \u0111\u1ea5t B\u1ea3o L\u1ed9c t\u1eeb nh\u1eefng n\u0103m 90. V\u1edbi th\u00f4ng \u0111i\u1ec7p v\u1ec1 m\u1ed9t cu\u1ed9c s\u1ed1ng b\u00ecnh an v\u00e0 kh\u1ecfe m\u1ea1nh, \u0111\u00e2y l\u00e0 m\u00f3n qu\u00e0 thi\u1ebft th\u1ef1c \u0111\u1ec3 ch\u0103m s\u00f3c tinh th\u1ea7n v\u00e0 th\u1ec3 ch\u1ea5t cho b\u1ea3n th\u00e2n c\u0169ng nh\u01b0 nh\u1eefng ng\u01b0\u1eddi th\u00e2n y\u00eau.<\/p>","protected":false},"featured_media":11072,"comment_status":"open","ping_status":"closed","template":"","meta":[],"product_brand":[],"product_cat":[1691],"product_tag":[],"class_list":{"0":"post-11184","1":"product","2":"type-product","3":"status-publish","4":"has-post-thumbnail","6":"product_cat-qua-tang-pho-thong-qua-tang-2","8":"first","9":"instock","10":"shipping-taxable","11":"purchasable","12":"product-type-simple"},"_links":{"self":[{"href":"https:\/\/trarongvang.fulipage.com\/en\/wp-json\/wp\/v2\/product\/11184","targetHints":{"allow":["GET"]}}],"collection":[{"href":"https:\/\/trarongvang.fulipage.com\/en\/wp-json\/wp\/v2\/product"}],"about":[{"href":"https:\/\/trarongvang.fulipage.com\/en\/wp-json\/wp\/v2\/types\/product"}],"replies":[{"embeddable":true,"href":"https:\/\/trarongvang.fulipage.com\/en\/wp-json\/wp\/v2\/comments?post=11184"}],"wp:featuredmedia":[{"embeddable":true,"href":"https:\/\/trarongvang.fulipage.com\/en\/wp-json\/wp\/v2\/media\/11072"}],"wp:attachment":[{"href":"https:\/\/trarongvang.fulipage.com\/en\/wp-json\/wp\/v2\/media?parent=11184"}],"wp:term":[{"taxonomy":"product_brand","embeddable":true,"href":"https:\/\/trarongvang.fulipage.com\/en\/wp-json\/wp\/v2\/product_brand?post=11184"},{"taxonomy":"product_cat","embeddable":true,"href":"https:\/\/trarongvang.fulipage.com\/en\/wp-json\/wp\/v2\/product_cat?post=11184"},{"taxonomy":"product_tag","embeddable":true,"href":"https:\/\/trarongvang.fulipage.com\/en\/wp-json\/wp\/v2\/product_tag?post=11184"}],"curies":[{"name":"wp","href":"https:\/\/api.w.org\/{rel}","templated":true}]}}