{"id":11185,"date":"2026-04-18T15:25:13","date_gmt":"2026-04-18T08:25:13","guid":{"rendered":"https:\/\/trarongvang.fulipage.com\/san-pham\/set-moc-van-tra-2\/"},"modified":"2026-04-18T15:25:13","modified_gmt":"2026-04-18T08:25:13","slug":"set-moc-van-tra-2","status":"publish","type":"product","link":"https:\/\/trarongvang.fulipage.com\/en\/product\/set-moc-van-tra-2\/","title":{"rendered":"SET M\u1ed8C V\u00c2N TR\u00c0"},"content":{"rendered":"<p>-Ngu\u1ed3n G\u1ed1c T\u1ef1 Nhi\u00ean: Tr\u00e0 \u0111\u01b0\u1ee3c thu h\u00e1i t\u1eeb nh\u1eefng \u0111\u1ed3i tr\u00e0 xanh ng\u00e1t n\u01a1i c\u00f3 kh\u00ed h\u1eadu \u00f4n h\u00f2a, \u0111\u1ea3m b\u1ea3o b\u00fap tr\u00e0 t\u01b0\u01a1i non v\u00e0 gi\u1eef \u0111\u01b0\u1ee3c n\u1ed9i ch\u1ea5t phong ph\u00fa.<\/p>\n<p>-Ch\u1ebf T\u00e1c T\u1ec9 M\u1ec9: S\u1ef1 k\u1ebft h\u1ee3p gi\u1eefa kinh nghi\u1ec7m truy\u1ec1n th\u1ed1ng v\u00e0 quy tr\u00ecnh s\u1ea3n xu\u1ea5t hi\u1ec7n \u0111\u1ea1i gi\u00fap l\u01b0u gi\u1eef tr\u1ecdn v\u1eb9n h\u01b0\u01a1ng v\u1ecb nguy\u00ean b\u1ea3n c\u1ee7a tr\u00e0 Oolong.<\/p>\n<p>-H\u01b0\u01a1ng V\u1ecb Nh\u1eb9 Nh\u00e0ng: N\u01b0\u1edbc tr\u00e0 mang s\u1eafc v\u00e0ng trong tr\u1ebbo, t\u1ecfa h\u01b0\u01a1ng th\u01a1m d\u1ecbu c\u1ee7a hoa c\u1ecf. V\u1ecb tr\u00e0 c\u00f3 \u0111\u1ed9 ch\u00e1t nh\u1eb9 d\u1ecbu, tan d\u1ea7n th\u00e0nh h\u1eadu v\u1ecb ng\u1ecdt thanh l\u1eafng \u0111\u1ecdng, t\u1ea1o c\u1ea3m gi\u00e1c th\u01b0 th\u00e1i khi th\u01b0\u1edfng th\u1ee9c.<\/p>\n<p>-G\u1ea7n G\u0169i V\u1edbi S\u1ee9c Kh\u1ecfe: M\u1ed9c V\u00e2n Tr\u00e0 ch\u1ee9a c\u00e1c d\u01b0\u1ee1ng ch\u1ea5t t\u1ef1 nhi\u00ean, gi\u00fap tinh th\u1ea7n t\u1ec9nh t\u00e1o v\u00e0 mang l\u1ea1i s\u1ef1 nh\u1eb9 nh\u00e0ng cho c\u01a1 th\u1ec3 sau nh\u1eefng gi\u1edd l\u00e0m vi\u1ec7c t\u1eadn t\u1ee5y.<\/p>\n<p>\ud83c\udf81 Th\u1ee9c Qu\u00e0 Thi\u1ebft Th\u1ef1c &#038; Ch\u00e2n Th\u00e0nh<br \/>\n-D\u00f9 n\u1eb1m trong ph\u00e2n kh\u00fac ph\u1ed5 th\u00f4ng, M\u1ed9c V\u00e2n Tr\u00e0 v\u1eabn \u0111\u01b0\u1ee3c ch\u0103m ch\u00fat ch\u1ec9n chu \u0111\u1ec3 tr\u1edf th\u00e0nh m\u00f3n qu\u00e0 \u00fd ngh\u0129a:<\/p>\n<p>-G\u1eafn k\u1ebft t\u00ecnh th\u00e2n: M\u1ed9t th\u1ee9c qu\u00e0 thi\u1ebft th\u1ef1c cho nh\u1eefng bu\u1ed5i h\u1ecdp m\u1eb7t gia \u0111\u00ecnh, n\u01a1i m\u1ecdi ng\u01b0\u1eddi c\u00f9ng nh\u00e2m nhi t\u00e1ch tr\u00e0 th\u01a1m v\u00e0 chia s\u1ebb nh\u1eefng c\u00e2u chuy\u1ec7n th\u01b0\u1eddng nh\u1eadt.<\/p>\n<p>-G\u1eedi trao b\u1ea1n b\u00e8, \u0111\u1ed3ng nghi\u1ec7p: M\u00f3n qu\u00e0 l\u1ecbch s\u1ef1, th\u1ec3 hi\u1ec7n s\u1ef1 quan t\u00e2m \u0111\u1ebfn s\u1ee9c kh\u1ecfe v\u00e0 th\u00f3i quen th\u01b0\u1edfng tr\u00e0 thanh tao c\u1ee7a ng\u01b0\u1eddi nh\u1eadn.<\/p>\n<p>-S\u1eed d\u1ee5ng h\u1eb1ng ng\u00e0y: Ph\u00f9 h\u1ee3p \u0111\u1ec3 th\u01b0\u1edfng th\u1ee9c m\u1ed7i s\u00e1ng ho\u1eb7c ti\u1ebfp kh\u00e1ch t\u1ea1i gia, mang l\u1ea1i kh\u00f4ng gian y\u00ean b\u00ecnh v\u00e0 \u1ea5m c\u00fang.<\/p>","protected":false},"excerpt":{"rendered":"<p>M\u1ed9c V\u00e2n Tr\u00e0 l\u00e0 d\u00f2ng tr\u00e0 Oolong mang b\u1ea3n s\u1eafc m\u1ed9c m\u1ea1c c\u1ee7a v\u00f9ng \u0111\u1ea5t B\u1ea3o L\u1ed9c, L\u00e2m \u0110\u1ed3ng. V\u1edbi mong mu\u1ed1n mang \u0111\u1ebfn nh\u1eefng t\u00e1ch tr\u00e0 s\u1ea1ch v\u00e0 l\u00e0nh cho cu\u1ed9c s\u1ed1ng th\u01b0\u1eddng nh\u1eadt, M\u1ed9c V\u00e2n Tr\u00e0 l\u00e0 l\u1ef1a ch\u1ecdn nh\u00e3 nh\u1eb7n, thay l\u1eddi h\u1ecfi th\u0103m ch\u00e2n th\u00e0nh g\u1eedi \u0111\u1ebfn nh\u1eefng ng\u01b0\u1eddi th\u00e2n qu\u00fd.<\/p>","protected":false},"featured_media":11112,"comment_status":"open","ping_status":"closed","template":"","meta":[],"product_brand":[],"product_cat":[1691],"product_tag":[],"class_list":{"0":"post-11185","1":"product","2":"type-product","3":"status-publish","4":"has-post-thumbnail","6":"product_cat-qua-tang-pho-thong-qua-tang-2","8":"first","9":"instock","10":"shipping-taxable","11":"purchasable","12":"product-type-simple"},"_links":{"self":[{"href":"https:\/\/trarongvang.fulipage.com\/en\/wp-json\/wp\/v2\/product\/11185","targetHints":{"allow":["GET"]}}],"collection":[{"href":"https:\/\/trarongvang.fulipage.com\/en\/wp-json\/wp\/v2\/product"}],"about":[{"href":"https:\/\/trarongvang.fulipage.com\/en\/wp-json\/wp\/v2\/types\/product"}],"replies":[{"embeddable":true,"href":"https:\/\/trarongvang.fulipage.com\/en\/wp-json\/wp\/v2\/comments?post=11185"}],"wp:featuredmedia":[{"embeddable":true,"href":"https:\/\/trarongvang.fulipage.com\/en\/wp-json\/wp\/v2\/media\/11112"}],"wp:attachment":[{"href":"https:\/\/trarongvang.fulipage.com\/en\/wp-json\/wp\/v2\/media?parent=11185"}],"wp:term":[{"taxonomy":"product_brand","embeddable":true,"href":"https:\/\/trarongvang.fulipage.com\/en\/wp-json\/wp\/v2\/product_brand?post=11185"},{"taxonomy":"product_cat","embeddable":true,"href":"https:\/\/trarongvang.fulipage.com\/en\/wp-json\/wp\/v2\/product_cat?post=11185"},{"taxonomy":"product_tag","embeddable":true,"href":"https:\/\/trarongvang.fulipage.com\/en\/wp-json\/wp\/v2\/product_tag?post=11185"}],"curies":[{"name":"wp","href":"https:\/\/api.w.org\/{rel}","templated":true}]}}