{"id":11299,"date":"2026-04-20T09:58:56","date_gmt":"2026-04-20T02:58:56","guid":{"rendered":"https:\/\/trarongvang.fulipage.com\/san-pham\/tong-thuy-tinh-luc-giac\/"},"modified":"2026-04-20T09:58:56","modified_gmt":"2026-04-20T02:58:56","slug":"tong-thuy-tinh-luc-giac","status":"publish","type":"product","link":"https:\/\/trarongvang.fulipage.com\/en\/product\/tong-thuy-tinh-luc-giac\/","title":{"rendered":"T\u1ed0NG TH\u1ee6Y TINH L\u1ee4C GI\u00c1C"},"content":{"rendered":"<p>T\u1ed0NG TH\u1ee6Y TINH L\u1ee4C GI\u00c1C <\/p>\n<p>N\u1ebfu b\u1ea1n y\u00eau th\u00edch s\u1ef1 ph\u00e1 c\u00e1ch nh\u01b0ng v\u1eabn gi\u1eef \u0111\u01b0\u1ee3c tinh th\u1ea7n tr\u00e0 \u0111\u1ea1o,  T\u1ed1ng th\u1ee7y tinh ch\u1ecbu nhi\u1ec7t l\u1ee5c gi\u00e1c ch\u00ednh l\u00e0 m\u1ea3nh gh\u00e9p c\u00f2n thi\u1ebfu cho b\u1ed9 s\u01b0u t\u1eadp c\u1ee7a b\u1ea1n. V\u1edbi thi\u1ebft k\u1ebf g\u00f3c c\u1ea1nh \u0111\u1ed9c \u0111\u00e1o c\u00f9ng h\u1ecda ti\u1ebft sen v\u00e0ng, s\u1ea3n ph\u1ea9m mang \u0111\u1ebfn m\u1ed9t tr\u1ea3i nghi\u1ec7m th\u1ecb gi\u00e1c \u0111\u1ea7y m\u1edbi m\u1ebb tr\u00ean b\u00e0n tr\u00e0.<\/p>\n<p>\u0110\u1eb7c \u0111i\u1ec3m n\u1ed5i b\u1eadt c\u1ee7a s\u1ea3n ph\u1ea9m:<br \/>\n1. D\u00e1ng l\u1ee5c gi\u00e1c \u0111\u1ed9c b\u1ea3n: Kh\u00e1c v\u1edbi nh\u1eefng m\u1eabu t\u1ed1ng tr\u00f2n truy\u1ec1n th\u1ed1ng, thi\u1ebft k\u1ebf \u0111a di\u1ec7n gi\u00fap \u00e1nh s\u00e1ng ph\u1ea3n chi\u1ebfu qua n\u01b0\u1edbc tr\u00e0 m\u1ed9t c\u00e1ch l\u1ea5p l\u00e1nh v\u00e0 sinh \u0111\u1ed9ng h\u01a1n. C\u1ea7m n\u1eafm c\u0169ng c\u1ef1c k\u1ef3 ch\u1eafc tay v\u00e0 phong c\u00e1ch.<\/p>\n<p>2. H\u1ecda ti\u1ebft Sen (Li\u00ean Hoa) tinh t\u1ebf: H\u00ecnh \u1ea3nh hoa sen \u0111\u01b0\u1ee3c v\u1ebd n\u00e9t thanh m\u1ea3nh, bay b\u1ed5ng tr\u00ean th\u00e2n t\u1ed1ng, t\u1ea1o c\u1ea3m gi\u00e1c th\u01b0 th\u00e1i v\u00e0 an nhi\u00ean m\u1ed7i khi ng\u1eafm nh\u00ecn.<\/p>\n<p>3. Ch\u1ea5t li\u1ec7u th\u1ee7y tinh Borosilicate si\u00eau b\u1ec1n: Ch\u1ecbu nhi\u1ec7t c\u1ef1c t\u1ed1t, ch\u1ed1ng s\u1ed1c nhi\u1ec7t t\u1eeb -20\u00b0C \u0111\u1ebfn 150\u00b0C.<\/p>\n<p>4. D\u1ec5 d\u00e0ng ph\u1ed1i h\u1ee3p: V\u1edbi v\u1ebb ngo\u00e0i hi\u1ec7n \u0111\u1ea1i, m\u1eabu t\u1ed1ng n\u00e0y d\u1ec5 d\u00e0ng k\u1ebft h\u1ee3p v\u1edbi c\u00e1c b\u1ed9 \u1ea5m s\u1ee9 tr\u1eafng, \u1ea5m t\u1eed sa ho\u1eb7c c\u00e1c b\u1ed9 tr\u00e0 c\u1ee5 th\u1ee7y tinh kh\u00e1c.<\/p>","protected":false},"excerpt":{"rendered":"<p>M\u00f4 t\u1ea3 chung<br \/>\nCh\u1ea5t li\u1ec7u: Th\u1ee7y tinh Borosilicate ch\u1ecbu nhi\u1ec7t cao c\u1ea5p<br \/>\nKi\u1ec3u d\u00e1ng: D\u00e1ng l\u1ee5c gi\u00e1c \u0111a di\u1ec7n hi\u1ec7n \u0111\u1ea1i<br \/>\nH\u1ecda ti\u1ebft: Sen v\u00e0ng thanh nh\u00e3<br \/>\n\u01afu \u0111i\u1ec3m: Ch\u1ecbu nhi\u1ec7t cao, m\u1ecfng nh\u1eb9 nh\u01b0ng b\u1ec1n b\u1ec9, d\u1ec5 v\u1ec7 sinh<\/p>","protected":false},"featured_media":11127,"comment_status":"open","ping_status":"closed","template":"","meta":[],"product_brand":[],"product_cat":[1688],"product_tag":[],"class_list":{"0":"post-11299","1":"product","2":"type-product","3":"status-publish","4":"has-post-thumbnail","6":"product_cat-tra-cu-rieng-le-tra-cu-2","8":"first","9":"instock","10":"shipping-taxable","11":"product-type-simple"},"_links":{"self":[{"href":"https:\/\/trarongvang.fulipage.com\/en\/wp-json\/wp\/v2\/product\/11299","targetHints":{"allow":["GET"]}}],"collection":[{"href":"https:\/\/trarongvang.fulipage.com\/en\/wp-json\/wp\/v2\/product"}],"about":[{"href":"https:\/\/trarongvang.fulipage.com\/en\/wp-json\/wp\/v2\/types\/product"}],"replies":[{"embeddable":true,"href":"https:\/\/trarongvang.fulipage.com\/en\/wp-json\/wp\/v2\/comments?post=11299"}],"wp:featuredmedia":[{"embeddable":true,"href":"https:\/\/trarongvang.fulipage.com\/en\/wp-json\/wp\/v2\/media\/11127"}],"wp:attachment":[{"href":"https:\/\/trarongvang.fulipage.com\/en\/wp-json\/wp\/v2\/media?parent=11299"}],"wp:term":[{"taxonomy":"product_brand","embeddable":true,"href":"https:\/\/trarongvang.fulipage.com\/en\/wp-json\/wp\/v2\/product_brand?post=11299"},{"taxonomy":"product_cat","embeddable":true,"href":"https:\/\/trarongvang.fulipage.com\/en\/wp-json\/wp\/v2\/product_cat?post=11299"},{"taxonomy":"product_tag","embeddable":true,"href":"https:\/\/trarongvang.fulipage.com\/en\/wp-json\/wp\/v2\/product_tag?post=11299"}],"curies":[{"name":"wp","href":"https:\/\/api.w.org\/{rel}","templated":true}]}}